{"id":90,"date":"2016-12-09T11:47:40","date_gmt":"2016-12-09T11:47:40","guid":{"rendered":"http:\/\/automovelclube.org.br\/2017\/?page_id=90"},"modified":"2019-10-24T19:27:56","modified_gmt":"2019-10-24T19:27:56","slug":"auto-escolas","status":"publish","type":"page","link":"https:\/\/automovelclube.org.br\/2017\/index.php\/auto-escolas\/","title":{"rendered":"Auto Escolas"},"content":{"rendered":"<p><strong>Centro de Forma\u00e7\u00e3o de Condutores JARDIM BRAS\u00cdLIA<\/strong><\/p>\n<p>Av. Osvaldo Valle Cordeiro, 340, Jd Brasilia, S\u00e3o Paulo- SP<\/p>\n<p>Fone: 2741-8222 \/ 2749-5642<\/p>\n<p><span style=\"color: #ff0000;\">Desconto de 10% para matr\u00edcula\u00a0<\/span><\/p>\n<hr \/>\n<p><strong>Centro de Forma\u00e7\u00e3o de Condutores PARQUE DAS \u00c1RVORES<\/strong><\/p>\n<p>Rua Maria Casusa Feitosa, 1418 &#8211; Pq das \u00c1rvores , S\u00e3o Paulo- SP<\/p>\n<p>Fone: 5971-2778 &#8211; www.aepa.com.br<\/p>\n<p><span style=\"color: #ff0000;\">Desconto de 10% para matr\u00edcula de carro ou 01 aula cortesia para matr\u00edculas efetivadas.<\/span><\/p>\n<p><strong>Auto Moto Escola Paizinho<\/strong><br \/>\nAv. Rio das Pedras, 967 &#8211; SP &#8211; Jd. Aricanduva<\/p>\n<p>Fone: 2726-7640<br \/>\n<span style=\"color: #ff0000;\">Desconto de 10% na matricula<\/span><\/p>\n<hr \/>\n<p><strong>Treinamento para habilitados &#8211; Jeferson Souza Matias &#8211; Instrutor<\/strong><br \/>\nR. Edmundo de Paula Coelho, 513 &#8211; Itaquera &#8211; S\u00e3o Paulo &#8211; SP<\/p>\n<p>Fone \u00a06242-7894<br \/>\n<span style=\"color: #ff0000;\">Descontos especiais<\/span><\/p>\n<hr \/>\n<p><strong>Auto Escolas Parque das \u00c1rvores<\/strong><br \/>\nR. Maria Cazuza Feitosa, 1418 &#8211; Pq das \u00c1rvores &#8211; S\u00e3o Paulo &#8211; SP<\/p>\n<p>Fone 5971-2778 &#8211; www.aepa.com.br<br \/>\n<span style=\"color: #ff0000;\">Desconto de 10% na m\u00e1tricula para carro ou \u00a01 aula pr\u00e1tica cortesia \u00a0para carro para matriculados<\/span><\/p>\n<hr \/>\n<p><strong>Mingo<\/strong><\/p>\n<p>Rua Azevedo Soares, 1460 &#8211; Tatuap\u00e9 &#8211; S\u00e3o Paulo-SP<\/p>\n<p>Fone: 2295-0911<br \/>\n<span style=\"color: #ff0000;\">Desconto de 10% na matricula<\/span><\/p>\n<hr \/>\n<p><strong>Paris<\/strong><br \/>\nRua Alfredo Guedes, 106 &#8211; Santana, S\u00e3o Paulo &#8211; SP<\/p>\n<p>Fone: 2221-6422 \/ 2221-1862<br \/>\n<span style=\"color: #ff0000;\">Desconto de 10%<\/span><\/p>\n<hr \/>\n<p><img data-recalc-dims=\"1\" loading=\"lazy\" decoding=\"async\" class=\"wp-image-405 alignleft\" src=\"https:\/\/i0.wp.com\/automovelclube.org.br\/2017\/wp-content\/uploads\/2016\/12\/napista.jpg?resize=307%2C166\" alt=\"\" width=\"307\" height=\"166\" srcset=\"https:\/\/i0.wp.com\/automovelclube.org.br\/2017\/wp-content\/uploads\/2016\/12\/napista.jpg?w=1181&amp;ssl=1 1181w, https:\/\/i0.wp.com\/automovelclube.org.br\/2017\/wp-content\/uploads\/2016\/12\/napista.jpg?resize=300%2C162&amp;ssl=1 300w, https:\/\/i0.wp.com\/automovelclube.org.br\/2017\/wp-content\/uploads\/2016\/12\/napista.jpg?resize=768%2C415&amp;ssl=1 768w, https:\/\/i0.wp.com\/automovelclube.org.br\/2017\/wp-content\/uploads\/2016\/12\/napista.jpg?resize=1024%2C553&amp;ssl=1 1024w\" sizes=\"auto, (max-width: 307px) 100vw, 307px\" \/><\/p>\n<p style=\"text-align: left;\"><span style=\"color: #ff0000;\">Descontos de 5% a 10% para associados ACESP<\/span><\/p>\n<p>Damos Aulas para Habilitados<\/p>\n<p>Av. Jo\u00e3o Paulo n\u00ba 1.299 &#8211; Jd. Sta Tereza &#8211; Embu das Artes &#8211; S.P.<\/p>\n<p>Fone: 4557-0823<\/p>\n<hr \/>\n<p><img data-recalc-dims=\"1\" loading=\"lazy\" decoding=\"async\" class=\"aligncenter size-full wp-image-547\" src=\"https:\/\/i0.wp.com\/automovelclube.org.br\/2017\/wp-content\/uploads\/2019\/10\/jb-ae1.jpg?resize=610%2C341\" alt=\"\" width=\"610\" height=\"341\" srcset=\"https:\/\/i0.wp.com\/automovelclube.org.br\/2017\/wp-content\/uploads\/2019\/10\/jb-ae1.jpg?w=1356&amp;ssl=1 1356w, https:\/\/i0.wp.com\/automovelclube.org.br\/2017\/wp-content\/uploads\/2019\/10\/jb-ae1.jpg?resize=300%2C168&amp;ssl=1 300w, https:\/\/i0.wp.com\/automovelclube.org.br\/2017\/wp-content\/uploads\/2019\/10\/jb-ae1.jpg?resize=768%2C429&amp;ssl=1 768w, https:\/\/i0.wp.com\/automovelclube.org.br\/2017\/wp-content\/uploads\/2019\/10\/jb-ae1.jpg?resize=1024%2C572&amp;ssl=1 1024w, https:\/\/i0.wp.com\/automovelclube.org.br\/2017\/wp-content\/uploads\/2019\/10\/jb-ae1.jpg?w=1220&amp;ssl=1 1220w\" sizes=\"auto, (max-width: 610px) 100vw, 610px\" \/><\/p>\n<p><span style=\"color: #ff0000;\">Desconto 10% para Associados<\/span><\/p>\n<hr \/>\n","protected":false},"excerpt":{"rendered":"<p>Centro de Forma\u00e7\u00e3o de Condutores JARDIM BRAS\u00cdLIA Av. Osvaldo Valle Cordeiro, 340, Jd Brasilia, S\u00e3o Paulo- SP Fone: 2741-8222 \/ 2749-5642 Desconto de 10% para matr\u00edcula\u00a0 Centro de Forma\u00e7\u00e3o de Condutores PARQUE DAS \u00c1RVORES Rua Maria Casusa Feitosa, 1418 &#8211; Pq das \u00c1rvores , S\u00e3o Paulo- SP Fone: 5971-2778 &#8211; www.aepa.com.br Desconto de 10% para [&hellip;]<\/p>\n","protected":false},"author":1,"featured_media":0,"parent":0,"menu_order":0,"comment_status":"closed","ping_status":"closed","template":"","meta":{"nf_dc_page":"","om_disable_all_campaigns":false,"footnotes":""},"class_list":["post-90","page","type-page","status-publish","hentry"],"jetpack_sharing_enabled":true,"_links":{"self":[{"href":"https:\/\/automovelclube.org.br\/2017\/index.php\/wp-json\/wp\/v2\/pages\/90","targetHints":{"allow":["GET"]}}],"collection":[{"href":"https:\/\/automovelclube.org.br\/2017\/index.php\/wp-json\/wp\/v2\/pages"}],"about":[{"href":"https:\/\/automovelclube.org.br\/2017\/index.php\/wp-json\/wp\/v2\/types\/page"}],"author":[{"embeddable":true,"href":"https:\/\/automovelclube.org.br\/2017\/index.php\/wp-json\/wp\/v2\/users\/1"}],"replies":[{"embeddable":true,"href":"https:\/\/automovelclube.org.br\/2017\/index.php\/wp-json\/wp\/v2\/comments?post=90"}],"version-history":[{"count":6,"href":"https:\/\/automovelclube.org.br\/2017\/index.php\/wp-json\/wp\/v2\/pages\/90\/revisions"}],"predecessor-version":[{"id":550,"href":"https:\/\/automovelclube.org.br\/2017\/index.php\/wp-json\/wp\/v2\/pages\/90\/revisions\/550"}],"wp:attachment":[{"href":"https:\/\/automovelclube.org.br\/2017\/index.php\/wp-json\/wp\/v2\/media?parent=90"}],"curies":[{"name":"wp","href":"https:\/\/api.w.org\/{rel}","templated":true}]}}