{"id":78,"date":"2016-11-17T23:29:51","date_gmt":"2016-11-17T23:29:51","guid":{"rendered":"http:\/\/automovelclube.org.br\/2017\/?page_id=78"},"modified":"2016-12-13T18:18:04","modified_gmt":"2016-12-13T18:18:04","slug":"convenios","status":"publish","type":"page","link":"https:\/\/automovelclube.org.br\/2017\/index.php\/convenios\/","title":{"rendered":"Conv\u00eanios"},"content":{"rendered":"<p style=\"text-align: center;\"><a href=\"http:\/\/automovelclube.org.br\/2017\/index.php\/auto-escolas\/\"><img data-recalc-dims=\"1\" loading=\"lazy\" decoding=\"async\" class=\"wp-image-39 size-thumbnail aligncenter\" src=\"https:\/\/i0.wp.com\/automovelclube.org.br\/2017\/wp-content\/uploads\/2016\/11\/servico-auto-escola-150x150.jpg?resize=150%2C150\" width=\"150\" height=\"150\" srcset=\"https:\/\/i0.wp.com\/automovelclube.org.br\/2017\/wp-content\/uploads\/2016\/11\/servico-auto-escola.jpg?resize=150%2C150&amp;ssl=1 150w, https:\/\/i0.wp.com\/automovelclube.org.br\/2017\/wp-content\/uploads\/2016\/11\/servico-auto-escola.jpg?resize=50%2C50&amp;ssl=1 50w\" sizes=\"auto, (max-width: 150px) 100vw, 150px\" \/><\/a><\/p>\n<p style=\"text-align: center;\"><a href=\"http:\/\/automovelclube.org.br\/2017\/index.php\/auto-escolas\/\">AUTO ESCOLAS<\/a><\/p>\n<hr \/>\n<p><a href=\"http:\/\/automovelclube.org.br\/2017\/index.php\/chaveiros\/\"><img data-recalc-dims=\"1\" loading=\"lazy\" decoding=\"async\" class=\"wp-image-101 size-thumbnail aligncenter\" src=\"https:\/\/i0.wp.com\/automovelclube.org.br\/2017\/wp-content\/uploads\/2016\/11\/chaveiro-150x150.jpg?resize=150%2C150\" width=\"150\" height=\"150\" srcset=\"https:\/\/i0.wp.com\/automovelclube.org.br\/2017\/wp-content\/uploads\/2016\/11\/chaveiro.jpg?resize=150%2C150&amp;ssl=1 150w, https:\/\/i0.wp.com\/automovelclube.org.br\/2017\/wp-content\/uploads\/2016\/11\/chaveiro.jpg?resize=50%2C50&amp;ssl=1 50w, https:\/\/i0.wp.com\/automovelclube.org.br\/2017\/wp-content\/uploads\/2016\/11\/chaveiro.jpg?zoom=2&amp;resize=150%2C150&amp;ssl=1 300w, https:\/\/i0.wp.com\/automovelclube.org.br\/2017\/wp-content\/uploads\/2016\/11\/chaveiro.jpg?zoom=3&amp;resize=150%2C150&amp;ssl=1 450w\" sizes=\"auto, (max-width: 150px) 100vw, 150px\" \/><\/a><\/p>\n<p style=\"text-align: center;\"><a href=\"http:\/\/automovelclube.org.br\/2017\/index.php\/chaveiros\/\">CHAVEIROS<\/a><\/p>\n<hr \/>\n<p><a href=\"http:\/\/automovelclube.org.br\/2017\/index.php\/clube-de-ferias\/\"><img data-recalc-dims=\"1\" loading=\"lazy\" decoding=\"async\" class=\"size-thumbnail wp-image-21 aligncenter\" src=\"https:\/\/i0.wp.com\/automovelclube.org.br\/2017\/wp-content\/uploads\/2016\/11\/autocenter-1-150x150.jpg?resize=150%2C150\" alt=\"clube de ferias\" width=\"150\" height=\"150\" srcset=\"https:\/\/i0.wp.com\/automovelclube.org.br\/2017\/wp-content\/uploads\/2016\/11\/autocenter-1.jpg?resize=150%2C150&amp;ssl=1 150w, https:\/\/i0.wp.com\/automovelclube.org.br\/2017\/wp-content\/uploads\/2016\/11\/autocenter-1.jpg?resize=50%2C50&amp;ssl=1 50w\" sizes=\"auto, (max-width: 150px) 100vw, 150px\" \/><\/a><\/p>\n<p style=\"text-align: center;\"><a href=\"http:\/\/automovelclube.org.br\/2017\/index.php\/clube-de-ferias\/\">CLUBE DE F\u00c9RIAS<\/a><\/p>\n<hr \/>\n<p><a href=\"http:\/\/automovelclube.org.br\/2017\/index.php\/despachantes\/\"><img data-recalc-dims=\"1\" loading=\"lazy\" decoding=\"async\" class=\"size-thumbnail wp-image-36 aligncenter\" src=\"https:\/\/i0.wp.com\/automovelclube.org.br\/2017\/wp-content\/uploads\/2016\/11\/servico-despachate-150x150.jpg?resize=150%2C150\" alt=\"servico-despachante\" width=\"150\" height=\"150\" srcset=\"https:\/\/i0.wp.com\/automovelclube.org.br\/2017\/wp-content\/uploads\/2016\/11\/servico-despachate.jpg?resize=150%2C150&amp;ssl=1 150w, https:\/\/i0.wp.com\/automovelclube.org.br\/2017\/wp-content\/uploads\/2016\/11\/servico-despachate.jpg?resize=50%2C50&amp;ssl=1 50w\" sizes=\"auto, (max-width: 150px) 100vw, 150px\" \/><\/a><\/p>\n<p style=\"text-align: center;\"><a href=\"http:\/\/automovelclube.org.br\/2017\/index.php\/despachantes\/\">DESPACHANTES<\/a><\/p>\n<hr \/>\n<p><a href=\"http:\/\/automovelclube.org.br\/2017\/index.php\/lazer\/\"><img data-recalc-dims=\"1\" loading=\"lazy\" decoding=\"async\" class=\"size-thumbnail wp-image-24 aligncenter\" src=\"https:\/\/i0.wp.com\/automovelclube.org.br\/2017\/wp-content\/uploads\/2016\/11\/clubdeferias-1-150x150.jpg?resize=150%2C150\" alt=\"Lazer\" width=\"150\" height=\"150\" srcset=\"https:\/\/i0.wp.com\/automovelclube.org.br\/2017\/wp-content\/uploads\/2016\/11\/clubdeferias-1.jpg?resize=150%2C150&amp;ssl=1 150w, https:\/\/i0.wp.com\/automovelclube.org.br\/2017\/wp-content\/uploads\/2016\/11\/clubdeferias-1.jpg?resize=50%2C50&amp;ssl=1 50w, https:\/\/i0.wp.com\/automovelclube.org.br\/2017\/wp-content\/uploads\/2016\/11\/clubdeferias-1.jpg?zoom=2&amp;resize=150%2C150&amp;ssl=1 300w, https:\/\/i0.wp.com\/automovelclube.org.br\/2017\/wp-content\/uploads\/2016\/11\/clubdeferias-1.jpg?zoom=3&amp;resize=150%2C150&amp;ssl=1 450w\" sizes=\"auto, (max-width: 150px) 100vw, 150px\" \/><\/a><\/p>\n<p style=\"text-align: center;\"><a href=\"http:\/\/automovelclube.org.br\/2017\/index.php\/lazer\/\">LAZER<\/a><\/p>\n<hr \/>\n<p><a href=\"http:\/\/automovelclube.org.br\/2017\/index.php\/postos-de-gasolina\/\"><img data-recalc-dims=\"1\" loading=\"lazy\" decoding=\"async\" class=\"size-thumbnail wp-image-103 aligncenter\" src=\"https:\/\/i0.wp.com\/automovelclube.org.br\/2017\/wp-content\/uploads\/2016\/11\/postos-de-gasolinas-150x150.jpg?resize=150%2C150\" alt=\"postos-de-gasolinas\" width=\"150\" height=\"150\" srcset=\"https:\/\/i0.wp.com\/automovelclube.org.br\/2017\/wp-content\/uploads\/2016\/11\/postos-de-gasolinas.jpg?resize=150%2C150&amp;ssl=1 150w, https:\/\/i0.wp.com\/automovelclube.org.br\/2017\/wp-content\/uploads\/2016\/11\/postos-de-gasolinas.jpg?resize=50%2C50&amp;ssl=1 50w, https:\/\/i0.wp.com\/automovelclube.org.br\/2017\/wp-content\/uploads\/2016\/11\/postos-de-gasolinas.jpg?zoom=2&amp;resize=150%2C150&amp;ssl=1 300w, https:\/\/i0.wp.com\/automovelclube.org.br\/2017\/wp-content\/uploads\/2016\/11\/postos-de-gasolinas.jpg?zoom=3&amp;resize=150%2C150&amp;ssl=1 450w\" sizes=\"auto, (max-width: 150px) 100vw, 150px\" \/><\/a><\/p>\n<p style=\"text-align: center;\"><a href=\"http:\/\/automovelclube.org.br\/2017\/index.php\/postos-de-gasolina\/\">POSTOS DE GASOLINAS<\/a><\/p>\n<hr \/>\n<p><a href=\"http:\/\/automovelclube.org.br\/2017\/index.php\/saude\/\"><img data-recalc-dims=\"1\" loading=\"lazy\" decoding=\"async\" class=\"size-thumbnail wp-image-110 aligncenter\" src=\"https:\/\/i0.wp.com\/automovelclube.org.br\/2017\/wp-content\/uploads\/2016\/11\/saude-150x150.jpg?resize=150%2C150\" alt=\"SAUDE\" width=\"150\" height=\"150\" srcset=\"https:\/\/i0.wp.com\/automovelclube.org.br\/2017\/wp-content\/uploads\/2016\/11\/saude.jpg?resize=150%2C150&amp;ssl=1 150w, https:\/\/i0.wp.com\/automovelclube.org.br\/2017\/wp-content\/uploads\/2016\/11\/saude.jpg?resize=50%2C50&amp;ssl=1 50w, https:\/\/i0.wp.com\/automovelclube.org.br\/2017\/wp-content\/uploads\/2016\/11\/saude.jpg?zoom=2&amp;resize=150%2C150&amp;ssl=1 300w, https:\/\/i0.wp.com\/automovelclube.org.br\/2017\/wp-content\/uploads\/2016\/11\/saude.jpg?zoom=3&amp;resize=150%2C150&amp;ssl=1 450w\" sizes=\"auto, (max-width: 150px) 100vw, 150px\" \/><\/a><\/p>\n<p style=\"text-align: center;\"><a href=\"http:\/\/automovelclube.org.br\/2017\/index.php\/saude\/\">SA\u00daDE<\/a><\/p>\n<hr \/>\n<p><a href=\"http:\/\/automovelclube.org.br\/2017\/index.php\/servicos-automotivos\/\"><img data-recalc-dims=\"1\" loading=\"lazy\" decoding=\"async\" class=\"size-thumbnail wp-image-113 aligncenter\" src=\"https:\/\/i0.wp.com\/automovelclube.org.br\/2017\/wp-content\/uploads\/2016\/11\/SERVICOS-AUTOMOTIVOS-150x150.jpg?resize=150%2C150\" alt=\"SERVICOS-AUTOMOTIVOS\" width=\"150\" height=\"150\" srcset=\"https:\/\/i0.wp.com\/automovelclube.org.br\/2017\/wp-content\/uploads\/2016\/11\/SERVICOS-AUTOMOTIVOS.jpg?resize=150%2C150&amp;ssl=1 150w, https:\/\/i0.wp.com\/automovelclube.org.br\/2017\/wp-content\/uploads\/2016\/11\/SERVICOS-AUTOMOTIVOS.jpg?resize=50%2C50&amp;ssl=1 50w\" sizes=\"auto, (max-width: 150px) 100vw, 150px\" \/><\/a><\/p>\n<p style=\"text-align: center;\"><a href=\"http:\/\/automovelclube.org.br\/2017\/index.php\/servicos-automotivos\/\">SERVI\u00c7OS AUTOMOTIVOS<\/a><\/p>\n<hr \/>\n<p style=\"text-align: center;\"><img data-recalc-dims=\"1\" loading=\"lazy\" decoding=\"async\" class=\"aligncenter size-thumbnail wp-image-315\" src=\"https:\/\/i0.wp.com\/automovelclube.org.br\/2017\/wp-content\/uploads\/2016\/11\/engrenagem-150x150.jpg?resize=150%2C150\" alt=\"\" width=\"150\" height=\"150\" srcset=\"https:\/\/i0.wp.com\/automovelclube.org.br\/2017\/wp-content\/uploads\/2016\/11\/engrenagem.jpg?resize=150%2C150&amp;ssl=1 150w, https:\/\/i0.wp.com\/automovelclube.org.br\/2017\/wp-content\/uploads\/2016\/11\/engrenagem.jpg?resize=50%2C50&amp;ssl=1 50w, https:\/\/i0.wp.com\/automovelclube.org.br\/2017\/wp-content\/uploads\/2016\/11\/engrenagem.jpg?zoom=2&amp;resize=150%2C150&amp;ssl=1 300w, https:\/\/i0.wp.com\/automovelclube.org.br\/2017\/wp-content\/uploads\/2016\/11\/engrenagem.jpg?zoom=3&amp;resize=150%2C150&amp;ssl=1 450w\" sizes=\"auto, (max-width: 150px) 100vw, 150px\" \/><\/p>\n<p style=\"text-align: center;\"><a href=\"http:\/\/automovelclube.org.br\/2017\/index.php\/outros-2\/\">OUTROS<\/a><\/p>\n","protected":false},"excerpt":{"rendered":"<p>AUTO ESCOLAS CHAVEIROS CLUBE DE F\u00c9RIAS DESPACHANTES LAZER POSTOS DE GASOLINAS SA\u00daDE SERVI\u00c7OS AUTOMOTIVOS OUTROS<\/p>\n","protected":false},"author":1,"featured_media":0,"parent":0,"menu_order":0,"comment_status":"closed","ping_status":"closed","template":"","meta":{"nf_dc_page":"","om_disable_all_campaigns":false,"footnotes":""},"class_list":["post-78","page","type-page","status-publish","hentry"],"jetpack_sharing_enabled":true,"_links":{"self":[{"href":"https:\/\/automovelclube.org.br\/2017\/index.php\/wp-json\/wp\/v2\/pages\/78","targetHints":{"allow":["GET"]}}],"collection":[{"href":"https:\/\/automovelclube.org.br\/2017\/index.php\/wp-json\/wp\/v2\/pages"}],"about":[{"href":"https:\/\/automovelclube.org.br\/2017\/index.php\/wp-json\/wp\/v2\/types\/page"}],"author":[{"embeddable":true,"href":"https:\/\/automovelclube.org.br\/2017\/index.php\/wp-json\/wp\/v2\/users\/1"}],"replies":[{"embeddable":true,"href":"https:\/\/automovelclube.org.br\/2017\/index.php\/wp-json\/wp\/v2\/comments?post=78"}],"version-history":[{"count":17,"href":"https:\/\/automovelclube.org.br\/2017\/index.php\/wp-json\/wp\/v2\/pages\/78\/revisions"}],"predecessor-version":[{"id":414,"href":"https:\/\/automovelclube.org.br\/2017\/index.php\/wp-json\/wp\/v2\/pages\/78\/revisions\/414"}],"wp:attachment":[{"href":"https:\/\/automovelclube.org.br\/2017\/index.php\/wp-json\/wp\/v2\/media?parent=78"}],"curies":[{"name":"wp","href":"https:\/\/api.w.org\/{rel}","templated":true}]}}