{"id":474,"date":"2018-11-09T10:41:49","date_gmt":"2018-11-09T10:41:49","guid":{"rendered":"http:\/\/automovelclube.org.br\/2017\/?page_id=474"},"modified":"2018-11-09T16:09:04","modified_gmt":"2018-11-09T16:09:04","slug":"vistorias-automotivas","status":"publish","type":"page","link":"https:\/\/automovelclube.org.br\/2017\/index.php\/vistorias-automotivas\/","title":{"rendered":"Vistoria Automotiva"},"content":{"rendered":"<p><img data-recalc-dims=\"1\" loading=\"lazy\" decoding=\"async\" class=\"aligncenter size-full wp-image-483\" src=\"https:\/\/i0.wp.com\/automovelclube.org.br\/2017\/wp-content\/uploads\/2018\/11\/visao004.jpg?resize=610%2C465\" alt=\"\" width=\"610\" height=\"465\" srcset=\"https:\/\/i0.wp.com\/automovelclube.org.br\/2017\/wp-content\/uploads\/2018\/11\/visao004.jpg?w=2304&amp;ssl=1 2304w, https:\/\/i0.wp.com\/automovelclube.org.br\/2017\/wp-content\/uploads\/2018\/11\/visao004.jpg?resize=300%2C229&amp;ssl=1 300w, https:\/\/i0.wp.com\/automovelclube.org.br\/2017\/wp-content\/uploads\/2018\/11\/visao004.jpg?resize=768%2C586&amp;ssl=1 768w, https:\/\/i0.wp.com\/automovelclube.org.br\/2017\/wp-content\/uploads\/2018\/11\/visao004.jpg?resize=1024%2C781&amp;ssl=1 1024w, https:\/\/i0.wp.com\/automovelclube.org.br\/2017\/wp-content\/uploads\/2018\/11\/visao004.jpg?w=1220&amp;ssl=1 1220w, https:\/\/i0.wp.com\/automovelclube.org.br\/2017\/wp-content\/uploads\/2018\/11\/visao004.jpg?w=1830&amp;ssl=1 1830w\" sizes=\"auto, (max-width: 610px) 100vw, 610px\" \/><\/p>\n<p><span style=\"color: #ff0000;\">Benef\u00edcios de 20 % ( Vinte por cento ) de desconto nas vistorias de identifica\u00e7\u00e3o veicular e vistoria cautelar, mediante tabela vigente.<\/span><\/p>\n<hr \/>\n<p>&nbsp;<\/p>\n","protected":false},"excerpt":{"rendered":"<p>Benef\u00edcios de 20 % ( Vinte por cento ) de desconto nas vistorias de identifica\u00e7\u00e3o veicular e vistoria cautelar, mediante tabela vigente. &nbsp;<\/p>\n","protected":false},"author":1,"featured_media":0,"parent":0,"menu_order":0,"comment_status":"closed","ping_status":"closed","template":"","meta":{"nf_dc_page":"","om_disable_all_campaigns":false,"footnotes":""},"class_list":["post-474","page","type-page","status-publish","hentry"],"jetpack_sharing_enabled":true,"_links":{"self":[{"href":"https:\/\/automovelclube.org.br\/2017\/index.php\/wp-json\/wp\/v2\/pages\/474","targetHints":{"allow":["GET"]}}],"collection":[{"href":"https:\/\/automovelclube.org.br\/2017\/index.php\/wp-json\/wp\/v2\/pages"}],"about":[{"href":"https:\/\/automovelclube.org.br\/2017\/index.php\/wp-json\/wp\/v2\/types\/page"}],"author":[{"embeddable":true,"href":"https:\/\/automovelclube.org.br\/2017\/index.php\/wp-json\/wp\/v2\/users\/1"}],"replies":[{"embeddable":true,"href":"https:\/\/automovelclube.org.br\/2017\/index.php\/wp-json\/wp\/v2\/comments?post=474"}],"version-history":[{"count":5,"href":"https:\/\/automovelclube.org.br\/2017\/index.php\/wp-json\/wp\/v2\/pages\/474\/revisions"}],"predecessor-version":[{"id":484,"href":"https:\/\/automovelclube.org.br\/2017\/index.php\/wp-json\/wp\/v2\/pages\/474\/revisions\/484"}],"wp:attachment":[{"href":"https:\/\/automovelclube.org.br\/2017\/index.php\/wp-json\/wp\/v2\/media?parent=474"}],"curies":[{"name":"wp","href":"https:\/\/api.w.org\/{rel}","templated":true}]}}