{"id":46,"date":"2016-11-17T21:58:45","date_gmt":"2016-11-17T21:58:45","guid":{"rendered":"http:\/\/automovelclube.org.br\/2017\/?page_id=46"},"modified":"2019-06-07T20:16:33","modified_gmt":"2019-06-07T20:16:33","slug":"adesao","status":"publish","type":"page","link":"https:\/\/automovelclube.org.br\/2017\/index.php\/adesao\/","title":{"rendered":"Ades\u00e3o"},"content":{"rendered":"<p><img data-recalc-dims=\"1\" loading=\"lazy\" decoding=\"async\" class=\"size-medium wp-image-47 aligncenter\" src=\"https:\/\/i0.wp.com\/automovelclube.org.br\/2017\/wp-content\/uploads\/2016\/11\/adesao-300x167.jpg?resize=300%2C167\" alt=\"adesao\" width=\"300\" height=\"167\" srcset=\"https:\/\/i0.wp.com\/automovelclube.org.br\/2017\/wp-content\/uploads\/2016\/11\/adesao.jpg?resize=300%2C167&amp;ssl=1 300w, https:\/\/i0.wp.com\/automovelclube.org.br\/2017\/wp-content\/uploads\/2016\/11\/adesao.jpg?w=720&amp;ssl=1 720w\" sizes=\"auto, (max-width: 300px) 100vw, 300px\" \/><\/p>\n<p style=\"text-align: center;\">Garanta sua tranquilidade sendo s\u00f3cio do <strong>ACESP<\/strong> e leve vantagens com nossos servi\u00e7os.<br \/>\nN\u00e3o vendemos t\u00edtulos, nem cobramos taxa de Manuten\u00e7\u00e3o, apenas <strong>Anuidade<\/strong>.<br \/>\nNossa Ades\u00e3o n\u00e3o \u00e9 permanente ou vital\u00edcia, sendo poss\u00edvel sua transfer\u00eancia a qualquer momento sem despesas.<\/p>\n<p style=\"text-align: center;\">N\u00e3o ser\u00e1 aceito\u00a0para ades\u00e3o de associado e cadastro, ve\u00edculos ACIMA de 1.800 Kg e com rodagem dupla na traseira.exemplo: Marcopolo Volare, Fiat Iveco, etc.<\/p>\n<p style=\"text-align: center;\"><strong><a href=\"http:\/\/automovelclube.org.br\/2017\/index.php\/regulamento-interno\/\">Leia aqui o Regulamento interno, antes de fazer sua ades\u00e3o<\/a>\u00a0!<\/strong><\/p>\n<hr \/>\n<p style=\"text-align: center;\"><strong>Ades\u00e3o para 1 ve\u00edculo, <a href=\"http:\/\/automovelclube.org.br\/2017\/index.php\/adesao-1-veiculos\/\">clique aqui<\/a><\/strong> :<\/p>\n<p style=\"text-align: center;\">\n<hr \/>\n<p style=\"text-align: center;\"><strong>Ades\u00e3o para 2 ve\u00edculos, <a href=\"http:\/\/automovelclube.org.br\/2017\/index.php\/adesao-de-2-veiculos\/\">clique aqui<\/a> :<\/strong><\/p>\n<p style=\"text-align: center;\">\n","protected":false},"excerpt":{"rendered":"<p>Garanta sua tranquilidade sendo s\u00f3cio do ACESP e leve vantagens com nossos servi\u00e7os. N\u00e3o vendemos t\u00edtulos, nem cobramos taxa de Manuten\u00e7\u00e3o, apenas Anuidade. Nossa Ades\u00e3o n\u00e3o \u00e9 permanente ou vital\u00edcia, sendo poss\u00edvel sua transfer\u00eancia a qualquer momento sem despesas. N\u00e3o ser\u00e1 aceito\u00a0para ades\u00e3o de associado e cadastro, ve\u00edculos ACIMA de 1.800 Kg e com rodagem [&hellip;]<\/p>\n","protected":false},"author":1,"featured_media":0,"parent":0,"menu_order":0,"comment_status":"closed","ping_status":"closed","template":"","meta":{"nf_dc_page":"","om_disable_all_campaigns":false,"footnotes":""},"class_list":["post-46","page","type-page","status-publish","hentry"],"jetpack_sharing_enabled":true,"_links":{"self":[{"href":"https:\/\/automovelclube.org.br\/2017\/index.php\/wp-json\/wp\/v2\/pages\/46","targetHints":{"allow":["GET"]}}],"collection":[{"href":"https:\/\/automovelclube.org.br\/2017\/index.php\/wp-json\/wp\/v2\/pages"}],"about":[{"href":"https:\/\/automovelclube.org.br\/2017\/index.php\/wp-json\/wp\/v2\/types\/page"}],"author":[{"embeddable":true,"href":"https:\/\/automovelclube.org.br\/2017\/index.php\/wp-json\/wp\/v2\/users\/1"}],"replies":[{"embeddable":true,"href":"https:\/\/automovelclube.org.br\/2017\/index.php\/wp-json\/wp\/v2\/comments?post=46"}],"version-history":[{"count":6,"href":"https:\/\/automovelclube.org.br\/2017\/index.php\/wp-json\/wp\/v2\/pages\/46\/revisions"}],"predecessor-version":[{"id":524,"href":"https:\/\/automovelclube.org.br\/2017\/index.php\/wp-json\/wp\/v2\/pages\/46\/revisions\/524"}],"wp:attachment":[{"href":"https:\/\/automovelclube.org.br\/2017\/index.php\/wp-json\/wp\/v2\/media?parent=46"}],"curies":[{"name":"wp","href":"https:\/\/api.w.org\/{rel}","templated":true}]}}