{"id":294,"date":"2016-12-09T17:01:41","date_gmt":"2016-12-09T17:01:41","guid":{"rendered":"http:\/\/automovelclube.org.br\/2017\/?page_id=294"},"modified":"2016-12-09T17:01:41","modified_gmt":"2016-12-09T17:01:41","slug":"vidracaria","status":"publish","type":"page","link":"https:\/\/automovelclube.org.br\/2017\/index.php\/vidracaria\/","title":{"rendered":"Vidra\u00e7aria"},"content":{"rendered":"<p><strong>Vidra\u00e7aria Ara\u00fajo Melo<\/strong><br \/>\nAv Canga\u00edba, 2252 &#8211; S\u00e3o Paulo &#8211; SP<\/p>\n<p>Fone: 2867-4143 &#8211; 3536-1393<br \/>\n<span style=\"color: #ff0000;\">Tudo em 3x com 10% desconto<\/span><\/p>\n","protected":false},"excerpt":{"rendered":"<p>Vidra\u00e7aria Ara\u00fajo Melo Av Canga\u00edba, 2252 &#8211; S\u00e3o Paulo &#8211; SP Fone: 2867-4143 &#8211; 3536-1393 Tudo em 3x com 10% desconto<\/p>\n","protected":false},"author":1,"featured_media":0,"parent":0,"menu_order":0,"comment_status":"closed","ping_status":"closed","template":"","meta":{"nf_dc_page":"","om_disable_all_campaigns":false,"footnotes":""},"class_list":["post-294","page","type-page","status-publish","hentry"],"jetpack_sharing_enabled":true,"_links":{"self":[{"href":"https:\/\/automovelclube.org.br\/2017\/index.php\/wp-json\/wp\/v2\/pages\/294","targetHints":{"allow":["GET"]}}],"collection":[{"href":"https:\/\/automovelclube.org.br\/2017\/index.php\/wp-json\/wp\/v2\/pages"}],"about":[{"href":"https:\/\/automovelclube.org.br\/2017\/index.php\/wp-json\/wp\/v2\/types\/page"}],"author":[{"embeddable":true,"href":"https:\/\/automovelclube.org.br\/2017\/index.php\/wp-json\/wp\/v2\/users\/1"}],"replies":[{"embeddable":true,"href":"https:\/\/automovelclube.org.br\/2017\/index.php\/wp-json\/wp\/v2\/comments?post=294"}],"version-history":[{"count":1,"href":"https:\/\/automovelclube.org.br\/2017\/index.php\/wp-json\/wp\/v2\/pages\/294\/revisions"}],"predecessor-version":[{"id":296,"href":"https:\/\/automovelclube.org.br\/2017\/index.php\/wp-json\/wp\/v2\/pages\/294\/revisions\/296"}],"wp:attachment":[{"href":"https:\/\/automovelclube.org.br\/2017\/index.php\/wp-json\/wp\/v2\/media?parent=294"}],"curies":[{"name":"wp","href":"https:\/\/api.w.org\/{rel}","templated":true}]}}