{"id":291,"date":"2016-12-09T17:00:31","date_gmt":"2016-12-09T17:00:31","guid":{"rendered":"http:\/\/automovelclube.org.br\/2017\/?page_id=291"},"modified":"2021-01-19T21:11:25","modified_gmt":"2021-01-19T21:11:25","slug":"taxi","status":"publish","type":"page","link":"https:\/\/automovelclube.org.br\/2017\/index.php\/taxi\/","title":{"rendered":"Taxi"},"content":{"rendered":"<p>\u00a0<\/p>\n<p>MARCELO TAXI<\/p>\n<p>Fa\u00e7a as suas viagens com hor\u00e1rio agendado, conforto, seguran\u00e7a e valores honestos.\u00a0<\/p>\n<p>(11) 9 7559-7630\u00a0 ou (11) 9 7623-5552 &#8212;&#8211; 24 Horas<\/p>\n<p><span style=\"color: #ff0000;\">Isen\u00e7\u00e3o nas taxas de chamada e agendamento, valor vari\u00e1vel conf. legisla\u00e7\u00e3o vigente, apresente sua carteirinha de associado ACESP e ganhe descontos.<\/span><\/p>\n<hr \/>\n\n\n<p><\/p>\n","protected":false},"excerpt":{"rendered":"<p>\u00a0 MARCELO TAXI Fa\u00e7a as suas viagens com hor\u00e1rio agendado, conforto, seguran\u00e7a e valores honestos.\u00a0 (11) 9 7559-7630\u00a0 ou (11) 9 7623-5552 &#8212;&#8211; 24 Horas Isen\u00e7\u00e3o nas taxas de chamada e agendamento, valor vari\u00e1vel conf. legisla\u00e7\u00e3o vigente, apresente sua carteirinha de associado ACESP e ganhe descontos.<\/p>\n","protected":false},"author":1,"featured_media":0,"parent":0,"menu_order":0,"comment_status":"closed","ping_status":"closed","template":"","meta":{"nf_dc_page":"","om_disable_all_campaigns":false,"footnotes":""},"class_list":["post-291","page","type-page","status-publish","hentry"],"jetpack_sharing_enabled":true,"_links":{"self":[{"href":"https:\/\/automovelclube.org.br\/2017\/index.php\/wp-json\/wp\/v2\/pages\/291","targetHints":{"allow":["GET"]}}],"collection":[{"href":"https:\/\/automovelclube.org.br\/2017\/index.php\/wp-json\/wp\/v2\/pages"}],"about":[{"href":"https:\/\/automovelclube.org.br\/2017\/index.php\/wp-json\/wp\/v2\/types\/page"}],"author":[{"embeddable":true,"href":"https:\/\/automovelclube.org.br\/2017\/index.php\/wp-json\/wp\/v2\/users\/1"}],"replies":[{"embeddable":true,"href":"https:\/\/automovelclube.org.br\/2017\/index.php\/wp-json\/wp\/v2\/comments?post=291"}],"version-history":[{"count":4,"href":"https:\/\/automovelclube.org.br\/2017\/index.php\/wp-json\/wp\/v2\/pages\/291\/revisions"}],"predecessor-version":[{"id":599,"href":"https:\/\/automovelclube.org.br\/2017\/index.php\/wp-json\/wp\/v2\/pages\/291\/revisions\/599"}],"wp:attachment":[{"href":"https:\/\/automovelclube.org.br\/2017\/index.php\/wp-json\/wp\/v2\/media?parent=291"}],"curies":[{"name":"wp","href":"https:\/\/api.w.org\/{rel}","templated":true}]}}