{"id":280,"date":"2016-12-09T16:51:48","date_gmt":"2016-12-09T16:51:48","guid":{"rendered":"http:\/\/automovelclube.org.br\/2017\/?page_id=280"},"modified":"2016-12-09T16:51:48","modified_gmt":"2016-12-09T16:51:48","slug":"materiais-de-contrucao","status":"publish","type":"page","link":"https:\/\/automovelclube.org.br\/2017\/index.php\/materiais-de-contrucao\/","title":{"rendered":"Materiais de Contru\u00e7\u00e3o"},"content":{"rendered":"<p><strong>Casa Mil Mat para Constru\u00e7\u00e3o<\/strong><br \/>\nRua Cerro Cor\u00e1, 695- Lapa<\/p>\n<p>Tel: 3021-5025<br \/>\n<span style=\"color: #ff0000;\">Desconto de 5%- a vista<\/span><\/p>\n<hr \/>\n<p>&nbsp;<\/p>\n","protected":false},"excerpt":{"rendered":"<p>Casa Mil Mat para Constru\u00e7\u00e3o Rua Cerro Cor\u00e1, 695- Lapa Tel: 3021-5025 Desconto de 5%- a vista &nbsp;<\/p>\n","protected":false},"author":1,"featured_media":0,"parent":0,"menu_order":0,"comment_status":"closed","ping_status":"closed","template":"","meta":{"nf_dc_page":"","om_disable_all_campaigns":false,"footnotes":""},"class_list":["post-280","page","type-page","status-publish","hentry"],"jetpack_sharing_enabled":true,"_links":{"self":[{"href":"https:\/\/automovelclube.org.br\/2017\/index.php\/wp-json\/wp\/v2\/pages\/280","targetHints":{"allow":["GET"]}}],"collection":[{"href":"https:\/\/automovelclube.org.br\/2017\/index.php\/wp-json\/wp\/v2\/pages"}],"about":[{"href":"https:\/\/automovelclube.org.br\/2017\/index.php\/wp-json\/wp\/v2\/types\/page"}],"author":[{"embeddable":true,"href":"https:\/\/automovelclube.org.br\/2017\/index.php\/wp-json\/wp\/v2\/users\/1"}],"replies":[{"embeddable":true,"href":"https:\/\/automovelclube.org.br\/2017\/index.php\/wp-json\/wp\/v2\/comments?post=280"}],"version-history":[{"count":1,"href":"https:\/\/automovelclube.org.br\/2017\/index.php\/wp-json\/wp\/v2\/pages\/280\/revisions"}],"predecessor-version":[{"id":282,"href":"https:\/\/automovelclube.org.br\/2017\/index.php\/wp-json\/wp\/v2\/pages\/280\/revisions\/282"}],"wp:attachment":[{"href":"https:\/\/automovelclube.org.br\/2017\/index.php\/wp-json\/wp\/v2\/media?parent=280"}],"curies":[{"name":"wp","href":"https:\/\/api.w.org\/{rel}","templated":true}]}}