{"id":28,"date":"2016-11-17T21:13:08","date_gmt":"2016-11-17T21:13:08","guid":{"rendered":"http:\/\/automovelclube.org.br\/2017\/?page_id=28"},"modified":"2021-02-16T16:17:42","modified_gmt":"2021-02-16T16:17:42","slug":"servicos","status":"publish","type":"page","link":"https:\/\/automovelclube.org.br\/2017\/index.php\/servicos\/","title":{"rendered":"Servi\u00e7os"},"content":{"rendered":"<p><strong>SOCORRO PESADO &#8211; GUINCHO<\/strong><\/p>\n<p><img data-recalc-dims=\"1\" loading=\"lazy\" decoding=\"async\" class=\"alignleft size-full wp-image-31\" src=\"https:\/\/i0.wp.com\/automovelclube.org.br\/2017\/wp-content\/uploads\/2016\/11\/servico-guincho.jpg?resize=300%2C138\" alt=\"servico-guincho\" width=\"300\" height=\"138\" \/>H\u00e1 sempre um guincho a sua disposi\u00e7\u00e3o, durante 24h por dia.<br \/>Moderna frota de carros-socorros, equipada com r\u00e1dios transmissores, est\u00e1 pronta para rapidamente atender ao chamado do s\u00f3cio. Franquia de 200 Kms rodados no total.<\/p>\n<p>\u00a0<\/p>\n<hr \/>\n<p><strong>SOCORRO MEC\u00c2NICO LEVE<\/strong><\/p>\n<p><img data-recalc-dims=\"1\" loading=\"lazy\" decoding=\"async\" class=\"alignleft size-full wp-image-33\" src=\"https:\/\/i0.wp.com\/automovelclube.org.br\/2017\/wp-content\/uploads\/2016\/11\/servico-socorro-leve.jpg?resize=200%2C160\" alt=\"servico-socorro-leve\" width=\"200\" height=\"160\" \/>Efetuam socorros para reparos de urg\u00eancia no pr\u00f3prio local. Auxilio baterias ,\u00a0 etc. Franquia de 200 Km rodados no total.<\/p>\n<p>\u00a0<\/p>\n<p>\u00a0<\/p>\n<hr \/>\n<p><strong>BORRACHEIRO VOLANTE<\/strong><br \/><img data-recalc-dims=\"1\" loading=\"lazy\" decoding=\"async\" class=\"alignleft size-full wp-image-33\" src=\"https:\/\/i0.wp.com\/automovelclube.org.br\/2017\/wp-content\/uploads\/2016\/11\/servico-socorro-leve.jpg?resize=200%2C160\" alt=\"servico-socorro-leve\" width=\"200\" height=\"160\" \/><\/p>\n<p>Ve\u00edculos equipados para socorro de borracheiros (troca de pneus) para atender chamados de emerg\u00eancia dia e noite,<br \/>24 horas. Franquia de 200 Kms rodados no total.<\/p>\n<p>\u00a0<\/p>\n<hr \/>\n<p><strong>CHAVEIRO VOLANTE<\/strong><br \/><img data-recalc-dims=\"1\" loading=\"lazy\" decoding=\"async\" class=\"alignleft size-full wp-image-33\" src=\"https:\/\/i0.wp.com\/automovelclube.org.br\/2017\/wp-content\/uploads\/2016\/11\/servico-socorro-leve.jpg?resize=200%2C160\" alt=\"servico-socorro-leve\" width=\"200\" height=\"160\" \/><br \/>Ve\u00edculos equipados para socorro de chaveiro (abertura de ve\u00edculo) para atender chamados de emerg\u00eancia dia e noite, 24 horas. Franquia de 200 Kms rodados no total.<\/p>\n<p>.<\/p>\n<hr \/>\n<p><strong>SOCORRO PARA MOTOS<\/strong><br \/><img data-recalc-dims=\"1\" loading=\"lazy\" decoding=\"async\" class=\"alignleft size-full wp-image-34\" src=\"https:\/\/i0.wp.com\/automovelclube.org.br\/2017\/wp-content\/uploads\/2016\/11\/servicos-socorro-motos.jpg?resize=200%2C114\" alt=\"servicos-socorro-motos\" width=\"200\" height=\"114\" \/><br \/>Ve\u00edculos especiais para socorro de motocicletas, operam 24 horas por dia. Franquia de 200 Kms rodados no total.<\/p>\n<p>\u00a0<\/p>\n<hr \/>\n<p>\u00a0<\/p>\n<p><strong>DESPACHANTE ( Desc. Especiais )<\/strong><br \/><img data-recalc-dims=\"1\" loading=\"lazy\" decoding=\"async\" class=\"alignleft size-full wp-image-36\" src=\"https:\/\/i0.wp.com\/automovelclube.org.br\/2017\/wp-content\/uploads\/2016\/11\/servico-despachate.jpg?resize=200%2C178\" alt=\"servico-despachate\" width=\"200\" height=\"178\" \/>Licenciamento de ve\u00edculos, transfer\u00eancias, renova\u00e7\u00e3o de cartas de motoristas, assessoramento documental na compra e venda de carros, 2a. via de documentos extraviados, enfim tudo no que diz respeito a servi\u00e7os junto ao DETRAN, sem qualquer custo de despachante, ressalvada as taxas fixas pelo DETRAN, a favor do Estado e por n\u00f3s retidas e repassadas ao Poder P\u00fablico e taxa de emolumento interna.<\/p>\n<p>\u00a0<\/p>\n<hr \/>\n<p>\u00a0<\/p>\n<p><strong>RENOVA\u00c7\u00c3O DE C N H ( Desc Especiais )<\/strong><br \/><img data-recalc-dims=\"1\" loading=\"lazy\" decoding=\"async\" class=\"alignleft size-full wp-image-37\" src=\"https:\/\/i0.wp.com\/automovelclube.org.br\/2017\/wp-content\/uploads\/2016\/11\/servico-cnh.jpg?resize=200%2C178\" alt=\"servico-cnh\" width=\"200\" height=\"178\" \/><br \/>Agendamento exame m\u00e9dico para a renova\u00e7\u00e3o da carteira de motorista autorizado pelo DETRANSP.<\/p>\n<p>\u00a0<\/p>\n<p>\u00a0<\/p>\n<hr \/>\n<p><strong>\u00a0 \u00a0 \u00a0 \u00a0 \u00a0 \u00a0 <\/strong><\/p>\n<p><strong>\u00a0 \u00a0 \u00a0 \u00a0 \u00a0 \u00a0SEGURAN\u00c7A\u00a0<\/strong><br \/><img data-recalc-dims=\"1\" loading=\"lazy\" decoding=\"async\" class=\"alignleft size-full wp-image-38\" src=\"https:\/\/i0.wp.com\/automovelclube.org.br\/2017\/wp-content\/uploads\/2016\/11\/servico-seguro.jpg?resize=200%2C178\" alt=\"servico-seguro\" width=\"200\" height=\"178\" \/>Vantagens e garantias efetivas, \u00e9 que n\u00e3o faltar\u00e3o em termos de assist\u00eancia, pois elas foram especialmente criadas para voc\u00ea e sua fam\u00edlia.\u00a0<\/p>\n<p>\u00a0<\/p>\n<p>\u00a0<\/p>\n<hr \/>\n<p>\u00a0<\/p>\n<p><strong>C<\/strong><strong>ARTEIRA INTERNACIONAL ( Desc Especiais )<\/strong><br \/><img data-recalc-dims=\"1\" loading=\"lazy\" decoding=\"async\" class=\"alignleft size-full wp-image-41\" src=\"https:\/\/i0.wp.com\/automovelclube.org.br\/2017\/wp-content\/uploads\/2016\/11\/servico-internacional.jpg?resize=200%2C178\" alt=\"servico-internacional\" width=\"200\" height=\"178\" \/><\/p>\n<p>Permiss\u00e3o internacional para dirigir no exterior.<\/p>\n<p>\u00a0<\/p>\n<p>\u00a0<\/p>\n<p>\u00a0<\/p>\n<hr \/>\n<p>\u00a0<\/p>\n<p><strong>CREDENCIADOS -CONV\u00caNIOS ( Desc Especiais )<\/strong><br \/><img data-recalc-dims=\"1\" loading=\"lazy\" decoding=\"async\" class=\"alignleft size-full wp-image-42\" src=\"https:\/\/i0.wp.com\/automovelclube.org.br\/2017\/wp-content\/uploads\/2016\/11\/servico-convenios.jpg?resize=200%2C178\" alt=\"servico-convenios\" width=\"200\" height=\"178\" \/><br \/>Estabelecimentos conveniados oferecendo descontos e vantagens aos nossos s\u00f3cios.<\/p>\n<p>\u00a0<\/p>\n<p>\u00a0<\/p>\n<p>\u00a0<\/p>\n<hr \/>\n<p>\u00a0<\/p>\n<p><strong>ATENDIMENTO 24 HORAS \/ DIA<\/strong><br \/><img data-recalc-dims=\"1\" loading=\"lazy\" decoding=\"async\" class=\"alignleft size-full wp-image-43\" src=\"https:\/\/i0.wp.com\/automovelclube.org.br\/2017\/wp-content\/uploads\/2016\/11\/servico-atendimento.jpg?resize=200%2C178\" alt=\"servico-atendimento\" width=\"200\" height=\"178\" \/><\/p>\n<p>Central de atendimento ao associado totalmente informatizada, garantindo a voc\u00ea a certeza de rapidez e seguran\u00e7a na presta\u00e7\u00e3o do socorro.<\/p>\n<p>\u00a0<\/p>\n<hr \/>\n\n\n<p><\/p>\n","protected":false},"excerpt":{"rendered":"<p>SOCORRO PESADO &#8211; GUINCHO H\u00e1 sempre um guincho a sua disposi\u00e7\u00e3o, durante 24h por dia.Moderna frota de carros-socorros, equipada com r\u00e1dios transmissores, est\u00e1 pronta para rapidamente atender ao chamado do s\u00f3cio. Franquia de 200 Kms rodados no total. \u00a0 SOCORRO MEC\u00c2NICO LEVE Efetuam socorros para reparos de urg\u00eancia no pr\u00f3prio local. Auxilio baterias ,\u00a0 etc. [&hellip;]<\/p>\n","protected":false},"author":1,"featured_media":0,"parent":0,"menu_order":0,"comment_status":"closed","ping_status":"closed","template":"","meta":{"nf_dc_page":"","om_disable_all_campaigns":false,"footnotes":""},"class_list":["post-28","page","type-page","status-publish","hentry"],"jetpack_sharing_enabled":true,"_links":{"self":[{"href":"https:\/\/automovelclube.org.br\/2017\/index.php\/wp-json\/wp\/v2\/pages\/28","targetHints":{"allow":["GET"]}}],"collection":[{"href":"https:\/\/automovelclube.org.br\/2017\/index.php\/wp-json\/wp\/v2\/pages"}],"about":[{"href":"https:\/\/automovelclube.org.br\/2017\/index.php\/wp-json\/wp\/v2\/types\/page"}],"author":[{"embeddable":true,"href":"https:\/\/automovelclube.org.br\/2017\/index.php\/wp-json\/wp\/v2\/users\/1"}],"replies":[{"embeddable":true,"href":"https:\/\/automovelclube.org.br\/2017\/index.php\/wp-json\/wp\/v2\/comments?post=28"}],"version-history":[{"count":17,"href":"https:\/\/automovelclube.org.br\/2017\/index.php\/wp-json\/wp\/v2\/pages\/28\/revisions"}],"predecessor-version":[{"id":608,"href":"https:\/\/automovelclube.org.br\/2017\/index.php\/wp-json\/wp\/v2\/pages\/28\/revisions\/608"}],"wp:attachment":[{"href":"https:\/\/automovelclube.org.br\/2017\/index.php\/wp-json\/wp\/v2\/media?parent=28"}],"curies":[{"name":"wp","href":"https:\/\/api.w.org\/{rel}","templated":true}]}}