{"id":277,"date":"2016-12-09T16:51:07","date_gmt":"2016-12-09T16:51:07","guid":{"rendered":"http:\/\/automovelclube.org.br\/2017\/?page_id=277"},"modified":"2016-12-09T16:51:07","modified_gmt":"2016-12-09T16:51:07","slug":"lava-rapido","status":"publish","type":"page","link":"https:\/\/automovelclube.org.br\/2017\/index.php\/lava-rapido\/","title":{"rendered":"Lava R\u00e1pido"},"content":{"rendered":"<p><strong>Lava R\u00e1pido Premium<\/strong><\/p>\n<p>Rua Jos\u00e9 de Oliveira, 695 &#8211; Casa Verde &#8211; S\u00e3o Paulo &#8211; SP<\/p>\n<p>Fone: (11) 2236-3588 \/ 2236-0385<br \/>\n<span style=\"color: #ff0000;\">Aplica\u00e7\u00e3o gratuita de resina \/ Desconto especial para servi\u00e7os\u00a0<\/span><\/p>\n<hr \/>\n<p>&nbsp;<\/p>\n","protected":false},"excerpt":{"rendered":"<p>Lava R\u00e1pido Premium Rua Jos\u00e9 de Oliveira, 695 &#8211; Casa Verde &#8211; S\u00e3o Paulo &#8211; SP Fone: (11) 2236-3588 \/ 2236-0385 Aplica\u00e7\u00e3o gratuita de resina \/ Desconto especial para servi\u00e7os\u00a0 &nbsp;<\/p>\n","protected":false},"author":1,"featured_media":0,"parent":0,"menu_order":0,"comment_status":"closed","ping_status":"closed","template":"","meta":{"nf_dc_page":"","om_disable_all_campaigns":false,"footnotes":""},"class_list":["post-277","page","type-page","status-publish","hentry"],"jetpack_sharing_enabled":true,"_links":{"self":[{"href":"https:\/\/automovelclube.org.br\/2017\/index.php\/wp-json\/wp\/v2\/pages\/277","targetHints":{"allow":["GET"]}}],"collection":[{"href":"https:\/\/automovelclube.org.br\/2017\/index.php\/wp-json\/wp\/v2\/pages"}],"about":[{"href":"https:\/\/automovelclube.org.br\/2017\/index.php\/wp-json\/wp\/v2\/types\/page"}],"author":[{"embeddable":true,"href":"https:\/\/automovelclube.org.br\/2017\/index.php\/wp-json\/wp\/v2\/users\/1"}],"replies":[{"embeddable":true,"href":"https:\/\/automovelclube.org.br\/2017\/index.php\/wp-json\/wp\/v2\/comments?post=277"}],"version-history":[{"count":1,"href":"https:\/\/automovelclube.org.br\/2017\/index.php\/wp-json\/wp\/v2\/pages\/277\/revisions"}],"predecessor-version":[{"id":279,"href":"https:\/\/automovelclube.org.br\/2017\/index.php\/wp-json\/wp\/v2\/pages\/277\/revisions\/279"}],"wp:attachment":[{"href":"https:\/\/automovelclube.org.br\/2017\/index.php\/wp-json\/wp\/v2\/media?parent=277"}],"curies":[{"name":"wp","href":"https:\/\/api.w.org\/{rel}","templated":true}]}}