{"id":274,"date":"2016-12-09T16:50:19","date_gmt":"2016-12-09T16:50:19","guid":{"rendered":"http:\/\/automovelclube.org.br\/2017\/?page_id=274"},"modified":"2016-12-09T16:50:19","modified_gmt":"2016-12-09T16:50:19","slug":"informatica-manutencao","status":"publish","type":"page","link":"https:\/\/automovelclube.org.br\/2017\/index.php\/informatica-manutencao\/","title":{"rendered":"Inform\u00e1tica Manuten\u00e7\u00e3o"},"content":{"rendered":"<p><strong>Britec Assist\u00eancia T\u00e9cnica<\/strong><br \/>\nRua Gaetano Agazzi, 35 &#8211; Jd das Flores &#8211; S\u00e3o Paulo &#8211; SP<\/p>\n<p>Fone: 5514-0706<br \/>\n<span style=\"color: #ff0000;\">Desc de 10 a 20% a vista<\/span><\/p>\n<hr \/>\n<p><strong>Laser Com e Manuten\u00e7\u00e3o de Inform\u00e1tica<\/strong><br \/>\nAv Nossa Sra do Sabar\u00e1, 4118 &#8211; S Paulo- SP<\/p>\n<p>Fone: 5614-1285<br \/>\n<span style=\"color: #ff0000;\">Desc de 5% a vista<\/span><\/p>\n<hr \/>\n<p>&nbsp;<\/p>\n","protected":false},"excerpt":{"rendered":"<p>Britec Assist\u00eancia T\u00e9cnica Rua Gaetano Agazzi, 35 &#8211; Jd das Flores &#8211; S\u00e3o Paulo &#8211; SP Fone: 5514-0706 Desc de 10 a 20% a vista Laser Com e Manuten\u00e7\u00e3o de Inform\u00e1tica Av Nossa Sra do Sabar\u00e1, 4118 &#8211; S Paulo- SP Fone: 5614-1285 Desc de 5% a vista &nbsp;<\/p>\n","protected":false},"author":1,"featured_media":0,"parent":0,"menu_order":0,"comment_status":"closed","ping_status":"closed","template":"","meta":{"nf_dc_page":"","om_disable_all_campaigns":false,"footnotes":""},"class_list":["post-274","page","type-page","status-publish","hentry"],"jetpack_sharing_enabled":true,"_links":{"self":[{"href":"https:\/\/automovelclube.org.br\/2017\/index.php\/wp-json\/wp\/v2\/pages\/274","targetHints":{"allow":["GET"]}}],"collection":[{"href":"https:\/\/automovelclube.org.br\/2017\/index.php\/wp-json\/wp\/v2\/pages"}],"about":[{"href":"https:\/\/automovelclube.org.br\/2017\/index.php\/wp-json\/wp\/v2\/types\/page"}],"author":[{"embeddable":true,"href":"https:\/\/automovelclube.org.br\/2017\/index.php\/wp-json\/wp\/v2\/users\/1"}],"replies":[{"embeddable":true,"href":"https:\/\/automovelclube.org.br\/2017\/index.php\/wp-json\/wp\/v2\/comments?post=274"}],"version-history":[{"count":1,"href":"https:\/\/automovelclube.org.br\/2017\/index.php\/wp-json\/wp\/v2\/pages\/274\/revisions"}],"predecessor-version":[{"id":276,"href":"https:\/\/automovelclube.org.br\/2017\/index.php\/wp-json\/wp\/v2\/pages\/274\/revisions\/276"}],"wp:attachment":[{"href":"https:\/\/automovelclube.org.br\/2017\/index.php\/wp-json\/wp\/v2\/media?parent=274"}],"curies":[{"name":"wp","href":"https:\/\/api.w.org\/{rel}","templated":true}]}}