{"id":265,"date":"2016-12-09T16:47:33","date_gmt":"2016-12-09T16:47:33","guid":{"rendered":"http:\/\/automovelclube.org.br\/2017\/?page_id=265"},"modified":"2019-11-01T15:24:08","modified_gmt":"2019-11-01T15:24:08","slug":"comunicacao-visual","status":"publish","type":"page","link":"https:\/\/automovelclube.org.br\/2017\/index.php\/comunicacao-visual\/","title":{"rendered":"Comunica\u00e7\u00e3o Visual"},"content":{"rendered":"<p><strong>Trama Visual Comunica\u00e7\u00e3o Visual<\/strong><br \/>\nEstrada da Aldeia, 1505 casa 04 &#8211; Granja Viana &#8211; SPaulo<\/p>\n<p>Fone: 4146-9614<br \/>\n<span style=\"color: #ff0000;\">Desc. 10% ( decora\u00e7\u00e3o de natal p\/ pessoa juridica )<\/span><\/p>\n<hr \/>\n<p><img data-recalc-dims=\"1\" loading=\"lazy\" decoding=\"async\" class=\"wp-image-559 alignnone\" src=\"https:\/\/i0.wp.com\/automovelclube.org.br\/2017\/wp-content\/uploads\/2019\/11\/atelie001.jpg?resize=337%2C415\" alt=\"\" width=\"337\" height=\"415\" srcset=\"https:\/\/i0.wp.com\/automovelclube.org.br\/2017\/wp-content\/uploads\/2019\/11\/atelie001.jpg?w=1301&amp;ssl=1 1301w, https:\/\/i0.wp.com\/automovelclube.org.br\/2017\/wp-content\/uploads\/2019\/11\/atelie001.jpg?resize=244%2C300&amp;ssl=1 244w, https:\/\/i0.wp.com\/automovelclube.org.br\/2017\/wp-content\/uploads\/2019\/11\/atelie001.jpg?resize=768%2C945&amp;ssl=1 768w, https:\/\/i0.wp.com\/automovelclube.org.br\/2017\/wp-content\/uploads\/2019\/11\/atelie001.jpg?resize=832%2C1024&amp;ssl=1 832w, https:\/\/i0.wp.com\/automovelclube.org.br\/2017\/wp-content\/uploads\/2019\/11\/atelie001.jpg?w=1220&amp;ssl=1 1220w\" sizes=\"auto, (max-width: 337px) 100vw, 337px\" \/><\/p>\n<p><span style=\"color: #ff0000;\">Descontos Especiais para Associados A.C.E.S.P.<\/span><\/p>\n<hr \/>\n","protected":false},"excerpt":{"rendered":"<p>Trama Visual Comunica\u00e7\u00e3o Visual Estrada da Aldeia, 1505 casa 04 &#8211; Granja Viana &#8211; SPaulo Fone: 4146-9614 Desc. 10% ( decora\u00e7\u00e3o de natal p\/ pessoa juridica ) Descontos Especiais para Associados A.C.E.S.P.<\/p>\n","protected":false},"author":1,"featured_media":0,"parent":0,"menu_order":0,"comment_status":"closed","ping_status":"closed","template":"","meta":{"nf_dc_page":"","om_disable_all_campaigns":false,"footnotes":""},"class_list":["post-265","page","type-page","status-publish","hentry"],"jetpack_sharing_enabled":true,"_links":{"self":[{"href":"https:\/\/automovelclube.org.br\/2017\/index.php\/wp-json\/wp\/v2\/pages\/265","targetHints":{"allow":["GET"]}}],"collection":[{"href":"https:\/\/automovelclube.org.br\/2017\/index.php\/wp-json\/wp\/v2\/pages"}],"about":[{"href":"https:\/\/automovelclube.org.br\/2017\/index.php\/wp-json\/wp\/v2\/types\/page"}],"author":[{"embeddable":true,"href":"https:\/\/automovelclube.org.br\/2017\/index.php\/wp-json\/wp\/v2\/users\/1"}],"replies":[{"embeddable":true,"href":"https:\/\/automovelclube.org.br\/2017\/index.php\/wp-json\/wp\/v2\/comments?post=265"}],"version-history":[{"count":2,"href":"https:\/\/automovelclube.org.br\/2017\/index.php\/wp-json\/wp\/v2\/pages\/265\/revisions"}],"predecessor-version":[{"id":560,"href":"https:\/\/automovelclube.org.br\/2017\/index.php\/wp-json\/wp\/v2\/pages\/265\/revisions\/560"}],"wp:attachment":[{"href":"https:\/\/automovelclube.org.br\/2017\/index.php\/wp-json\/wp\/v2\/media?parent=265"}],"curies":[{"name":"wp","href":"https:\/\/api.w.org\/{rel}","templated":true}]}}