{"id":262,"date":"2016-12-09T16:46:25","date_gmt":"2016-12-09T16:46:25","guid":{"rendered":"http:\/\/automovelclube.org.br\/2017\/?page_id=262"},"modified":"2016-12-09T16:46:25","modified_gmt":"2016-12-09T16:46:25","slug":"clube-de-beneficios","status":"publish","type":"page","link":"https:\/\/automovelclube.org.br\/2017\/index.php\/clube-de-beneficios\/","title":{"rendered":"Clube de Benef\u00edcios"},"content":{"rendered":"<p><strong>RDS Clube de benef\u00edcios<\/strong><\/p>\n<p>Al Joaquim Eug\u00eanio de Lima, 598 cj 71, Jd Paulista &#8211; S\u00e3o Paulo-SP<\/p>\n<p>Fone: 2888-8385<\/p>\n<p><span style=\"color: #ff0000;\">Descontos de 20% para associados<\/span><\/p>\n<hr \/>\n<p>&nbsp;<\/p>\n","protected":false},"excerpt":{"rendered":"<p>RDS Clube de benef\u00edcios Al Joaquim Eug\u00eanio de Lima, 598 cj 71, Jd Paulista &#8211; S\u00e3o Paulo-SP Fone: 2888-8385 Descontos de 20% para associados &nbsp;<\/p>\n","protected":false},"author":1,"featured_media":0,"parent":0,"menu_order":0,"comment_status":"closed","ping_status":"closed","template":"","meta":{"nf_dc_page":"","om_disable_all_campaigns":false,"footnotes":""},"class_list":["post-262","page","type-page","status-publish","hentry"],"jetpack_sharing_enabled":true,"_links":{"self":[{"href":"https:\/\/automovelclube.org.br\/2017\/index.php\/wp-json\/wp\/v2\/pages\/262","targetHints":{"allow":["GET"]}}],"collection":[{"href":"https:\/\/automovelclube.org.br\/2017\/index.php\/wp-json\/wp\/v2\/pages"}],"about":[{"href":"https:\/\/automovelclube.org.br\/2017\/index.php\/wp-json\/wp\/v2\/types\/page"}],"author":[{"embeddable":true,"href":"https:\/\/automovelclube.org.br\/2017\/index.php\/wp-json\/wp\/v2\/users\/1"}],"replies":[{"embeddable":true,"href":"https:\/\/automovelclube.org.br\/2017\/index.php\/wp-json\/wp\/v2\/comments?post=262"}],"version-history":[{"count":1,"href":"https:\/\/automovelclube.org.br\/2017\/index.php\/wp-json\/wp\/v2\/pages\/262\/revisions"}],"predecessor-version":[{"id":264,"href":"https:\/\/automovelclube.org.br\/2017\/index.php\/wp-json\/wp\/v2\/pages\/262\/revisions\/264"}],"wp:attachment":[{"href":"https:\/\/automovelclube.org.br\/2017\/index.php\/wp-json\/wp\/v2\/media?parent=262"}],"curies":[{"name":"wp","href":"https:\/\/api.w.org\/{rel}","templated":true}]}}