{"id":249,"date":"2016-12-09T16:33:05","date_gmt":"2016-12-09T16:33:05","guid":{"rendered":"http:\/\/automovelclube.org.br\/2017\/?page_id=249"},"modified":"2016-12-09T16:33:05","modified_gmt":"2016-12-09T16:33:05","slug":"troca-de-oleo","status":"publish","type":"page","link":"https:\/\/automovelclube.org.br\/2017\/index.php\/troca-de-oleo\/","title":{"rendered":"Troca de \u00d3leo"},"content":{"rendered":"<p><strong>Baixinho do \u00d3leo<br \/>\n<\/strong><\/p>\n<p>Av. S\u00e3o Miguel, 6016, Ermelino Matarazzo &#8211; S\u00e3o Paulo-SP<\/p>\n<p>Fone: 2045-2586<\/p>\n<p><span style=\"color: #ff0000;\">Descontos de 10%\u00a0 para associados<\/span><\/p>\n<hr \/>\n<p>&nbsp;<\/p>\n","protected":false},"excerpt":{"rendered":"<p>Baixinho do \u00d3leo Av. S\u00e3o Miguel, 6016, Ermelino Matarazzo &#8211; S\u00e3o Paulo-SP Fone: 2045-2586 Descontos de 10%\u00a0 para associados &nbsp;<\/p>\n","protected":false},"author":1,"featured_media":0,"parent":0,"menu_order":0,"comment_status":"closed","ping_status":"closed","template":"","meta":{"nf_dc_page":"","om_disable_all_campaigns":false,"footnotes":""},"class_list":["post-249","page","type-page","status-publish","hentry"],"jetpack_sharing_enabled":true,"_links":{"self":[{"href":"https:\/\/automovelclube.org.br\/2017\/index.php\/wp-json\/wp\/v2\/pages\/249","targetHints":{"allow":["GET"]}}],"collection":[{"href":"https:\/\/automovelclube.org.br\/2017\/index.php\/wp-json\/wp\/v2\/pages"}],"about":[{"href":"https:\/\/automovelclube.org.br\/2017\/index.php\/wp-json\/wp\/v2\/types\/page"}],"author":[{"embeddable":true,"href":"https:\/\/automovelclube.org.br\/2017\/index.php\/wp-json\/wp\/v2\/users\/1"}],"replies":[{"embeddable":true,"href":"https:\/\/automovelclube.org.br\/2017\/index.php\/wp-json\/wp\/v2\/comments?post=249"}],"version-history":[{"count":1,"href":"https:\/\/automovelclube.org.br\/2017\/index.php\/wp-json\/wp\/v2\/pages\/249\/revisions"}],"predecessor-version":[{"id":251,"href":"https:\/\/automovelclube.org.br\/2017\/index.php\/wp-json\/wp\/v2\/pages\/249\/revisions\/251"}],"wp:attachment":[{"href":"https:\/\/automovelclube.org.br\/2017\/index.php\/wp-json\/wp\/v2\/media?parent=249"}],"curies":[{"name":"wp","href":"https:\/\/api.w.org\/{rel}","templated":true}]}}