{"id":246,"date":"2016-12-09T16:31:39","date_gmt":"2016-12-09T16:31:39","guid":{"rendered":"http:\/\/automovelclube.org.br\/2017\/?page_id=246"},"modified":"2016-12-09T16:31:39","modified_gmt":"2016-12-09T16:31:39","slug":"som-e-acessorios","status":"publish","type":"page","link":"https:\/\/automovelclube.org.br\/2017\/index.php\/som-e-acessorios\/","title":{"rendered":"Som e Acess\u00f3rios"},"content":{"rendered":"<p><strong>Impacto Som<\/strong><\/p>\n<p>Rua Cachoeira., 2869 &#8211; Jd City &#8211; Guarulhos &#8211; SP<\/p>\n<p>Fone: (11) 2456-4934 \/ 7862-5688 \/ id 80*26372<br \/>\n<span style=\"color: #ff0000;\">10% desconto , \u00a0som, envelopamento, auto-el\u00e9trico, insulfilm<\/span><\/p>\n<hr \/>\n<p><strong>GOLD Som e Acess\u00f3rios<\/strong><br \/>\nAv Marechal Tito, 1825 &#8211; Itaim Paulista &#8211; S\u00e3o PAulo &#8211; SP<br \/>\nFone: (11) 2025-2374<br \/>\n<span style=\"color: #ff0000;\">Alinhamento, Balanceamento e revis\u00e3o gr\u00e1tis<\/span><br \/>\n<span style=\"color: #ff0000;\">Outros Servi\u00e7os Desconto de 10%<\/span><\/p>\n<hr \/>\n<p>&nbsp;<\/p>\n","protected":false},"excerpt":{"rendered":"<p>Impacto Som Rua Cachoeira., 2869 &#8211; Jd City &#8211; Guarulhos &#8211; SP Fone: (11) 2456-4934 \/ 7862-5688 \/ id 80*26372 10% desconto , \u00a0som, envelopamento, auto-el\u00e9trico, insulfilm GOLD Som e Acess\u00f3rios Av Marechal Tito, 1825 &#8211; Itaim Paulista &#8211; S\u00e3o PAulo &#8211; SP Fone: (11) 2025-2374 Alinhamento, Balanceamento e revis\u00e3o gr\u00e1tis Outros Servi\u00e7os Desconto de [&hellip;]<\/p>\n","protected":false},"author":1,"featured_media":0,"parent":0,"menu_order":0,"comment_status":"closed","ping_status":"closed","template":"","meta":{"nf_dc_page":"","om_disable_all_campaigns":false,"footnotes":""},"class_list":["post-246","page","type-page","status-publish","hentry"],"jetpack_sharing_enabled":true,"_links":{"self":[{"href":"https:\/\/automovelclube.org.br\/2017\/index.php\/wp-json\/wp\/v2\/pages\/246","targetHints":{"allow":["GET"]}}],"collection":[{"href":"https:\/\/automovelclube.org.br\/2017\/index.php\/wp-json\/wp\/v2\/pages"}],"about":[{"href":"https:\/\/automovelclube.org.br\/2017\/index.php\/wp-json\/wp\/v2\/types\/page"}],"author":[{"embeddable":true,"href":"https:\/\/automovelclube.org.br\/2017\/index.php\/wp-json\/wp\/v2\/users\/1"}],"replies":[{"embeddable":true,"href":"https:\/\/automovelclube.org.br\/2017\/index.php\/wp-json\/wp\/v2\/comments?post=246"}],"version-history":[{"count":1,"href":"https:\/\/automovelclube.org.br\/2017\/index.php\/wp-json\/wp\/v2\/pages\/246\/revisions"}],"predecessor-version":[{"id":248,"href":"https:\/\/automovelclube.org.br\/2017\/index.php\/wp-json\/wp\/v2\/pages\/246\/revisions\/248"}],"wp:attachment":[{"href":"https:\/\/automovelclube.org.br\/2017\/index.php\/wp-json\/wp\/v2\/media?parent=246"}],"curies":[{"name":"wp","href":"https:\/\/api.w.org\/{rel}","templated":true}]}}