{"id":236,"date":"2016-12-09T16:25:02","date_gmt":"2016-12-09T16:25:02","guid":{"rendered":"http:\/\/automovelclube.org.br\/2017\/?page_id=236"},"modified":"2016-12-13T18:00:31","modified_gmt":"2016-12-13T18:00:31","slug":"pneus-e-rodas","status":"publish","type":"page","link":"https:\/\/automovelclube.org.br\/2017\/index.php\/pneus-e-rodas\/","title":{"rendered":"PNEUS E RODAS"},"content":{"rendered":"<p><strong>Janis Pneus e Rodas<\/strong><br \/>\nAv. Arquiteto Vilanova Artigas, 295 &#8211; Jd Sapopemba- SP<br \/>\nFone: 2702-6729<br \/>\n<span style=\"color: #ff0000;\">Desconto de 10% na m\u00e3o de obra \/ Alinhamento e balanceamento dianteiro<\/span><\/p>\n<hr \/>\n<p><b>RAV Pneus<\/b><br \/>\nAv Inajar de Souza, 300 &#8211; Freguesia de \u00d3 &#8211; S\u00e3o Paulo-SP<\/p>\n<p>Fone: 3931-9696<\/p>\n<hr \/>\n<p><strong>Pneus Amorim<\/strong><br \/>\nRua Frei Germano, 239 &#8211; Penha &#8211; S\u00e3o Paulo-SP<\/p>\n<p>Fone: 2295-5124 \/ 2294-1159<br \/>\n<span style=\"color: #ff0000;\">Desc em, 5%<\/span><\/p>\n<hr \/>\n<p><img data-recalc-dims=\"1\" loading=\"lazy\" decoding=\"async\" class=\"alignnone wp-image-237 size-full\" src=\"https:\/\/i0.wp.com\/automovelclube.org.br\/2017\/wp-content\/uploads\/2016\/12\/bono-pneus.jpg?resize=525%2C295\" alt=\"bono pneus\" width=\"525\" height=\"295\" srcset=\"https:\/\/i0.wp.com\/automovelclube.org.br\/2017\/wp-content\/uploads\/2016\/12\/bono-pneus.jpg?w=525&amp;ssl=1 525w, https:\/\/i0.wp.com\/automovelclube.org.br\/2017\/wp-content\/uploads\/2016\/12\/bono-pneus.jpg?resize=300%2C169&amp;ssl=1 300w\" sizes=\"auto, (max-width: 525px) 100vw, 525px\" \/><\/p>\n<p><span style=\"color: #ff0000;\">Desconto de 10% na m\u00e3o de obra<\/span><\/p>\n<hr \/>\n<p><strong>BREDA PNEUS<\/strong><\/p>\n<p>P\u00e7a Giovani Breda, 211 &#8211; Assum\u00e7\u00e3o &#8211; S\u00e3o Bernardo do Campo &#8211; S\u00e3o Paulo<\/p>\n<p>Fone: 11 4109-6993 \/ 4109-4937 \/ 98248-8247<\/p>\n<p><span style=\"color: #ff0000;\">Desconto de 5% para pagamento a vista ou parcelamos em ate 6 x no cart\u00e3o de credito<\/span><\/p>\n<hr \/>\n<p>&nbsp;<\/p>\n","protected":false},"excerpt":{"rendered":"<p>Janis Pneus e Rodas Av. Arquiteto Vilanova Artigas, 295 &#8211; Jd Sapopemba- SP Fone: 2702-6729 Desconto de 10% na m\u00e3o de obra \/ Alinhamento e balanceamento dianteiro RAV Pneus Av Inajar de Souza, 300 &#8211; Freguesia de \u00d3 &#8211; S\u00e3o Paulo-SP Fone: 3931-9696 Pneus Amorim Rua Frei Germano, 239 &#8211; Penha &#8211; S\u00e3o Paulo-SP Fone: [&hellip;]<\/p>\n","protected":false},"author":1,"featured_media":0,"parent":0,"menu_order":0,"comment_status":"closed","ping_status":"closed","template":"","meta":{"nf_dc_page":"","om_disable_all_campaigns":false,"footnotes":""},"class_list":["post-236","page","type-page","status-publish","hentry"],"jetpack_sharing_enabled":true,"_links":{"self":[{"href":"https:\/\/automovelclube.org.br\/2017\/index.php\/wp-json\/wp\/v2\/pages\/236","targetHints":{"allow":["GET"]}}],"collection":[{"href":"https:\/\/automovelclube.org.br\/2017\/index.php\/wp-json\/wp\/v2\/pages"}],"about":[{"href":"https:\/\/automovelclube.org.br\/2017\/index.php\/wp-json\/wp\/v2\/types\/page"}],"author":[{"embeddable":true,"href":"https:\/\/automovelclube.org.br\/2017\/index.php\/wp-json\/wp\/v2\/users\/1"}],"replies":[{"embeddable":true,"href":"https:\/\/automovelclube.org.br\/2017\/index.php\/wp-json\/wp\/v2\/comments?post=236"}],"version-history":[{"count":2,"href":"https:\/\/automovelclube.org.br\/2017\/index.php\/wp-json\/wp\/v2\/pages\/236\/revisions"}],"predecessor-version":[{"id":308,"href":"https:\/\/automovelclube.org.br\/2017\/index.php\/wp-json\/wp\/v2\/pages\/236\/revisions\/308"}],"wp:attachment":[{"href":"https:\/\/automovelclube.org.br\/2017\/index.php\/wp-json\/wp\/v2\/media?parent=236"}],"curies":[{"name":"wp","href":"https:\/\/api.w.org\/{rel}","templated":true}]}}