{"id":23,"date":"2016-11-17T20:59:31","date_gmt":"2016-11-17T20:59:31","guid":{"rendered":"http:\/\/automovelclube.org.br\/2017\/?page_id=23"},"modified":"2016-11-17T23:24:04","modified_gmt":"2016-11-17T23:24:04","slug":"club-de-ferias","status":"publish","type":"page","link":"https:\/\/automovelclube.org.br\/2017\/index.php\/club-de-ferias\/","title":{"rendered":"Club de F\u00e9rias"},"content":{"rendered":"<p style=\"text-align: center;\">Temos parceria com o CLUB DE F\u00c9RIAS<br \/>\nAcesse para mais informa\u00e7\u00f5es : <a href=\"http:\/\/www.clubdeferias.com.br\" target=\"_blank\">www.clubdeferias.com<\/a>.br<\/p>\n<p><img data-recalc-dims=\"1\" loading=\"lazy\" decoding=\"async\" class=\"alignleft size-full wp-image-24\" src=\"https:\/\/i0.wp.com\/automovelclube.org.br\/2017\/wp-content\/uploads\/2016\/11\/clubdeferias-1.jpg?resize=610%2C415\" alt=\"clubdeferias-1\" width=\"610\" height=\"415\" srcset=\"https:\/\/i0.wp.com\/automovelclube.org.br\/2017\/wp-content\/uploads\/2016\/11\/clubdeferias-1.jpg?w=800&amp;ssl=1 800w, https:\/\/i0.wp.com\/automovelclube.org.br\/2017\/wp-content\/uploads\/2016\/11\/clubdeferias-1.jpg?resize=300%2C204&amp;ssl=1 300w, https:\/\/i0.wp.com\/automovelclube.org.br\/2017\/wp-content\/uploads\/2016\/11\/clubdeferias-1.jpg?resize=768%2C522&amp;ssl=1 768w\" sizes=\"auto, (max-width: 610px) 100vw, 610px\" \/><\/p>\n<p><img data-recalc-dims=\"1\" loading=\"lazy\" decoding=\"async\" class=\"alignleft size-full wp-image-25\" src=\"https:\/\/i0.wp.com\/automovelclube.org.br\/2017\/wp-content\/uploads\/2016\/11\/clubdeferias-2.jpg?resize=610%2C415\" alt=\"clubdeferias-2\" width=\"610\" height=\"415\" srcset=\"https:\/\/i0.wp.com\/automovelclube.org.br\/2017\/wp-content\/uploads\/2016\/11\/clubdeferias-2.jpg?w=800&amp;ssl=1 800w, https:\/\/i0.wp.com\/automovelclube.org.br\/2017\/wp-content\/uploads\/2016\/11\/clubdeferias-2.jpg?resize=300%2C204&amp;ssl=1 300w, https:\/\/i0.wp.com\/automovelclube.org.br\/2017\/wp-content\/uploads\/2016\/11\/clubdeferias-2.jpg?resize=768%2C522&amp;ssl=1 768w\" sizes=\"auto, (max-width: 610px) 100vw, 610px\" \/><\/p>\n","protected":false},"excerpt":{"rendered":"<p>Temos parceria com o CLUB DE F\u00c9RIAS Acesse para mais informa\u00e7\u00f5es : www.clubdeferias.com.br<\/p>\n","protected":false},"author":1,"featured_media":0,"parent":0,"menu_order":0,"comment_status":"closed","ping_status":"closed","template":"","meta":{"nf_dc_page":"","om_disable_all_campaigns":false,"footnotes":""},"class_list":["post-23","page","type-page","status-publish","hentry"],"jetpack_sharing_enabled":true,"_links":{"self":[{"href":"https:\/\/automovelclube.org.br\/2017\/index.php\/wp-json\/wp\/v2\/pages\/23","targetHints":{"allow":["GET"]}}],"collection":[{"href":"https:\/\/automovelclube.org.br\/2017\/index.php\/wp-json\/wp\/v2\/pages"}],"about":[{"href":"https:\/\/automovelclube.org.br\/2017\/index.php\/wp-json\/wp\/v2\/types\/page"}],"author":[{"embeddable":true,"href":"https:\/\/automovelclube.org.br\/2017\/index.php\/wp-json\/wp\/v2\/users\/1"}],"replies":[{"embeddable":true,"href":"https:\/\/automovelclube.org.br\/2017\/index.php\/wp-json\/wp\/v2\/comments?post=23"}],"version-history":[{"count":2,"href":"https:\/\/automovelclube.org.br\/2017\/index.php\/wp-json\/wp\/v2\/pages\/23\/revisions"}],"predecessor-version":[{"id":75,"href":"https:\/\/automovelclube.org.br\/2017\/index.php\/wp-json\/wp\/v2\/pages\/23\/revisions\/75"}],"wp:attachment":[{"href":"https:\/\/automovelclube.org.br\/2017\/index.php\/wp-json\/wp\/v2\/media?parent=23"}],"curies":[{"name":"wp","href":"https:\/\/api.w.org\/{rel}","templated":true}]}}