{"id":229,"date":"2016-12-09T16:09:33","date_gmt":"2016-12-09T16:09:33","guid":{"rendered":"http:\/\/automovelclube.org.br\/2017\/?page_id=229"},"modified":"2023-02-28T19:31:56","modified_gmt":"2023-02-28T19:31:56","slug":"229-2","status":"publish","type":"page","link":"https:\/\/automovelclube.org.br\/2017\/index.php\/229-2\/","title":{"rendered":"MEC\u00c2NICAS"},"content":{"rendered":"<p><strong>Hangar Ret\u00edfica de c\u00e2mbios\u00a0<\/strong><\/p>\n<p>Rua Jo\u00e3o Felisberto Moreira, 325 &#8211; V Jacui \u00a0&#8211; S\u00e3o Paulo-SP<\/p>\n<p>Tel: \u00a02037-8131 \/ 2031-7297 \/ 7820-9358<br \/><span style=\"color: #ff0000;\">Descontos de 10 % a vista ou 3 x no cart\u00e3o<\/span><\/p>\n<hr \/>\n<p><strong>Auto Mec\u00e2nica Embiu Car<\/strong><br \/>Rua Embiu, 481 &#8211; Jd Santa Maria &#8211; SP<\/p>\n<p>Tel: 2783-6640<br \/><span style=\"color: #ff0000;\">Revis\u00e3o de freios e suspens\u00e3o gratis.Desc. de 10% serv. e m\u00e3o de obra<\/span><\/p>\n<hr \/>\n<p><strong>Fama Servi\u00e7os Aut Martelinho de Ouro &#8211; Mec\u00e2nica e Funilaria<\/strong><\/p>\n<p>Av Eng Gomes Cardim Sangirardi, 800 &#8211; Aclima\u00e7\u00e3o &#8211; SP<\/p>\n<p>Tel: 5574-5189<br \/><span style=\"color: #ff0000;\">Desconto de 10%<\/span><\/p>\n<hr \/>\n<p><strong>Auto El\u00e9trico e Mec\u00e2nica Atl\u00e2ntica<\/strong><\/p>\n<p>Rua Artur de Azevedo, 1899 &#8211; Pinheiros-SP<\/p>\n<p>Tel: 3815-6152<br \/><span style=\"color: #ff0000;\">Desconto de 10%<\/span><\/p>\n<hr \/>\n<p><strong>Auto Mec\u00e2nica R.S.<\/strong><br \/>R. Piracicaba, 770- Monte Belo Itaquaquecetuba &#8211; SP<\/p>\n<p>Fone: 4642-4941\/ 7818-8234<br \/><span style=\"color: #ff0000;\">Descontos Especiais &#8211; Checkup de freios gr\u00e1tis!!<\/span><\/p>\n<hr \/>\n<p><strong>Auto Mec\u00e2nica S\u00e3o Geraldo<\/strong><br \/>Av. Imirim, 3575- Imirim &#8211; SP<\/p>\n<p>Fone: 2769-0642<br \/><span style=\"color: #ff0000;\">Desconto de 10%<\/span><\/p>\n<hr \/>\n<p><strong>Auto Mec\u00e2nica Fernandes &#8211; Mec\u00e2nica e El\u00e9trica. Inje\u00e7\u00e3o Eletr\u00f4nica e Diagnose<\/strong><br \/>Rua S\u00e3o Caetano, 980 &#8211; Luz &#8211; S.Paulo-SP<\/p>\n<p>Fone: 3326-0222<br \/><span style=\"color: #ff0000;\">Desconto de 10%<\/span><\/p>\n<hr \/>\n<p>\u00a0<\/p>\n<p><img data-recalc-dims=\"1\" loading=\"lazy\" decoding=\"async\" class=\"alignnone wp-image-208 \" src=\"https:\/\/i0.wp.com\/automovelclube.org.br\/2017\/wp-content\/uploads\/2016\/12\/auto-mecanica.jpg?resize=432%2C236\" alt=\"auto-mecanica\" width=\"432\" height=\"236\" srcset=\"https:\/\/i0.wp.com\/automovelclube.org.br\/2017\/wp-content\/uploads\/2016\/12\/auto-mecanica.jpg?w=518&amp;ssl=1 518w, https:\/\/i0.wp.com\/automovelclube.org.br\/2017\/wp-content\/uploads\/2016\/12\/auto-mecanica.jpg?resize=300%2C164&amp;ssl=1 300w\" sizes=\"auto, (max-width: 432px) 100vw, 432px\" \/><\/p>\n<p><span style=\"color: #ff0000;\">10% de desc nos servi\u00e7os realizados<\/span><\/p>\n<hr \/>\n<p><img data-recalc-dims=\"1\" loading=\"lazy\" decoding=\"async\" class=\"alignnone wp-image-230 \" src=\"https:\/\/i0.wp.com\/automovelclube.org.br\/2017\/wp-content\/uploads\/2016\/12\/auto-belenzinho.jpg?resize=451%2C632\" alt=\"auto belenzinho\" width=\"451\" height=\"632\" srcset=\"https:\/\/i0.wp.com\/automovelclube.org.br\/2017\/wp-content\/uploads\/2016\/12\/auto-belenzinho.jpg?w=584&amp;ssl=1 584w, https:\/\/i0.wp.com\/automovelclube.org.br\/2017\/wp-content\/uploads\/2016\/12\/auto-belenzinho.jpg?resize=214%2C300&amp;ssl=1 214w\" sizes=\"auto, (max-width: 451px) 100vw, 451px\" \/><\/p>\n<p><span style=\"color: #ff0000;\">20% desconto na m\u00e3o de obra<\/span><\/p>\n<p><span style=\"color: #ff0000;\">Especializado em cambio ( manual e automatico )<\/span><\/p>\n<hr \/>\n<p><img data-recalc-dims=\"1\" loading=\"lazy\" decoding=\"async\" class=\"alignnone wp-image-112 \" src=\"https:\/\/i0.wp.com\/automovelclube.org.br\/2017\/wp-content\/uploads\/2016\/11\/super-tec-auto.jpg?resize=432%2C236\" alt=\"super-tec-auto\" width=\"432\" height=\"236\" srcset=\"https:\/\/i0.wp.com\/automovelclube.org.br\/2017\/wp-content\/uploads\/2016\/11\/super-tec-auto.jpg?w=518&amp;ssl=1 518w, https:\/\/i0.wp.com\/automovelclube.org.br\/2017\/wp-content\/uploads\/2016\/11\/super-tec-auto.jpg?resize=300%2C164&amp;ssl=1 300w\" sizes=\"auto, (max-width: 432px) 100vw, 432px\" \/><\/p>\n<p><span style=\"color: #ff0000;\">de 10 a 20 % de desconto na m\u00e3o de obra<\/span><\/p>\n<p><span style=\"color: #ff0000;\">Especializado em Manuten\u00e7\u00e3o Preventiva<\/span><\/p>\n<hr \/>\n<p><img data-recalc-dims=\"1\" loading=\"lazy\" decoding=\"async\" class=\"wp-image-106 alignnone\" src=\"https:\/\/i0.wp.com\/automovelclube.org.br\/2017\/wp-content\/uploads\/2016\/11\/escapecas.jpg?resize=422%2C234\" alt=\"escapecas\" width=\"422\" height=\"234\" srcset=\"https:\/\/i0.wp.com\/automovelclube.org.br\/2017\/wp-content\/uploads\/2016\/11\/escapecas.jpg?w=1063&amp;ssl=1 1063w, https:\/\/i0.wp.com\/automovelclube.org.br\/2017\/wp-content\/uploads\/2016\/11\/escapecas.jpg?resize=300%2C167&amp;ssl=1 300w, https:\/\/i0.wp.com\/automovelclube.org.br\/2017\/wp-content\/uploads\/2016\/11\/escapecas.jpg?resize=768%2C426&amp;ssl=1 768w, https:\/\/i0.wp.com\/automovelclube.org.br\/2017\/wp-content\/uploads\/2016\/11\/escapecas.jpg?resize=1024%2C568&amp;ssl=1 1024w\" sizes=\"auto, (max-width: 422px) 100vw, 422px\" \/><\/p>\n<p><span style=\"color: #ff0000;\">Descontos de 05 % na m\u00e3o de obra<\/span><\/p>\n<hr \/>\n<p><img data-recalc-dims=\"1\" loading=\"lazy\" decoding=\"async\" class=\"wp-image-373 alignnone\" src=\"https:\/\/i0.wp.com\/automovelclube.org.br\/2017\/wp-content\/uploads\/2016\/12\/IMG.jpg?resize=400%2C261\" alt=\"\" width=\"400\" height=\"261\" srcset=\"https:\/\/i0.wp.com\/automovelclube.org.br\/2017\/wp-content\/uploads\/2016\/12\/IMG.jpg?w=992&amp;ssl=1 992w, https:\/\/i0.wp.com\/automovelclube.org.br\/2017\/wp-content\/uploads\/2016\/12\/IMG.jpg?resize=300%2C196&amp;ssl=1 300w, https:\/\/i0.wp.com\/automovelclube.org.br\/2017\/wp-content\/uploads\/2016\/12\/IMG.jpg?resize=768%2C502&amp;ssl=1 768w\" sizes=\"auto, (max-width: 400px) 100vw, 400px\" \/><\/p>\n<p><span style=\"color: #ff0000;\">Descontos de 10 % na m\u00e3o de obra<\/span><\/p>\n<hr \/>\n<p><img data-recalc-dims=\"1\" loading=\"lazy\" decoding=\"async\" class=\"wp-image-449 alignleft\" src=\"https:\/\/i0.wp.com\/automovelclube.org.br\/2017\/wp-content\/uploads\/2018\/08\/ARCO-IRIS.jpg?resize=292%2C153\" alt=\"\" width=\"292\" height=\"153\" srcset=\"https:\/\/i0.wp.com\/automovelclube.org.br\/2017\/wp-content\/uploads\/2018\/08\/ARCO-IRIS.jpg?w=1008&amp;ssl=1 1008w, https:\/\/i0.wp.com\/automovelclube.org.br\/2017\/wp-content\/uploads\/2018\/08\/ARCO-IRIS.jpg?resize=300%2C157&amp;ssl=1 300w, https:\/\/i0.wp.com\/automovelclube.org.br\/2017\/wp-content\/uploads\/2018\/08\/ARCO-IRIS.jpg?resize=768%2C402&amp;ssl=1 768w\" sizes=\"auto, (max-width: 292px) 100vw, 292px\" \/><\/p>\n<p><img data-recalc-dims=\"1\" loading=\"lazy\" decoding=\"async\" class=\"wp-image-450 alignleft\" src=\"https:\/\/i0.wp.com\/automovelclube.org.br\/2017\/wp-content\/uploads\/2018\/08\/ARCO-IRIS2.jpg?resize=292%2C159\" alt=\"\" width=\"292\" height=\"159\" srcset=\"https:\/\/i0.wp.com\/automovelclube.org.br\/2017\/wp-content\/uploads\/2018\/08\/ARCO-IRIS2.jpg?w=1050&amp;ssl=1 1050w, https:\/\/i0.wp.com\/automovelclube.org.br\/2017\/wp-content\/uploads\/2018\/08\/ARCO-IRIS2.jpg?resize=300%2C163&amp;ssl=1 300w, https:\/\/i0.wp.com\/automovelclube.org.br\/2017\/wp-content\/uploads\/2018\/08\/ARCO-IRIS2.jpg?resize=768%2C417&amp;ssl=1 768w, https:\/\/i0.wp.com\/automovelclube.org.br\/2017\/wp-content\/uploads\/2018\/08\/ARCO-IRIS2.jpg?resize=1024%2C556&amp;ssl=1 1024w\" sizes=\"auto, (max-width: 292px) 100vw, 292px\" \/><\/p>\n<p>\u00a0<\/p>\n<p>\u00a0<\/p>\n<p>\u00a0<\/p>\n<p>\u00a0<\/p>\n<p><span style=\"color: #ff0000;\">Descontos de at\u00e9 15 % na m\u00e3o de obra<\/span><\/p>\n<hr \/>\n<p style=\"text-align: left;\">\u00a0<\/p>\n\n<div class=\"wp-block-image\">\n<figure class=\"alignleft is-resized\"><img data-recalc-dims=\"1\" loading=\"lazy\" decoding=\"async\" src=\"https:\/\/i0.wp.com\/automovelclube.org.br\/2017\/wp-content\/uploads\/2019\/02\/decacar.jpg?resize=368%2C204\" alt=\"\" width=\"368\" height=\"204\"\/><figcaption class=\"wp-element-caption\"><strong>Descontos Especiais na M\u00e3o de Obra p\/ S\u00f3cios. Tel.: (11) 2242-8535 ou (11) 94464-8008<\/strong><\/figcaption><\/figure><\/div>\n\n\n<p><\/p>\n","protected":false},"excerpt":{"rendered":"<p>Hangar Ret\u00edfica de c\u00e2mbios\u00a0 Rua Jo\u00e3o Felisberto Moreira, 325 &#8211; V Jacui \u00a0&#8211; S\u00e3o Paulo-SP Tel: \u00a02037-8131 \/ 2031-7297 \/ 7820-9358Descontos de 10 % a vista ou 3 x no cart\u00e3o Auto Mec\u00e2nica Embiu CarRua Embiu, 481 &#8211; Jd Santa Maria &#8211; SP Tel: 2783-6640Revis\u00e3o de freios e suspens\u00e3o gratis.Desc. de 10% serv. e m\u00e3o [&hellip;]<\/p>\n","protected":false},"author":1,"featured_media":500,"parent":0,"menu_order":0,"comment_status":"closed","ping_status":"closed","template":"","meta":{"nf_dc_page":"","om_disable_all_campaigns":false,"footnotes":""},"class_list":["post-229","page","type-page","status-publish","has-post-thumbnail","hentry"],"jetpack_sharing_enabled":true,"_links":{"self":[{"href":"https:\/\/automovelclube.org.br\/2017\/index.php\/wp-json\/wp\/v2\/pages\/229","targetHints":{"allow":["GET"]}}],"collection":[{"href":"https:\/\/automovelclube.org.br\/2017\/index.php\/wp-json\/wp\/v2\/pages"}],"about":[{"href":"https:\/\/automovelclube.org.br\/2017\/index.php\/wp-json\/wp\/v2\/types\/page"}],"author":[{"embeddable":true,"href":"https:\/\/automovelclube.org.br\/2017\/index.php\/wp-json\/wp\/v2\/users\/1"}],"replies":[{"embeddable":true,"href":"https:\/\/automovelclube.org.br\/2017\/index.php\/wp-json\/wp\/v2\/comments?post=229"}],"version-history":[{"count":5,"href":"https:\/\/automovelclube.org.br\/2017\/index.php\/wp-json\/wp\/v2\/pages\/229\/revisions"}],"predecessor-version":[{"id":648,"href":"https:\/\/automovelclube.org.br\/2017\/index.php\/wp-json\/wp\/v2\/pages\/229\/revisions\/648"}],"wp:featuredmedia":[{"embeddable":true,"href":"https:\/\/automovelclube.org.br\/2017\/index.php\/wp-json\/wp\/v2\/media\/500"}],"wp:attachment":[{"href":"https:\/\/automovelclube.org.br\/2017\/index.php\/wp-json\/wp\/v2\/media?parent=229"}],"curies":[{"name":"wp","href":"https:\/\/api.w.org\/{rel}","templated":true}]}}