{"id":223,"date":"2016-12-09T15:55:12","date_gmt":"2016-12-09T15:55:12","guid":{"rendered":"http:\/\/automovelclube.org.br\/2017\/?page_id=223"},"modified":"2019-12-06T17:25:59","modified_gmt":"2019-12-06T17:25:59","slug":"funilarias","status":"publish","type":"page","link":"https:\/\/automovelclube.org.br\/2017\/index.php\/funilarias\/","title":{"rendered":"FUNILARIAS"},"content":{"rendered":"<p><strong>Marco Roberto Rodrigues Funilaria e Pintura<\/strong><\/p>\n<p>Rua Guarait\u00e1, 331 &#8211; V. Curu\u00e7\u00e1 Velha \u00a0&#8211; S\u00e3o Paulo &#8211; SP<br \/>Fone: 3624-2065 \/ 9 5630-3589 \/ 9 7340-6009<\/p>\n<p><span style=\"color: #ff0000;\">Desconto de 10% na m\u00e3o de obra\u00a0<\/span><\/p>\n<hr \/>\n<p><strong>RND Funilaria<\/strong><br \/>Rua Padre Jos\u00e9 Giomoni, 67 &#8211; Butant\u00e3 &#8211; S\u00e3o Paulo &#8211; SP<br \/>Fone: 3733-8207 \/ 3731-6992 \/ 7712-1096 \/ 9-8557-6731<\/p>\n<p><span style=\"color: #ff0000;\">Desconto de 5 a 10%<\/span><\/p>\n<hr \/>\n<p><strong>Rocky Reparos Automotivos<\/strong><\/p>\n<p>Avenida Afonso Lopes de Bai\u00e3o, 391 &#8211; S\u00e3o Miguel &#8211; SPaulo-SP<\/p>\n<p>Tel: 2031-9336 \/ 7772-0158<br \/><span style=\"color: #ff0000;\">Desconto de 05% A 10% na m\u00e3o de obra.<\/span><\/p>\n<hr \/>\n<p><strong>Nunes Servi\u00e7os Automotivos Ltda-ME &#8211; Mec\u00e2nica em geral<\/strong><br \/>Rua Antonio Mariano, 30 &#8211; Jd Suzana &#8211; SP<\/p>\n<p>Tel : 5687-8289\/5521-8693<br \/><span style=\"color: #ff0000;\">Desconto de 15% funilaria e pintura.10% mec\u00e2nica, inje\u00e7\u00e3o e parte el\u00e9trica<\/span><\/p>\n<hr \/>\n<p><strong>Vieira Tunning Autos<\/strong><br \/>Rua Cons Moreira de Barros, 1730 &#8211; Sta Terezinha &#8211; SP<\/p>\n<p>Tel: 2255-5954<br \/><span style=\"color: #ff0000;\">Desconto de 15% funilaria e pintura.10% cristaliza\u00e7\u00e3o e personaliza\u00e7\u00e3o<\/span><\/p>\n<hr \/>\n<p><strong>Fama Servi\u00e7os Aut Martelinho de Ouro &#8211; Mec\u00e2nica e Funilaria<\/strong><br \/>Av Eng Gomes Cardim Sangirardi, 800 &#8211; Aclima\u00e7\u00e3o &#8211; SP<\/p>\n<p>Tel: 5574-5189<br \/><span style=\"color: #ff0000;\">Desconto de 10%<\/span><\/p>\n<hr \/>\n<p><strong>Funilaria e Pintura Imirim<\/strong><br \/>R. Jo\u00e3o Roque, 198 Trv. Av imirim, 3.100<\/p>\n<p>Fone: 3851-3618 \/ 3983-5944<br \/><span style=\"color: #ff0000;\">Desc de 10% a vista<\/span><\/p>\n<hr \/>\n<p><strong>Milcar Funilaria e Pintura<\/strong><\/p>\n<p>R.Figueira da Barb\u00e1ria, 28-a \u00a0&#8211; Jd Brasilia &#8211; SPaulo &#8211; SP<\/p>\n<p>Fone: (11) 2742-2564<br \/><span style=\"color: #ff0000;\">Desconto de 10%<\/span><\/p>\n<hr \/>\n<p><strong>LOWRIDER Prepara\u00e7\u00e3o Automotiva.<\/strong><\/p>\n<p><span style=\"color: #ff0000;\">Desconto de 15% a 20%\u00a0na m\u00e3o de obra<\/span><\/p>\n<p style=\"text-align: left;\"><img data-recalc-dims=\"1\" loading=\"lazy\" decoding=\"async\" class=\"wp-image-434 alignleft\" src=\"https:\/\/i0.wp.com\/automovelclube.org.br\/2017\/wp-content\/uploads\/2018\/07\/promo%C3%A7%C3%A3o.jpg?resize=237%2C336\" alt=\"\" width=\"237\" height=\"336\" srcset=\"https:\/\/i0.wp.com\/automovelclube.org.br\/2017\/wp-content\/uploads\/2018\/07\/promo%C3%A7%C3%A3o.jpg?w=595&amp;ssl=1 595w, https:\/\/i0.wp.com\/automovelclube.org.br\/2017\/wp-content\/uploads\/2018\/07\/promo%C3%A7%C3%A3o.jpg?resize=212%2C300&amp;ssl=1 212w\" sizes=\"auto, (max-width: 237px) 100vw, 237px\" \/><\/p>\n<p>\u00a0<\/p>\n<p>\u00a0<\/p>\n<p>\u00a0<\/p>\n<p>\u00a0<\/p>\n<p>\u00a0<\/p>\n<p>\u00a0<\/p>\n<p>\u00a0<\/p>\n<p>\u00a0<\/p>\n<p>\u00a0<\/p>\n<hr \/>\n<p>INFINITY Funilaria e Pintura<\/p>\n<p>Av. S\u00e3o Miguel n\u00ba5555 &#8211; Jd. Buturussu &#8211; S\u00e3o Paulo<\/p>\n<p>Fone.: (11) 2026-1099\u00a0 Cel.: (11) 9 6461-5131<\/p>\n<p><span style=\"color: #ff0000;\">Descontos Especiais Para Associados ACESP.<\/span><\/p>\n<hr \/>\n<p>\u00a0<\/p>\n\n\n<p><\/p>\n","protected":false},"excerpt":{"rendered":"<p>Marco Roberto Rodrigues Funilaria e Pintura Rua Guarait\u00e1, 331 &#8211; V. Curu\u00e7\u00e1 Velha \u00a0&#8211; S\u00e3o Paulo &#8211; SPFone: 3624-2065 \/ 9 5630-3589 \/ 9 7340-6009 Desconto de 10% na m\u00e3o de obra\u00a0 RND FunilariaRua Padre Jos\u00e9 Giomoni, 67 &#8211; Butant\u00e3 &#8211; S\u00e3o Paulo &#8211; SPFone: 3733-8207 \/ 3731-6992 \/ 7712-1096 \/ 9-8557-6731 Desconto de 5 [&hellip;]<\/p>\n","protected":false},"author":1,"featured_media":0,"parent":0,"menu_order":0,"comment_status":"closed","ping_status":"closed","template":"","meta":{"nf_dc_page":"","om_disable_all_campaigns":false,"footnotes":""},"class_list":["post-223","page","type-page","status-publish","hentry"],"jetpack_sharing_enabled":true,"_links":{"self":[{"href":"https:\/\/automovelclube.org.br\/2017\/index.php\/wp-json\/wp\/v2\/pages\/223","targetHints":{"allow":["GET"]}}],"collection":[{"href":"https:\/\/automovelclube.org.br\/2017\/index.php\/wp-json\/wp\/v2\/pages"}],"about":[{"href":"https:\/\/automovelclube.org.br\/2017\/index.php\/wp-json\/wp\/v2\/types\/page"}],"author":[{"embeddable":true,"href":"https:\/\/automovelclube.org.br\/2017\/index.php\/wp-json\/wp\/v2\/users\/1"}],"replies":[{"embeddable":true,"href":"https:\/\/automovelclube.org.br\/2017\/index.php\/wp-json\/wp\/v2\/comments?post=223"}],"version-history":[{"count":10,"href":"https:\/\/automovelclube.org.br\/2017\/index.php\/wp-json\/wp\/v2\/pages\/223\/revisions"}],"predecessor-version":[{"id":568,"href":"https:\/\/automovelclube.org.br\/2017\/index.php\/wp-json\/wp\/v2\/pages\/223\/revisions\/568"}],"wp:attachment":[{"href":"https:\/\/automovelclube.org.br\/2017\/index.php\/wp-json\/wp\/v2\/media?parent=223"}],"curies":[{"name":"wp","href":"https:\/\/api.w.org\/{rel}","templated":true}]}}