{"id":217,"date":"2016-12-09T15:49:06","date_gmt":"2016-12-09T15:49:06","guid":{"rendered":"http:\/\/automovelclube.org.br\/2017\/?page_id=217"},"modified":"2017-02-13T17:58:59","modified_gmt":"2017-02-13T17:58:59","slug":"auto-pecas","status":"publish","type":"page","link":"https:\/\/automovelclube.org.br\/2017\/index.php\/auto-pecas\/","title":{"rendered":"AUTO PE\u00c7AS"},"content":{"rendered":"<p><strong>Tubar\u00e3o Com\u00e9rcio de Auto Pe\u00e7as<br \/>\n<\/strong><br \/>\nRua In\u00e1cio Maciel, 229 &#8211; V. Jacui &#8211; S\u00e3o Paulo-SP<\/p>\n<p>Tel: 2033-2070<br \/>\n<span style=\"color: #ff0000;\">Descontos de 10 %<\/span><\/p>\n<hr \/>\n<p><strong>ADS &#8211; Acess\u00f3rios<\/strong><\/p>\n<p>Av. Jo\u00e3o XXIII n\u00ba 2574 &#8211; Vila Formosa &#8211; S\u00e3o Paulo<\/p>\n<p>Tel: 2506-0233 ou 99597-0233<\/p>\n<p><span style=\"color: #ff0000;\">Descontos de 10% em todos os servi\u00e7os<\/span><\/p>\n","protected":false},"excerpt":{"rendered":"<p>Tubar\u00e3o Com\u00e9rcio de Auto Pe\u00e7as Rua In\u00e1cio Maciel, 229 &#8211; V. Jacui &#8211; S\u00e3o Paulo-SP Tel: 2033-2070 Descontos de 10 % ADS &#8211; Acess\u00f3rios Av. Jo\u00e3o XXIII n\u00ba 2574 &#8211; Vila Formosa &#8211; S\u00e3o Paulo Tel: 2506-0233 ou 99597-0233 Descontos de 10% em todos os servi\u00e7os<\/p>\n","protected":false},"author":1,"featured_media":0,"parent":0,"menu_order":0,"comment_status":"closed","ping_status":"closed","template":"","meta":{"nf_dc_page":"","om_disable_all_campaigns":false,"footnotes":""},"class_list":["post-217","page","type-page","status-publish","hentry"],"jetpack_sharing_enabled":true,"_links":{"self":[{"href":"https:\/\/automovelclube.org.br\/2017\/index.php\/wp-json\/wp\/v2\/pages\/217","targetHints":{"allow":["GET"]}}],"collection":[{"href":"https:\/\/automovelclube.org.br\/2017\/index.php\/wp-json\/wp\/v2\/pages"}],"about":[{"href":"https:\/\/automovelclube.org.br\/2017\/index.php\/wp-json\/wp\/v2\/types\/page"}],"author":[{"embeddable":true,"href":"https:\/\/automovelclube.org.br\/2017\/index.php\/wp-json\/wp\/v2\/users\/1"}],"replies":[{"embeddable":true,"href":"https:\/\/automovelclube.org.br\/2017\/index.php\/wp-json\/wp\/v2\/comments?post=217"}],"version-history":[{"count":4,"href":"https:\/\/automovelclube.org.br\/2017\/index.php\/wp-json\/wp\/v2\/pages\/217\/revisions"}],"predecessor-version":[{"id":328,"href":"https:\/\/automovelclube.org.br\/2017\/index.php\/wp-json\/wp\/v2\/pages\/217\/revisions\/328"}],"wp:attachment":[{"href":"https:\/\/automovelclube.org.br\/2017\/index.php\/wp-json\/wp\/v2\/media?parent=217"}],"curies":[{"name":"wp","href":"https:\/\/api.w.org\/{rel}","templated":true}]}}