{"id":213,"date":"2016-12-09T15:48:23","date_gmt":"2016-12-09T15:48:23","guid":{"rendered":"http:\/\/automovelclube.org.br\/2017\/?page_id=213"},"modified":"2019-10-25T21:30:20","modified_gmt":"2019-10-25T21:30:20","slug":"auto-eletrico","status":"publish","type":"page","link":"https:\/\/automovelclube.org.br\/2017\/index.php\/auto-eletrico\/","title":{"rendered":"AUTO EL\u00c9TRICO"},"content":{"rendered":"<p><b>UPN Baterias e Auto El\u00e9trico<\/b><br \/>Rua Professor Carlos Callioli, 29 \u00a0Trv. Av. Itaquera, 142 &#8211; Pq. Maria Luiza &#8211; S\u00e3o Paulo-SP Fones: 9 8975-9152<\/p>\n<p><span style=\"color: #ff0000;\">\u00a0Desconto de 5 %<\/span><\/p>\n<hr \/>\n<p><strong>Auto El\u00e9trico Nippon<\/strong><\/p>\n<p>Av. Mateo Bei, 2106 &#8211; S\u00e3o Mateus &#8211; S\u00e3o Paulo-SP<\/p>\n<p>Fones: 2919-3507<br \/><span style=\"color: #ff0000;\">Desconto de 10%<\/span><\/p>\n<hr \/>\n<p><img data-recalc-dims=\"1\" loading=\"lazy\" decoding=\"async\" class=\"alignnone wp-image-214 \" src=\"https:\/\/i0.wp.com\/automovelclube.org.br\/2017\/wp-content\/uploads\/2016\/12\/baterias.jpg?resize=376%2C211\" alt=\"baterias\" width=\"376\" height=\"211\" srcset=\"https:\/\/i0.wp.com\/automovelclube.org.br\/2017\/wp-content\/uploads\/2016\/12\/baterias.jpg?w=525&amp;ssl=1 525w, https:\/\/i0.wp.com\/automovelclube.org.br\/2017\/wp-content\/uploads\/2016\/12\/baterias.jpg?resize=300%2C169&amp;ssl=1 300w\" sizes=\"auto, (max-width: 376px) 100vw, 376px\" \/><\/p>\n<p><span style=\"color: #ff0000;\">Entrega e instala\u00e7\u00e3o gratis p\/ ABCD<\/span><\/p>\n<hr \/>\n<p><img data-recalc-dims=\"1\" loading=\"lazy\" decoding=\"async\" class=\"wp-image-442 alignleft\" src=\"https:\/\/i0.wp.com\/automovelclube.org.br\/2017\/wp-content\/uploads\/2018\/08\/jj002.jpg?resize=362%2C193\" alt=\"\" width=\"362\" height=\"193\" srcset=\"https:\/\/i0.wp.com\/automovelclube.org.br\/2017\/wp-content\/uploads\/2018\/08\/jj002.jpg?w=1025&amp;ssl=1 1025w, https:\/\/i0.wp.com\/automovelclube.org.br\/2017\/wp-content\/uploads\/2018\/08\/jj002.jpg?resize=300%2C160&amp;ssl=1 300w, https:\/\/i0.wp.com\/automovelclube.org.br\/2017\/wp-content\/uploads\/2018\/08\/jj002.jpg?resize=768%2C409&amp;ssl=1 768w, https:\/\/i0.wp.com\/automovelclube.org.br\/2017\/wp-content\/uploads\/2018\/08\/jj002.jpg?resize=1024%2C545&amp;ssl=1 1024w\" sizes=\"auto, (max-width: 362px) 100vw, 362px\" \/><\/p>\n<p>\u00a0<\/p>\n<p>\u00a0<\/p>\n<p>\u00a0<\/p>\n<p>\u00a0<\/p>\n<p>\u00a0<\/p>\n<p style=\"text-align: left;\"><span style=\"color: #ff0000;\">Desconto de 15% na m\u00e3o de obra<\/span><\/p>\n<hr \/>\n<p style=\"text-align: left;\">\u00a0<\/p>\n\n\n<figure class=\"wp-block-image is-resized\"><img data-recalc-dims=\"1\" loading=\"lazy\" decoding=\"async\" src=\"https:\/\/i0.wp.com\/automovelclube.org.br\/2017\/wp-content\/uploads\/2019\/02\/alemao.jpg?resize=363%2C198\" alt=\"\" width=\"363\" height=\"198\"\/><figcaption> <br><strong>Descontos Especiais p\/ Associados.<\/strong> <\/figcaption><\/figure>\n\n\n\n<p class=\"has-text-color has-vivid-red-color\"><\/p>\n","protected":false},"excerpt":{"rendered":"<p>UPN Baterias e Auto El\u00e9tricoRua Professor Carlos Callioli, 29 \u00a0Trv. Av. Itaquera, 142 &#8211; Pq. Maria Luiza &#8211; S\u00e3o Paulo-SP Fones: 9 8975-9152 \u00a0Desconto de 5 % Auto El\u00e9trico Nippon Av. Mateo Bei, 2106 &#8211; S\u00e3o Mateus &#8211; S\u00e3o Paulo-SP Fones: 2919-3507Desconto de 10% Entrega e instala\u00e7\u00e3o gratis p\/ ABCD \u00a0 \u00a0 \u00a0 \u00a0 \u00a0 [&hellip;]<\/p>\n","protected":false},"author":1,"featured_media":496,"parent":0,"menu_order":0,"comment_status":"closed","ping_status":"closed","template":"","meta":{"nf_dc_page":"","om_disable_all_campaigns":false,"footnotes":""},"class_list":["post-213","page","type-page","status-publish","has-post-thumbnail","hentry"],"jetpack_sharing_enabled":true,"_links":{"self":[{"href":"https:\/\/automovelclube.org.br\/2017\/index.php\/wp-json\/wp\/v2\/pages\/213","targetHints":{"allow":["GET"]}}],"collection":[{"href":"https:\/\/automovelclube.org.br\/2017\/index.php\/wp-json\/wp\/v2\/pages"}],"about":[{"href":"https:\/\/automovelclube.org.br\/2017\/index.php\/wp-json\/wp\/v2\/types\/page"}],"author":[{"embeddable":true,"href":"https:\/\/automovelclube.org.br\/2017\/index.php\/wp-json\/wp\/v2\/users\/1"}],"replies":[{"embeddable":true,"href":"https:\/\/automovelclube.org.br\/2017\/index.php\/wp-json\/wp\/v2\/comments?post=213"}],"version-history":[{"count":12,"href":"https:\/\/automovelclube.org.br\/2017\/index.php\/wp-json\/wp\/v2\/pages\/213\/revisions"}],"predecessor-version":[{"id":555,"href":"https:\/\/automovelclube.org.br\/2017\/index.php\/wp-json\/wp\/v2\/pages\/213\/revisions\/555"}],"wp:featuredmedia":[{"embeddable":true,"href":"https:\/\/automovelclube.org.br\/2017\/index.php\/wp-json\/wp\/v2\/media\/496"}],"wp:attachment":[{"href":"https:\/\/automovelclube.org.br\/2017\/index.php\/wp-json\/wp\/v2\/media?parent=213"}],"curies":[{"name":"wp","href":"https:\/\/api.w.org\/{rel}","templated":true}]}}