{"id":205,"date":"2016-12-09T15:44:52","date_gmt":"2016-12-09T15:44:52","guid":{"rendered":"http:\/\/automovelclube.org.br\/2017\/?page_id=205"},"modified":"2023-05-17T17:20:41","modified_gmt":"2023-05-17T17:20:41","slug":"auto-center-2","status":"publish","type":"page","link":"https:\/\/automovelclube.org.br\/2017\/index.php\/auto-center-2\/","title":{"rendered":"AUTO CENTER"},"content":{"rendered":"\n<div class=\"wp-block-columns is-layout-flex wp-container-core-columns-is-layout-9d6595d7 wp-block-columns-is-layout-flex\">\n<div class=\"wp-block-column is-layout-flow wp-block-column-is-layout-flow\" style=\"flex-basis:100%\">\n<div class=\"wp-block-group\"><div class=\"wp-block-group__inner-container is-layout-flow wp-block-group-is-layout-flow\">\n<div class=\"wp-block-columns is-layout-flex wp-container-core-columns-is-layout-9d6595d7 wp-block-columns-is-layout-flex\">\n<div class=\"wp-block-column is-vertically-aligned-top is-layout-flow wp-block-column-is-layout-flow\" style=\"flex-basis:100%\">\n<div class=\"wp-block-jetpack-tiled-gallery is-style-rectangular\"><div class=\"tiled-gallery__gallery\"><div class=\"tiled-gallery__row\"><div class=\"tiled-gallery__col\" style=\"flex-basis:100.00000%\"><figure class=\"tiled-gallery__item\"><img decoding=\"async\" srcset=\"https:\/\/i1.wp.com\/automovelclube.org.br\/2017\/wp-content\/uploads\/2021\/07\/bosh-1-scaled.jpg?strip=info&#038;w=600&#038;ssl=1 600w,https:\/\/i1.wp.com\/automovelclube.org.br\/2017\/wp-content\/uploads\/2021\/07\/bosh-1-scaled.jpg?strip=info&#038;w=900&#038;ssl=1 900w,https:\/\/i1.wp.com\/automovelclube.org.br\/2017\/wp-content\/uploads\/2021\/07\/bosh-1-scaled.jpg?strip=info&#038;w=1200&#038;ssl=1 1200w,https:\/\/i1.wp.com\/automovelclube.org.br\/2017\/wp-content\/uploads\/2021\/07\/bosh-1-scaled.jpg?strip=info&#038;w=1500&#038;ssl=1 1500w,https:\/\/i1.wp.com\/automovelclube.org.br\/2017\/wp-content\/uploads\/2021\/07\/bosh-1-scaled.jpg?strip=info&#038;w=1800&#038;ssl=1 1800w,https:\/\/i1.wp.com\/automovelclube.org.br\/2017\/wp-content\/uploads\/2021\/07\/bosh-1-scaled.jpg?strip=info&#038;w=2000&#038;ssl=1 2000w\" alt=\"\" data-height=\"1040\" data-id=\"630\" data-link=\"https:\/\/automovelclube.org.br\/2017\/index.php\/auto-center-2\/bosh-1\/\" data-url=\"https:\/\/automovelclube.org.br\/2017\/wp-content\/uploads\/2021\/07\/bosh-1-scaled.jpg\" data-width=\"2560\" src=\"https:\/\/i1.wp.com\/automovelclube.org.br\/2017\/wp-content\/uploads\/2021\/07\/bosh-1-scaled.jpg?ssl=1\" data-amp-layout=\"responsive\"\/><\/figure><\/div><\/div><div class=\"tiled-gallery__row\"><div class=\"tiled-gallery__col\" style=\"flex-basis:100.00000%\"><figure class=\"tiled-gallery__item\"><img decoding=\"async\" srcset=\"https:\/\/i2.wp.com\/automovelclube.org.br\/2017\/wp-content\/uploads\/2021\/07\/bosch-2-2-scaled.jpg?strip=info&#038;w=600&#038;ssl=1 600w,https:\/\/i2.wp.com\/automovelclube.org.br\/2017\/wp-content\/uploads\/2021\/07\/bosch-2-2-scaled.jpg?strip=info&#038;w=900&#038;ssl=1 900w,https:\/\/i2.wp.com\/automovelclube.org.br\/2017\/wp-content\/uploads\/2021\/07\/bosch-2-2-scaled.jpg?strip=info&#038;w=1200&#038;ssl=1 1200w,https:\/\/i2.wp.com\/automovelclube.org.br\/2017\/wp-content\/uploads\/2021\/07\/bosch-2-2-scaled.jpg?strip=info&#038;w=1500&#038;ssl=1 1500w,https:\/\/i2.wp.com\/automovelclube.org.br\/2017\/wp-content\/uploads\/2021\/07\/bosch-2-2-scaled.jpg?strip=info&#038;w=1800&#038;ssl=1 1800w,https:\/\/i2.wp.com\/automovelclube.org.br\/2017\/wp-content\/uploads\/2021\/07\/bosch-2-2-scaled.jpg?strip=info&#038;w=2000&#038;ssl=1 2000w\" alt=\"\" data-height=\"1475\" data-id=\"633\" data-link=\"https:\/\/automovelclube.org.br\/2017\/index.php\/auto-center-2\/bosch-2-2\/\" data-url=\"https:\/\/automovelclube.org.br\/2017\/wp-content\/uploads\/2021\/07\/bosch-2-2-scaled.jpg\" data-width=\"2560\" src=\"https:\/\/i2.wp.com\/automovelclube.org.br\/2017\/wp-content\/uploads\/2021\/07\/bosch-2-2-scaled.jpg?ssl=1\" data-amp-layout=\"responsive\"\/><\/figure><\/div><\/div><\/div><\/div>\n\n\n\n<figure class=\"wp-block-image size-large is-resized\"><img data-recalc-dims=\"1\" loading=\"lazy\" decoding=\"async\" src=\"https:\/\/i0.wp.com\/automovelclube.org.br\/2017\/wp-content\/uploads\/2021\/07\/bosch-3-1.jpg?resize=610%2C351&#038;ssl=1\" alt=\"\" class=\"wp-image-632\" width=\"610\" height=\"351\" srcset=\"https:\/\/i0.wp.com\/automovelclube.org.br\/2017\/wp-content\/uploads\/2021\/07\/bosch-3-1-scaled.jpg?resize=1024%2C590&amp;ssl=1 1024w, https:\/\/i0.wp.com\/automovelclube.org.br\/2017\/wp-content\/uploads\/2021\/07\/bosch-3-1-scaled.jpg?resize=300%2C173&amp;ssl=1 300w, https:\/\/i0.wp.com\/automovelclube.org.br\/2017\/wp-content\/uploads\/2021\/07\/bosch-3-1-scaled.jpg?resize=768%2C443&amp;ssl=1 768w, https:\/\/i0.wp.com\/automovelclube.org.br\/2017\/wp-content\/uploads\/2021\/07\/bosch-3-1-scaled.jpg?resize=1536%2C885&amp;ssl=1 1536w, https:\/\/i0.wp.com\/automovelclube.org.br\/2017\/wp-content\/uploads\/2021\/07\/bosch-3-1-scaled.jpg?resize=2048%2C1180&amp;ssl=1 2048w, https:\/\/i0.wp.com\/automovelclube.org.br\/2017\/wp-content\/uploads\/2021\/07\/bosch-3-1-scaled.jpg?w=1220&amp;ssl=1 1220w, https:\/\/i0.wp.com\/automovelclube.org.br\/2017\/wp-content\/uploads\/2021\/07\/bosch-3-1-scaled.jpg?w=1830&amp;ssl=1 1830w\" sizes=\"auto, (max-width: 610px) 100vw, 610px\" \/><figcaption class=\"wp-element-caption\"><mark style=\"background-color:rgba(0, 0, 0, 0)\" class=\"has-inline-color has-vivid-red-color\">Descontos em servi\u00e7os p\/ Associados ACESP, contato tel. (11) 5523-0320.<\/mark><\/figcaption><\/figure>\n\n\n\n<p><\/p>\n<\/div>\n<\/div>\n<\/div><\/div>\n<\/div>\n<\/div>\n\n\n<hr \/>\n<p style=\"text-align: center;\"><b><img data-recalc-dims=\"1\" loading=\"lazy\" decoding=\"async\" class=\"wp-image-614 aligncenter\" src=\"https:\/\/i0.wp.com\/automovelclube.org.br\/2017\/wp-content\/uploads\/2021\/06\/lopesOf001.jpg?resize=458%2C644&#038;ssl=1\" alt=\"\" width=\"458\" height=\"644\" srcset=\"https:\/\/i0.wp.com\/automovelclube.org.br\/2017\/wp-content\/uploads\/2021\/06\/lopesOf001.jpg?w=1226&amp;ssl=1 1226w, https:\/\/i0.wp.com\/automovelclube.org.br\/2017\/wp-content\/uploads\/2021\/06\/lopesOf001.jpg?resize=213%2C300&amp;ssl=1 213w, https:\/\/i0.wp.com\/automovelclube.org.br\/2017\/wp-content\/uploads\/2021\/06\/lopesOf001.jpg?resize=728%2C1024&amp;ssl=1 728w, https:\/\/i0.wp.com\/automovelclube.org.br\/2017\/wp-content\/uploads\/2021\/06\/lopesOf001.jpg?resize=768%2C1081&amp;ssl=1 768w, https:\/\/i0.wp.com\/automovelclube.org.br\/2017\/wp-content\/uploads\/2021\/06\/lopesOf001.jpg?resize=1092%2C1536&amp;ssl=1 1092w\" sizes=\"auto, (max-width: 458px) 100vw, 458px\" \/><\/b><\/p>\n<p style=\"text-align: center;\"><b><span style=\"color: #ff0000;\">Descontos e condi\u00e7\u00f5es especiais para associados ACESP.\u00a0<\/span><\/b><\/p>\n<p style=\"text-align: center;\">\u00a0<\/p>\n<hr \/>\n<p><b>ALC\u00c2NTARA AUTO CENTER<\/b><\/p>\n<p><b>Loja 1 &#8211; Av P<\/b>apa Jo\u00e3o Paulo I , 3286 &#8211; Jd Pres Dutra &#8211; Guarulhos &#8211; SP<\/p>\n<p>Fone: (11) 2088-6126<\/p>\n<p>Loja 2 &#8211; Av Juscelino Kubstchek, 2067 &#8211; Pimentas &#8211; Guarulhos &#8211; SP<\/p>\n<p>Fone: (11) 2496-0702<\/p>\n<p><span style=\"color: #ff0000;\">Desconto em m\u00e3o de obra\/servi\u00e7os<\/span><\/p>\n<hr \/>\n<p><b>AUTO CENTER MARANATA<\/b><\/p>\n<p>Av. L\u00edder, 1380 &#8211; Itaquera, S\u00e3o Paulo &#8211; SP<\/p>\n<p>Fone: 2855-5779<\/p>\n<p><span style=\"color: #ff0000;\">10% de Desconto em m\u00e3o de obra\/servi\u00e7os<\/span><\/p>\n<hr \/>\n<p><strong>Bueno Car &#8211; Centro Automotivo<\/strong><\/p>\n<p>Av Celso Garcia, 3619 &#8211; Tatuap\u00e9 &#8211; S\u00e3o Paulo-SP<\/p>\n<p>Fone: 2359-9185 \/ 7752-4606 \/ 100*39606<br \/><span style=\"color: #ff0000;\">Alinhamento gratis , revis\u00e3o de suspens\u00e3o e freios, 10% de desconto na m\u00e3e de obra<\/span><\/p>\n<hr \/>\n<p><strong>Centro Automotivo Mitsue<\/strong><\/p>\n<p>Estrada do campo Limpo, 5.260<\/p>\n<p>Fone: 5842-2564<br \/><span style=\"color: #ff0000;\">Alinhamento e revis\u00e3o gr\u00e1tis p\/ socios\u00a0<\/span><\/p>\n<hr \/>\n<p><strong>Express Auto Center Com Escap e Acess Ltda<\/strong><\/p>\n<p>Av Cruzeiro do Sul, 2762 &#8211; Santana &#8211; Sp<\/p>\n<p>TEL: 2972-0966<br \/><span style=\"color: #ff0000;\">Desc de 20%<\/span><\/p>\n<hr \/>\n<p><img data-recalc-dims=\"1\" loading=\"lazy\" decoding=\"async\" class=\"alignnone wp-image-207 \" src=\"https:\/\/i0.wp.com\/automovelclube.org.br\/2017\/wp-content\/uploads\/2016\/12\/design-centro.jpg?resize=410%2C228\" alt=\"design centro automotivo\" width=\"410\" height=\"228\" srcset=\"https:\/\/i0.wp.com\/automovelclube.org.br\/2017\/wp-content\/uploads\/2016\/12\/design-centro.jpg?w=531&amp;ssl=1 531w, https:\/\/i0.wp.com\/automovelclube.org.br\/2017\/wp-content\/uploads\/2016\/12\/design-centro.jpg?resize=300%2C167&amp;ssl=1 300w\" sizes=\"auto, (max-width: 410px) 100vw, 410px\" \/><\/p>\n<p><span style=\"color: #ff0000;\">Alinhamento gratis<\/span><\/p>\n<p><span style=\"color: #ff0000;\">Parcelamento no cart\u00e3o em at\u00e9 5 x s\/juros<\/span><\/p>\n<p><span style=\"color: #ff0000;\">pagamento \u00e0 vista 10% desconto ( exceto balanciamento, cambagem e pneus )<\/span><\/p>\n<hr \/>\n<p><img data-recalc-dims=\"1\" loading=\"lazy\" decoding=\"async\" class=\"alignnone wp-image-209 \" src=\"https:\/\/i0.wp.com\/automovelclube.org.br\/2017\/wp-content\/uploads\/2016\/12\/revolucao.jpg?resize=397%2C218\" width=\"397\" height=\"218\" srcset=\"https:\/\/i0.wp.com\/automovelclube.org.br\/2017\/wp-content\/uploads\/2016\/12\/revolucao.jpg?w=525&amp;ssl=1 525w, https:\/\/i0.wp.com\/automovelclube.org.br\/2017\/wp-content\/uploads\/2016\/12\/revolucao.jpg?resize=300%2C165&amp;ssl=1 300w\" sizes=\"auto, (max-width: 397px) 100vw, 397px\" \/><\/p>\n<p><span style=\"color: #ff0000;\">10% desconto nos servi\u00e7os realizados<\/span><\/p>\n<hr \/>\n<p><img data-recalc-dims=\"1\" loading=\"lazy\" decoding=\"async\" class=\"alignnone wp-image-210 \" src=\"https:\/\/i0.wp.com\/automovelclube.org.br\/2017\/wp-content\/uploads\/2016\/12\/auto-belenzinho2.jpg?resize=383%2C209\" alt=\"auto-belenzinho2\" width=\"383\" height=\"209\" srcset=\"https:\/\/i0.wp.com\/automovelclube.org.br\/2017\/wp-content\/uploads\/2016\/12\/auto-belenzinho2.jpg?w=518&amp;ssl=1 518w, https:\/\/i0.wp.com\/automovelclube.org.br\/2017\/wp-content\/uploads\/2016\/12\/auto-belenzinho2.jpg?resize=300%2C164&amp;ssl=1 300w\" sizes=\"auto, (max-width: 383px) 100vw, 383px\" \/><\/p>\n<p><span style=\"color: #ff0000;\">20% desconto na m\u00e3o de obra<\/span><\/p>\n<hr \/>\n<p><strong>\u00a0Leo Center Automotivos Ltda &#8211; Me<\/strong><\/p>\n<p>Rua Celso Azevedo Marques, 219 &#8211; Mooca &#8211; S\u00e3o Paulo &#8211; SP<\/p>\n<p>Tel.: 2604-4579<\/p>\n<p><span style=\"color: #ff0000;\">Alinhamento gratis para Socios e 05% a 10% desconto na m\u00e3o de obra<\/span><\/p>\n<hr \/>\n<p><img data-recalc-dims=\"1\" loading=\"lazy\" decoding=\"async\" class=\"wp-image-341  alignnone\" src=\"https:\/\/i0.wp.com\/automovelclube.org.br\/2017\/wp-content\/uploads\/2016\/12\/SPEEDRACING-300x167.jpg?resize=374%2C208\" width=\"374\" height=\"208\" srcset=\"https:\/\/i0.wp.com\/automovelclube.org.br\/2017\/wp-content\/uploads\/2016\/12\/SPEEDRACING.jpg?resize=300%2C167&amp;ssl=1 300w, https:\/\/i0.wp.com\/automovelclube.org.br\/2017\/wp-content\/uploads\/2016\/12\/SPEEDRACING.jpg?w=531&amp;ssl=1 531w\" sizes=\"auto, (max-width: 374px) 100vw, 374px\" \/><\/p>\n<p><span style=\"color: #ff0000;\">Desconto 10% na m\u00e3o de obra<\/span><\/p>\n<hr \/>\n<p><img data-recalc-dims=\"1\" loading=\"lazy\" decoding=\"async\" class=\"wp-image-340 alignnone\" src=\"https:\/\/i0.wp.com\/automovelclube.org.br\/2017\/wp-content\/uploads\/2016\/12\/GECAR-300x167.jpg?resize=370%2C206\" width=\"370\" height=\"206\" srcset=\"https:\/\/i0.wp.com\/automovelclube.org.br\/2017\/wp-content\/uploads\/2016\/12\/GECAR.jpg?resize=300%2C167&amp;ssl=1 300w, https:\/\/i0.wp.com\/automovelclube.org.br\/2017\/wp-content\/uploads\/2016\/12\/GECAR.jpg?w=531&amp;ssl=1 531w\" sizes=\"auto, (max-width: 370px) 100vw, 370px\" \/><\/p>\n<p><span style=\"color: #ff0000;\">Desconto 10% \u00e0 50% em servi\u00e7os<\/span><\/p>\n<hr \/>\n<p><img data-recalc-dims=\"1\" loading=\"lazy\" decoding=\"async\" class=\"wp-image-437 alignnone\" src=\"https:\/\/i0.wp.com\/automovelclube.org.br\/2017\/wp-content\/uploads\/2018\/08\/promo%C3%A7%C3%A3o-automovel-clube.jpg?resize=367%2C458\" alt=\"\" width=\"367\" height=\"458\" srcset=\"https:\/\/i0.wp.com\/automovelclube.org.br\/2017\/wp-content\/uploads\/2018\/08\/promo%C3%A7%C3%A3o-automovel-clube.jpg?w=1025&amp;ssl=1 1025w, https:\/\/i0.wp.com\/automovelclube.org.br\/2017\/wp-content\/uploads\/2018\/08\/promo%C3%A7%C3%A3o-automovel-clube.jpg?resize=240%2C300&amp;ssl=1 240w, https:\/\/i0.wp.com\/automovelclube.org.br\/2017\/wp-content\/uploads\/2018\/08\/promo%C3%A7%C3%A3o-automovel-clube.jpg?resize=768%2C959&amp;ssl=1 768w, https:\/\/i0.wp.com\/automovelclube.org.br\/2017\/wp-content\/uploads\/2018\/08\/promo%C3%A7%C3%A3o-automovel-clube.jpg?resize=820%2C1024&amp;ssl=1 820w\" sizes=\"auto, (max-width: 367px) 100vw, 367px\" \/><\/p>\n<hr \/>\n<p><img data-recalc-dims=\"1\" loading=\"lazy\" decoding=\"async\" class=\"wp-image-440 alignnone\" src=\"https:\/\/i0.wp.com\/automovelclube.org.br\/2017\/wp-content\/uploads\/2018\/08\/YOKOHAMA2.jpg?resize=308%2C159\" alt=\"\" width=\"308\" height=\"159\" srcset=\"https:\/\/i0.wp.com\/automovelclube.org.br\/2017\/wp-content\/uploads\/2018\/08\/YOKOHAMA2.jpg?w=1025&amp;ssl=1 1025w, https:\/\/i0.wp.com\/automovelclube.org.br\/2017\/wp-content\/uploads\/2018\/08\/YOKOHAMA2.jpg?resize=300%2C155&amp;ssl=1 300w, https:\/\/i0.wp.com\/automovelclube.org.br\/2017\/wp-content\/uploads\/2018\/08\/YOKOHAMA2.jpg?resize=768%2C396&amp;ssl=1 768w, https:\/\/i0.wp.com\/automovelclube.org.br\/2017\/wp-content\/uploads\/2018\/08\/YOKOHAMA2.jpg?resize=1024%2C527&amp;ssl=1 1024w\" sizes=\"auto, (max-width: 308px) 100vw, 308px\" \/><\/p>\n<p>\u00a0<\/p>\n<hr \/>\n<h1 style=\"text-align: left;\"><strong>Centro Automotivo IMP\u00c9RIO<\/strong><\/h1>\n<p style=\"text-align: left;\">Av. Agu\u00e1 Fria n\u00ba 660 &#8211; Agu\u00e1 Fria\/Santana &#8211; S.P.<\/p>\n<p style=\"text-align: left;\">F.: (11) 4371-5748 \/ (11) 4371-5749 \/ (11) 94030-5741<\/p>\n<p style=\"text-align: left;\"><span style=\"color: #ff0000;\">Descontos especiais para associados A.C.E.S.P.<\/span><\/p>\n<hr \/>\n<p><img data-recalc-dims=\"1\" loading=\"lazy\" decoding=\"async\" class=\"wp-image-514 alignnone\" src=\"https:\/\/i0.wp.com\/automovelclube.org.br\/2017\/wp-content\/uploads\/2019\/05\/acesp002.jpg?resize=290%2C147\" alt=\"\" width=\"290\" height=\"147\" srcset=\"https:\/\/i0.wp.com\/automovelclube.org.br\/2017\/wp-content\/uploads\/2019\/05\/acesp002.jpg?w=1019&amp;ssl=1 1019w, https:\/\/i0.wp.com\/automovelclube.org.br\/2017\/wp-content\/uploads\/2019\/05\/acesp002.jpg?resize=300%2C152&amp;ssl=1 300w, https:\/\/i0.wp.com\/automovelclube.org.br\/2017\/wp-content\/uploads\/2019\/05\/acesp002.jpg?resize=768%2C389&amp;ssl=1 768w\" sizes=\"auto, (max-width: 290px) 100vw, 290px\" \/> <img data-recalc-dims=\"1\" loading=\"lazy\" decoding=\"async\" class=\"wp-image-515 alignnone\" src=\"https:\/\/i0.wp.com\/automovelclube.org.br\/2017\/wp-content\/uploads\/2019\/05\/acesp003.jpg?resize=290%2C154\" alt=\"\" width=\"290\" height=\"154\" srcset=\"https:\/\/i0.wp.com\/automovelclube.org.br\/2017\/wp-content\/uploads\/2019\/05\/acesp003.jpg?w=1062&amp;ssl=1 1062w, https:\/\/i0.wp.com\/automovelclube.org.br\/2017\/wp-content\/uploads\/2019\/05\/acesp003.jpg?resize=300%2C159&amp;ssl=1 300w, https:\/\/i0.wp.com\/automovelclube.org.br\/2017\/wp-content\/uploads\/2019\/05\/acesp003.jpg?resize=768%2C408&amp;ssl=1 768w, https:\/\/i0.wp.com\/automovelclube.org.br\/2017\/wp-content\/uploads\/2019\/05\/acesp003.jpg?resize=1024%2C544&amp;ssl=1 1024w\" sizes=\"auto, (max-width: 290px) 100vw, 290px\" \/><\/p>\n<p><span style=\"color: #ff0000;\">Descontos de 5% a 15% (a variar conforme os servi\u00e7os).<\/span><\/p>\n<hr \/>\n<p><img data-recalc-dims=\"1\" loading=\"lazy\" decoding=\"async\" class=\"wp-image-520 alignnone\" src=\"https:\/\/i0.wp.com\/automovelclube.org.br\/2017\/wp-content\/uploads\/2019\/05\/acesp001.jpg?resize=291%2C153\" alt=\"\" width=\"291\" height=\"153\" srcset=\"https:\/\/i0.wp.com\/automovelclube.org.br\/2017\/wp-content\/uploads\/2019\/05\/acesp001.jpg?w=1014&amp;ssl=1 1014w, https:\/\/i0.wp.com\/automovelclube.org.br\/2017\/wp-content\/uploads\/2019\/05\/acesp001.jpg?resize=300%2C158&amp;ssl=1 300w, https:\/\/i0.wp.com\/automovelclube.org.br\/2017\/wp-content\/uploads\/2019\/05\/acesp001.jpg?resize=768%2C404&amp;ssl=1 768w\" sizes=\"auto, (max-width: 291px) 100vw, 291px\" \/><\/p>\n<p><span style=\"color: #ff0000;\">Descontos especiais<\/span><\/p>\n<hr \/>\n<p><span style=\"color: #ff0000;\"><img data-recalc-dims=\"1\" loading=\"lazy\" decoding=\"async\" class=\"wp-image-617 alignnone\" src=\"https:\/\/i0.wp.com\/automovelclube.org.br\/2017\/wp-content\/uploads\/2021\/06\/bono001.jpg?resize=318%2C174&#038;ssl=1\" alt=\"\" width=\"318\" height=\"174\" srcset=\"https:\/\/i0.wp.com\/automovelclube.org.br\/2017\/wp-content\/uploads\/2021\/06\/bono001.jpg?w=1018&amp;ssl=1 1018w, https:\/\/i0.wp.com\/automovelclube.org.br\/2017\/wp-content\/uploads\/2021\/06\/bono001.jpg?resize=300%2C164&amp;ssl=1 300w, https:\/\/i0.wp.com\/automovelclube.org.br\/2017\/wp-content\/uploads\/2021\/06\/bono001.jpg?resize=768%2C419&amp;ssl=1 768w\" sizes=\"auto, (max-width: 318px) 100vw, 318px\" \/><\/span><\/p>\n<p><span style=\"color: #ff0000;\">Descontos Especiais<\/span><\/p>\n<hr \/>\n\n\n<figure class=\"wp-block-image size-large\"><img data-recalc-dims=\"1\" loading=\"lazy\" decoding=\"async\" width=\"610\" height=\"478\" src=\"https:\/\/i0.wp.com\/automovelclube.org.br\/2017\/wp-content\/uploads\/2023\/05\/gp2.jpeg?resize=610%2C478&#038;ssl=1\" alt=\"\" class=\"wp-image-652\" srcset=\"https:\/\/i0.wp.com\/automovelclube.org.br\/2017\/wp-content\/uploads\/2023\/05\/gp2.jpeg?resize=1024%2C802&amp;ssl=1 1024w, https:\/\/i0.wp.com\/automovelclube.org.br\/2017\/wp-content\/uploads\/2023\/05\/gp2.jpeg?resize=300%2C235&amp;ssl=1 300w, https:\/\/i0.wp.com\/automovelclube.org.br\/2017\/wp-content\/uploads\/2023\/05\/gp2.jpeg?resize=768%2C602&amp;ssl=1 768w, https:\/\/i0.wp.com\/automovelclube.org.br\/2017\/wp-content\/uploads\/2023\/05\/gp2.jpeg?w=1026&amp;ssl=1 1026w\" sizes=\"auto, (max-width: 610px) 100vw, 610px\" \/><\/figure>\n\n\n\n<ul class=\"wp-block-list\">\n<li><\/li>\n<\/ul>\n\n\n\n<p><\/p>\n","protected":false},"excerpt":{"rendered":"<p>Descontos e condi\u00e7\u00f5es especiais para associados ACESP.\u00a0 \u00a0 ALC\u00c2NTARA AUTO CENTER Loja 1 &#8211; Av Papa Jo\u00e3o Paulo I , 3286 &#8211; Jd Pres Dutra &#8211; Guarulhos &#8211; SP Fone: (11) 2088-6126 Loja 2 &#8211; Av Juscelino Kubstchek, 2067 &#8211; Pimentas &#8211; Guarulhos &#8211; SP Fone: (11) 2496-0702 Desconto em m\u00e3o de obra\/servi\u00e7os AUTO CENTER [&hellip;]<\/p>\n","protected":false},"author":1,"featured_media":0,"parent":0,"menu_order":0,"comment_status":"closed","ping_status":"closed","template":"","meta":{"nf_dc_page":"","om_disable_all_campaigns":false,"footnotes":""},"class_list":["post-205","page","type-page","status-publish","hentry"],"jetpack_sharing_enabled":true,"_links":{"self":[{"href":"https:\/\/automovelclube.org.br\/2017\/index.php\/wp-json\/wp\/v2\/pages\/205","targetHints":{"allow":["GET"]}}],"collection":[{"href":"https:\/\/automovelclube.org.br\/2017\/index.php\/wp-json\/wp\/v2\/pages"}],"about":[{"href":"https:\/\/automovelclube.org.br\/2017\/index.php\/wp-json\/wp\/v2\/types\/page"}],"author":[{"embeddable":true,"href":"https:\/\/automovelclube.org.br\/2017\/index.php\/wp-json\/wp\/v2\/users\/1"}],"replies":[{"embeddable":true,"href":"https:\/\/automovelclube.org.br\/2017\/index.php\/wp-json\/wp\/v2\/comments?post=205"}],"version-history":[{"count":5,"href":"https:\/\/automovelclube.org.br\/2017\/index.php\/wp-json\/wp\/v2\/pages\/205\/revisions"}],"predecessor-version":[{"id":653,"href":"https:\/\/automovelclube.org.br\/2017\/index.php\/wp-json\/wp\/v2\/pages\/205\/revisions\/653"}],"wp:attachment":[{"href":"https:\/\/automovelclube.org.br\/2017\/index.php\/wp-json\/wp\/v2\/media?parent=205"}],"curies":[{"name":"wp","href":"https:\/\/api.w.org\/{rel}","templated":true}]}}