{"id":202,"date":"2016-12-09T15:33:40","date_gmt":"2016-12-09T15:33:40","guid":{"rendered":"http:\/\/automovelclube.org.br\/2017\/?page_id=202"},"modified":"2017-03-09T17:04:09","modified_gmt":"2017-03-09T17:04:09","slug":"ar-condicionado","status":"publish","type":"page","link":"https:\/\/automovelclube.org.br\/2017\/index.php\/ar-condicionado\/","title":{"rendered":"AR CONDICIONADO"},"content":{"rendered":"<p><strong>K2 Ar Condicionado Automotivo<br \/>\n<\/strong><br \/>\nAv Guapira, 520 &#8211; Tucuruvi &#8211; S\u00e3o Paulo-SP &#8211; Tel: 2951-0046 \/ 3892-9236<\/p>\n<p>Av Carlos de Campos, 272 &#8211; Br\u00e1s &#8211; 2081-2005 \/ 2307-0059<\/p>\n<p>Av H\u00e9lio Pellegrino, 775 &#8211; Moema &#8211; 5096-2812 \/ 2308-7065<\/p>\n<p>Rua dos Pinheiros, 984 &#8211; Pinheiros &#8211; 3061-5150 \/ 2309-4113<\/p>\n<p>Rua Domingos de Morais, 2735 &#8211; Vila Mariana &#8211; 5082-3766<\/p>\n<p>Diagn\u00f3stico completo: freios, baterias, rod\u00edzio, ar, dire\u00e7\u00e3o.<\/p>\n<p><span style=\"color: #ff0000;\">GR\u00c1TIS, revis\u00e3o de luzes e regulagem dos far\u00f3is<\/span><\/p>\n<p><span style=\"color: #ff0000;\">Descontos de 10 % em pe\u00e7as, e 20% em m\u00e3o de obra\u00a0<\/span><\/p>\n<hr \/>\n<p><img data-recalc-dims=\"1\" loading=\"lazy\" decoding=\"async\" class=\"wp-image-353 alignleft\" src=\"https:\/\/i0.wp.com\/automovelclube.org.br\/2017\/wp-content\/uploads\/2016\/12\/ark7_0001-e1489078372329.jpg?resize=380%2C206\" alt=\"\" width=\"380\" height=\"206\" srcset=\"https:\/\/i0.wp.com\/automovelclube.org.br\/2017\/wp-content\/uploads\/2016\/12\/ark7_0001-e1489078372329.jpg?w=1063&amp;ssl=1 1063w, https:\/\/i0.wp.com\/automovelclube.org.br\/2017\/wp-content\/uploads\/2016\/12\/ark7_0001-e1489078372329.jpg?resize=300%2C163&amp;ssl=1 300w, https:\/\/i0.wp.com\/automovelclube.org.br\/2017\/wp-content\/uploads\/2016\/12\/ark7_0001-e1489078372329.jpg?resize=768%2C417&amp;ssl=1 768w, https:\/\/i0.wp.com\/automovelclube.org.br\/2017\/wp-content\/uploads\/2016\/12\/ark7_0001-e1489078372329.jpg?resize=1024%2C556&amp;ssl=1 1024w\" sizes=\"auto, (max-width: 380px) 100vw, 380px\" \/><\/p>\n<p>&nbsp;<\/p>\n<p>&nbsp;<\/p>\n<p>&nbsp;<\/p>\n<p>&nbsp;<\/p>\n<p>&nbsp;<\/p>\n<p>&nbsp;<\/p>\n<p>&nbsp;<\/p>\n<p>Manuten\u00e7\u00e3o de ar condicionado residencial e comercial<\/p>\n<p><span style=\"color: #ff0000;\">Descontos de 15 % em m\u00e3o de obra<\/span>\u00a0<span style=\"color: #ff0000;\">climatiza\u00e7\u00e3o e el\u00e9trica.<\/span><\/p>\n<hr \/>\n<p>&nbsp;<\/p>\n","protected":false},"excerpt":{"rendered":"<p>K2 Ar Condicionado Automotivo Av Guapira, 520 &#8211; Tucuruvi &#8211; S\u00e3o Paulo-SP &#8211; Tel: 2951-0046 \/ 3892-9236 Av Carlos de Campos, 272 &#8211; Br\u00e1s &#8211; 2081-2005 \/ 2307-0059 Av H\u00e9lio Pellegrino, 775 &#8211; Moema &#8211; 5096-2812 \/ 2308-7065 Rua dos Pinheiros, 984 &#8211; Pinheiros &#8211; 3061-5150 \/ 2309-4113 Rua Domingos de Morais, 2735 &#8211; Vila [&hellip;]<\/p>\n","protected":false},"author":1,"featured_media":0,"parent":0,"menu_order":0,"comment_status":"closed","ping_status":"closed","template":"","meta":{"nf_dc_page":"","om_disable_all_campaigns":false,"footnotes":""},"class_list":["post-202","page","type-page","status-publish","hentry"],"jetpack_sharing_enabled":true,"_links":{"self":[{"href":"https:\/\/automovelclube.org.br\/2017\/index.php\/wp-json\/wp\/v2\/pages\/202","targetHints":{"allow":["GET"]}}],"collection":[{"href":"https:\/\/automovelclube.org.br\/2017\/index.php\/wp-json\/wp\/v2\/pages"}],"about":[{"href":"https:\/\/automovelclube.org.br\/2017\/index.php\/wp-json\/wp\/v2\/types\/page"}],"author":[{"embeddable":true,"href":"https:\/\/automovelclube.org.br\/2017\/index.php\/wp-json\/wp\/v2\/users\/1"}],"replies":[{"embeddable":true,"href":"https:\/\/automovelclube.org.br\/2017\/index.php\/wp-json\/wp\/v2\/comments?post=202"}],"version-history":[{"count":6,"href":"https:\/\/automovelclube.org.br\/2017\/index.php\/wp-json\/wp\/v2\/pages\/202\/revisions"}],"predecessor-version":[{"id":357,"href":"https:\/\/automovelclube.org.br\/2017\/index.php\/wp-json\/wp\/v2\/pages\/202\/revisions\/357"}],"wp:attachment":[{"href":"https:\/\/automovelclube.org.br\/2017\/index.php\/wp-json\/wp\/v2\/media?parent=202"}],"curies":[{"name":"wp","href":"https:\/\/api.w.org\/{rel}","templated":true}]}}