{"id":2,"date":"2016-09-20T15:42:55","date_gmt":"2016-09-20T15:42:55","guid":{"rendered":"http:\/\/automovelclube.org.br\/2017\/?page_id=2"},"modified":"2020-11-30T21:24:18","modified_gmt":"2020-11-30T21:24:18","slug":"sample-page","status":"publish","type":"page","link":"https:\/\/automovelclube.org.br\/2017\/","title":{"rendered":"Quem Somos"},"content":{"rendered":"<p style=\"text-align: justify;\"><img data-recalc-dims=\"1\" loading=\"lazy\" decoding=\"async\" class=\"alignnone size-full wp-image-13\" src=\"https:\/\/i0.wp.com\/automovelclube.org.br\/2017\/wp-content\/uploads\/2016\/09\/quemsomos.jpg?resize=610%2C94\" alt=\"quemsomos\" width=\"610\" height=\"94\" srcset=\"https:\/\/i0.wp.com\/automovelclube.org.br\/2017\/wp-content\/uploads\/2016\/09\/quemsomos.jpg?w=647&amp;ssl=1 647w, https:\/\/i0.wp.com\/automovelclube.org.br\/2017\/wp-content\/uploads\/2016\/09\/quemsomos.jpg?resize=300%2C46&amp;ssl=1 300w\" sizes=\"auto, (max-width: 610px) 100vw, 610px\" \/><\/p>\n<p style=\"text-align: justify;\">Desde 30 de Junho de 1935 , o <strong>ACESP<\/strong> \u00e9 o mais tradicional Clube de Assist\u00eancia Automobil\u00edstica do Estado de S\u00e3o Paulo , criado para fomentar o desenvolvimento do Automobilismo no Estado de S\u00e3o Paulo, e tornou-se rapidamente a grande sociedade dos propriet\u00e1rios de ve\u00edculos automotores.<\/p>\n<p style=\"text-align: justify;\">Surgiu a partir da ideia de um grupo de amigos, que resolveram instituir uma sociedade sem fins lucrativos a fim de oferecer aos seus associados uma gama de benef\u00edcios e servi\u00e7os. Guinchos 24 horas, prestando socorro e reboque, desburocratiza\u00e7\u00e3o da documenta\u00e7\u00e3o de ve\u00edculos, promo\u00e7\u00e3o de competi\u00e7\u00f5es entre outras atividades. O que mais tarde iria trazer ao Acesp o prest\u00edgio da sociedade e o reconhecimento das autoridades do setor que declararam sendo de Utilidade P\u00fablica (decreto 18.739).<\/p>\n<p style=\"text-align: justify;\"><img data-recalc-dims=\"1\" loading=\"lazy\" decoding=\"async\" class=\"wp-image-511 alignleft\" src=\"https:\/\/i0.wp.com\/automovelclube.org.br\/2017\/wp-content\/uploads\/2019\/05\/20190523_142103.jpg?resize=367%2C178\" alt=\"\" width=\"367\" height=\"178\" srcset=\"https:\/\/i0.wp.com\/automovelclube.org.br\/2017\/wp-content\/uploads\/2019\/05\/20190523_142103.jpg?w=4128&amp;ssl=1 4128w, https:\/\/i0.wp.com\/automovelclube.org.br\/2017\/wp-content\/uploads\/2019\/05\/20190523_142103.jpg?resize=300%2C146&amp;ssl=1 300w, https:\/\/i0.wp.com\/automovelclube.org.br\/2017\/wp-content\/uploads\/2019\/05\/20190523_142103.jpg?resize=768%2C373&amp;ssl=1 768w, https:\/\/i0.wp.com\/automovelclube.org.br\/2017\/wp-content\/uploads\/2019\/05\/20190523_142103.jpg?resize=1024%2C498&amp;ssl=1 1024w, https:\/\/i0.wp.com\/automovelclube.org.br\/2017\/wp-content\/uploads\/2019\/05\/20190523_142103.jpg?resize=680%2C330&amp;ssl=1 680w, https:\/\/i0.wp.com\/automovelclube.org.br\/2017\/wp-content\/uploads\/2019\/05\/20190523_142103.jpg?w=1220&amp;ssl=1 1220w, https:\/\/i0.wp.com\/automovelclube.org.br\/2017\/wp-content\/uploads\/2019\/05\/20190523_142103.jpg?w=1830&amp;ssl=1 1830w\" sizes=\"auto, (max-width: 367px) 100vw, 367px\" \/>O Acesp iniciou suas atividades em S\u00e3o Paulo, na Rua Martinho Francisco, 53 no bairro de Santa Cec\u00edlia, antiga sede. E mais tarde desceu a serra e instalou uma sede em Santos na Av Conselheiro N\u00e9bias, hoje desativada.<\/p>\n<p style=\"text-align: justify;\">Em fevereiro de 1973, com orgulho fomos os organizadores do 1.o Grand Prix de F\u00f3rmula no Aut\u00f3dromo de Interlagos, corrida vencida pelo piloto Emerson Fitipaldi. Nos anos 80 , devido ao grande crescimento da entidade, surgiu a necessidade de ter mais uma sub-sede para atender melhor aos associados , ent\u00e3o foi constru\u00eddo um pr\u00e9dio moderno e arrojado na Casa Verde na Rua Jos\u00e9 de Oliveira, 15. Atualmente desativado.<\/p>\n<p style=\"text-align: justify;\">Hoje, o ACESP conta com uma moderna frota de guinchos, diversos departamentos de atendimento e servi\u00e7os informatizados, atendendo toda Grande S\u00e3o Paulo e Litoral. E em nossa <strong>nova sede<\/strong> na Rua J\u00falio de Castilhos, 416 , Bel\u00e9m , S\u00e3o Paulo-SP.<\/p>\n<p style=\"text-align: justify;\">Enfim o ACESP , \u00e9 isso e muito mais e para nos conhecer melhor torne-se um s\u00f3cio para usufruir de todas as nossas vantagens.<\/p>\n<hr \/>\n","protected":false},"excerpt":{"rendered":"<p>Desde 30 de Junho de 1935 , o ACESP \u00e9 o mais tradicional Clube de Assist\u00eancia Automobil\u00edstica do Estado de S\u00e3o Paulo , criado para fomentar o desenvolvimento do Automobilismo no Estado de S\u00e3o Paulo, e tornou-se rapidamente a grande sociedade dos propriet\u00e1rios de ve\u00edculos automotores. Surgiu a partir da ideia de um grupo de [&hellip;]<\/p>\n","protected":false},"author":1,"featured_media":0,"parent":0,"menu_order":0,"comment_status":"closed","ping_status":"open","template":"","meta":{"nf_dc_page":"","om_disable_all_campaigns":false,"footnotes":""},"class_list":["post-2","page","type-page","status-publish","hentry"],"jetpack_sharing_enabled":true,"_links":{"self":[{"href":"https:\/\/automovelclube.org.br\/2017\/index.php\/wp-json\/wp\/v2\/pages\/2","targetHints":{"allow":["GET"]}}],"collection":[{"href":"https:\/\/automovelclube.org.br\/2017\/index.php\/wp-json\/wp\/v2\/pages"}],"about":[{"href":"https:\/\/automovelclube.org.br\/2017\/index.php\/wp-json\/wp\/v2\/types\/page"}],"author":[{"embeddable":true,"href":"https:\/\/automovelclube.org.br\/2017\/index.php\/wp-json\/wp\/v2\/users\/1"}],"replies":[{"embeddable":true,"href":"https:\/\/automovelclube.org.br\/2017\/index.php\/wp-json\/wp\/v2\/comments?post=2"}],"version-history":[{"count":7,"href":"https:\/\/automovelclube.org.br\/2017\/index.php\/wp-json\/wp\/v2\/pages\/2\/revisions"}],"predecessor-version":[{"id":594,"href":"https:\/\/automovelclube.org.br\/2017\/index.php\/wp-json\/wp\/v2\/pages\/2\/revisions\/594"}],"wp:attachment":[{"href":"https:\/\/automovelclube.org.br\/2017\/index.php\/wp-json\/wp\/v2\/media?parent=2"}],"curies":[{"name":"wp","href":"https:\/\/api.w.org\/{rel}","templated":true}]}}