{"id":194,"date":"2016-12-09T15:18:20","date_gmt":"2016-12-09T15:18:20","guid":{"rendered":"http:\/\/automovelclube.org.br\/2017\/?page_id=194"},"modified":"2016-12-09T15:20:03","modified_gmt":"2016-12-09T15:20:03","slug":"oticas","status":"publish","type":"page","link":"https:\/\/automovelclube.org.br\/2017\/index.php\/oticas\/","title":{"rendered":"\u00d3TICAS"},"content":{"rendered":"<p><strong>\u00d3ptica Vicenna<\/strong><br \/>\nRua Ezequiel Freire, 40 &#8211; Santana &#8211; S\u00e3o Paulo-SP<\/p>\n<p>Fone: 2978-5553<br \/>\n<span style=\"color: #ff0000;\">Consulta gr\u00e1tis \/ 20% desconto em lentes \/ 25% em arma\u00e7\u00f5es nacionais<\/span><\/p>\n<hr \/>\n<p><strong>\u00d3ptica 20\/20<\/strong><br \/>\nAv. S\u00e3o Luis, 174 &#8211; Centro &#8211; S\u00e3o Paulo-SP<\/p>\n<p>Rua Manuel da N\u00f3brega, 60<\/p>\n<p>Fone: 3231-1649 \/\u00a0Fone: 3288-2665<\/p>\n<p><span style=\"color: #ff0000;\">Desconto de 10%<\/span><\/p>\n<hr \/>\n<p><strong>\u00d3tica Betel<\/strong><br \/>\nEstr L\u00e1zaro Am\u00e2ncio de Barros, 100 &#8211; Lgo da Teresinha -SP<br \/>\nRua 7 de Abril, 125 &#8211; Centro-SP<\/p>\n<p>F: 3924-5856<\/p>\n<p>F: 3259-1666<\/p>\n<p><span style=\"color: #ff0000;\">Desconto de 20% &#8211; vista \/ 10% em 4 X<\/span><\/p>\n","protected":false},"excerpt":{"rendered":"<p>\u00d3ptica Vicenna Rua Ezequiel Freire, 40 &#8211; Santana &#8211; S\u00e3o Paulo-SP Fone: 2978-5553 Consulta gr\u00e1tis \/ 20% desconto em lentes \/ 25% em arma\u00e7\u00f5es nacionais \u00d3ptica 20\/20 Av. S\u00e3o Luis, 174 &#8211; Centro &#8211; S\u00e3o Paulo-SP Rua Manuel da N\u00f3brega, 60 Fone: 3231-1649 \/\u00a0Fone: 3288-2665 Desconto de 10% \u00d3tica Betel Estr L\u00e1zaro Am\u00e2ncio de Barros, [&hellip;]<\/p>\n","protected":false},"author":1,"featured_media":0,"parent":0,"menu_order":0,"comment_status":"closed","ping_status":"closed","template":"","meta":{"nf_dc_page":"","om_disable_all_campaigns":false,"footnotes":""},"class_list":["post-194","page","type-page","status-publish","hentry"],"jetpack_sharing_enabled":true,"_links":{"self":[{"href":"https:\/\/automovelclube.org.br\/2017\/index.php\/wp-json\/wp\/v2\/pages\/194","targetHints":{"allow":["GET"]}}],"collection":[{"href":"https:\/\/automovelclube.org.br\/2017\/index.php\/wp-json\/wp\/v2\/pages"}],"about":[{"href":"https:\/\/automovelclube.org.br\/2017\/index.php\/wp-json\/wp\/v2\/types\/page"}],"author":[{"embeddable":true,"href":"https:\/\/automovelclube.org.br\/2017\/index.php\/wp-json\/wp\/v2\/users\/1"}],"replies":[{"embeddable":true,"href":"https:\/\/automovelclube.org.br\/2017\/index.php\/wp-json\/wp\/v2\/comments?post=194"}],"version-history":[{"count":1,"href":"https:\/\/automovelclube.org.br\/2017\/index.php\/wp-json\/wp\/v2\/pages\/194\/revisions"}],"predecessor-version":[{"id":196,"href":"https:\/\/automovelclube.org.br\/2017\/index.php\/wp-json\/wp\/v2\/pages\/194\/revisions\/196"}],"wp:attachment":[{"href":"https:\/\/automovelclube.org.br\/2017\/index.php\/wp-json\/wp\/v2\/media?parent=194"}],"curies":[{"name":"wp","href":"https:\/\/api.w.org\/{rel}","templated":true}]}}