{"id":191,"date":"2016-12-09T15:15:55","date_gmt":"2016-12-09T15:15:55","guid":{"rendered":"http:\/\/automovelclube.org.br\/2017\/?page_id=191"},"modified":"2016-12-09T15:15:55","modified_gmt":"2016-12-09T15:15:55","slug":"odontologia","status":"publish","type":"page","link":"https:\/\/automovelclube.org.br\/2017\/index.php\/odontologia\/","title":{"rendered":"ODONTOLOGIA"},"content":{"rendered":"<p><strong>Dra. Tatiana Romano Lulo &#8211; Dentista<\/strong><br \/>\nAv. Sabia, 28 &#8211; Moema &#8211; SP<\/p>\n<p>Fone: 5051-1365<br \/>\n<span style=\"color: #ff0000;\">Desconto de 30% sobre tabela particular<\/span><\/p>\n<hr \/>\n<p><strong>Dra. Silvia Trevisan Cuartero &#8211; Odontologia<\/strong><br \/>\nAv. Bosque da Sa\u00fade, 1452 &#8211; Jd da Sa\u00fade &#8211; SP<\/p>\n<p>Tel 3496-4021<br \/>\n<span style=\"color: #ff0000;\">Descontos de 30%<\/span><\/p>\n<hr \/>\n<p><strong>Cl\u00ednica Odontol\u00f3gica MORI OS\u00d3RIO<\/strong><br \/>\nRua Herval, 344 &#8211; Belenzinho &#8211; SP<\/p>\n<p>Tel.: 2694-0164\/ 2291-7224<\/p>\n<p><span style=\"color: #ff0000;\">Descontos de 20 a 30%<\/span><\/p>\n","protected":false},"excerpt":{"rendered":"<p>Dra. Tatiana Romano Lulo &#8211; Dentista Av. Sabia, 28 &#8211; Moema &#8211; SP Fone: 5051-1365 Desconto de 30% sobre tabela particular Dra. Silvia Trevisan Cuartero &#8211; Odontologia Av. Bosque da Sa\u00fade, 1452 &#8211; Jd da Sa\u00fade &#8211; SP Tel 3496-4021 Descontos de 30% Cl\u00ednica Odontol\u00f3gica MORI OS\u00d3RIO Rua Herval, 344 &#8211; Belenzinho &#8211; SP Tel.: [&hellip;]<\/p>\n","protected":false},"author":1,"featured_media":0,"parent":0,"menu_order":0,"comment_status":"closed","ping_status":"closed","template":"","meta":{"nf_dc_page":"","om_disable_all_campaigns":false,"footnotes":""},"class_list":["post-191","page","type-page","status-publish","hentry"],"jetpack_sharing_enabled":true,"_links":{"self":[{"href":"https:\/\/automovelclube.org.br\/2017\/index.php\/wp-json\/wp\/v2\/pages\/191","targetHints":{"allow":["GET"]}}],"collection":[{"href":"https:\/\/automovelclube.org.br\/2017\/index.php\/wp-json\/wp\/v2\/pages"}],"about":[{"href":"https:\/\/automovelclube.org.br\/2017\/index.php\/wp-json\/wp\/v2\/types\/page"}],"author":[{"embeddable":true,"href":"https:\/\/automovelclube.org.br\/2017\/index.php\/wp-json\/wp\/v2\/users\/1"}],"replies":[{"embeddable":true,"href":"https:\/\/automovelclube.org.br\/2017\/index.php\/wp-json\/wp\/v2\/comments?post=191"}],"version-history":[{"count":1,"href":"https:\/\/automovelclube.org.br\/2017\/index.php\/wp-json\/wp\/v2\/pages\/191\/revisions"}],"predecessor-version":[{"id":193,"href":"https:\/\/automovelclube.org.br\/2017\/index.php\/wp-json\/wp\/v2\/pages\/191\/revisions\/193"}],"wp:attachment":[{"href":"https:\/\/automovelclube.org.br\/2017\/index.php\/wp-json\/wp\/v2\/media?parent=191"}],"curies":[{"name":"wp","href":"https:\/\/api.w.org\/{rel}","templated":true}]}}