{"id":187,"date":"2016-12-09T15:12:32","date_gmt":"2016-12-09T15:12:32","guid":{"rendered":"http:\/\/automovelclube.org.br\/2017\/?page_id=187"},"modified":"2016-12-09T15:12:32","modified_gmt":"2016-12-09T15:12:32","slug":"drogarias","status":"publish","type":"page","link":"https:\/\/automovelclube.org.br\/2017\/index.php\/drogarias\/","title":{"rendered":"DROGARIAS"},"content":{"rendered":"<p><strong>Drogaria Farmais &#8211; Curu\u00e7a Velha<\/strong><br \/>\nRua Guirapa, 26 &#8211; Curu\u00e7a Velha &#8211; \u00a0S\u00e3o Paulo-SP<\/p>\n<p>Fone: 2035-4562<\/p>\n<p><span style=\"color: #ff0000;\">Desconto de at\u00e9 20% &#8211; em medicamentos.<\/span><\/p>\n<hr \/>\n<p><strong>Drogaria Marcelo Esteves<\/strong><br \/>\nRua Ilha Comprida, 08 &#8211; Jd. S\u00e3o Paulo &#8211; Guarulhos &#8211; SP<\/p>\n<p>Fone: 2404-3496 \/ 2405-6155 \/ 2405-5808<br \/>\n<span style=\"color: #ff0000;\">Desconto de 15% &#8211; Cheque pr\u00e9 30-60 dias<\/span><\/p>\n","protected":false},"excerpt":{"rendered":"<p>Drogaria Farmais &#8211; Curu\u00e7a Velha Rua Guirapa, 26 &#8211; Curu\u00e7a Velha &#8211; \u00a0S\u00e3o Paulo-SP Fone: 2035-4562 Desconto de at\u00e9 20% &#8211; em medicamentos. Drogaria Marcelo Esteves Rua Ilha Comprida, 08 &#8211; Jd. S\u00e3o Paulo &#8211; Guarulhos &#8211; SP Fone: 2404-3496 \/ 2405-6155 \/ 2405-5808 Desconto de 15% &#8211; Cheque pr\u00e9 30-60 dias<\/p>\n","protected":false},"author":1,"featured_media":0,"parent":0,"menu_order":0,"comment_status":"closed","ping_status":"closed","template":"","meta":{"nf_dc_page":"","om_disable_all_campaigns":false,"footnotes":""},"class_list":["post-187","page","type-page","status-publish","hentry"],"jetpack_sharing_enabled":true,"_links":{"self":[{"href":"https:\/\/automovelclube.org.br\/2017\/index.php\/wp-json\/wp\/v2\/pages\/187","targetHints":{"allow":["GET"]}}],"collection":[{"href":"https:\/\/automovelclube.org.br\/2017\/index.php\/wp-json\/wp\/v2\/pages"}],"about":[{"href":"https:\/\/automovelclube.org.br\/2017\/index.php\/wp-json\/wp\/v2\/types\/page"}],"author":[{"embeddable":true,"href":"https:\/\/automovelclube.org.br\/2017\/index.php\/wp-json\/wp\/v2\/users\/1"}],"replies":[{"embeddable":true,"href":"https:\/\/automovelclube.org.br\/2017\/index.php\/wp-json\/wp\/v2\/comments?post=187"}],"version-history":[{"count":1,"href":"https:\/\/automovelclube.org.br\/2017\/index.php\/wp-json\/wp\/v2\/pages\/187\/revisions"}],"predecessor-version":[{"id":189,"href":"https:\/\/automovelclube.org.br\/2017\/index.php\/wp-json\/wp\/v2\/pages\/187\/revisions\/189"}],"wp:attachment":[{"href":"https:\/\/automovelclube.org.br\/2017\/index.php\/wp-json\/wp\/v2\/media?parent=187"}],"curies":[{"name":"wp","href":"https:\/\/api.w.org\/{rel}","templated":true}]}}