{"id":171,"date":"2016-12-09T14:52:14","date_gmt":"2016-12-09T14:52:14","guid":{"rendered":"http:\/\/automovelclube.org.br\/2017\/?page_id=171"},"modified":"2019-09-20T15:27:50","modified_gmt":"2019-09-20T15:27:50","slug":"clinicas","status":"publish","type":"page","link":"https:\/\/automovelclube.org.br\/2017\/index.php\/clinicas\/","title":{"rendered":"CL\u00cdNICAS"},"content":{"rendered":"<p><strong>Cl\u00ednica M\u00e9dica DR. Marcondes<\/strong><br \/>\nRua Corifeu de Azevedo Marques, 5196<\/p>\n<p>Fone: 3768-1021<br \/>\n<span style=\"color: #ff0000;\">Desconto de 25 %<\/span><\/p>\n<hr \/>\n<p><strong>Dr Miguel Franco Carmel Romano &#8211; Clinico Geral, Med do Trabalho, Med Desportiva<\/strong><br \/>\nAv. LIns de Vasaconcelos, 3282 &#8211; 10 andar cj 104 &#8211; V. Mariana &#8211; Sp<br \/>\nAv Bosque da Sa\u00fade, 1452- Jd da Sa\u00fade &#8211; SP<\/p>\n<p>F: 5575-1149 \/ F: 5589-3205<\/p>\n<p><span style=\"color: #ff0000;\">Descontos especiais<\/span><\/p>\n<hr \/>\n<p><strong>Dr. William Monasteiro &#8211; Oftalmologia &#8211; Cl\u00ednica e Cirurgia<\/strong><br \/>\nRua Fernando de Albuquerque n\u00ba 184 &#8211; Consola\u00e7\u00e3o &#8211; S.Paulo &#8211; SP<\/p>\n<p>Tel : 3237-0227<br \/>\n<span style=\"color: #ff0000;\">Descontos Especiais<\/span><\/p>\n<hr \/>\n<p><img data-recalc-dims=\"1\" loading=\"lazy\" decoding=\"async\" class=\"aligncenter  wp-image-538\" src=\"https:\/\/i0.wp.com\/automovelclube.org.br\/2017\/wp-content\/uploads\/2019\/09\/FARES1-2.jpg?resize=610%2C343\" alt=\"\" width=\"610\" height=\"343\" srcset=\"https:\/\/i0.wp.com\/automovelclube.org.br\/2017\/wp-content\/uploads\/2019\/09\/FARES1-2.jpg?w=1366&amp;ssl=1 1366w, https:\/\/i0.wp.com\/automovelclube.org.br\/2017\/wp-content\/uploads\/2019\/09\/FARES1-2.jpg?resize=300%2C169&amp;ssl=1 300w, https:\/\/i0.wp.com\/automovelclube.org.br\/2017\/wp-content\/uploads\/2019\/09\/FARES1-2.jpg?resize=768%2C432&amp;ssl=1 768w, https:\/\/i0.wp.com\/automovelclube.org.br\/2017\/wp-content\/uploads\/2019\/09\/FARES1-2.jpg?resize=1024%2C576&amp;ssl=1 1024w, https:\/\/i0.wp.com\/automovelclube.org.br\/2017\/wp-content\/uploads\/2019\/09\/FARES1-2.jpg?w=1220&amp;ssl=1 1220w\" sizes=\"auto, (max-width: 610px) 100vw, 610px\" \/><\/p>\n","protected":false},"excerpt":{"rendered":"<p>Cl\u00ednica M\u00e9dica DR. Marcondes Rua Corifeu de Azevedo Marques, 5196 Fone: 3768-1021 Desconto de 25 % Dr Miguel Franco Carmel Romano &#8211; Clinico Geral, Med do Trabalho, Med Desportiva Av. LIns de Vasaconcelos, 3282 &#8211; 10 andar cj 104 &#8211; V. Mariana &#8211; Sp Av Bosque da Sa\u00fade, 1452- Jd da Sa\u00fade &#8211; SP F: [&hellip;]<\/p>\n","protected":false},"author":1,"featured_media":0,"parent":0,"menu_order":0,"comment_status":"closed","ping_status":"closed","template":"","meta":{"nf_dc_page":"","om_disable_all_campaigns":false,"footnotes":""},"class_list":["post-171","page","type-page","status-publish","hentry"],"jetpack_sharing_enabled":true,"_links":{"self":[{"href":"https:\/\/automovelclube.org.br\/2017\/index.php\/wp-json\/wp\/v2\/pages\/171","targetHints":{"allow":["GET"]}}],"collection":[{"href":"https:\/\/automovelclube.org.br\/2017\/index.php\/wp-json\/wp\/v2\/pages"}],"about":[{"href":"https:\/\/automovelclube.org.br\/2017\/index.php\/wp-json\/wp\/v2\/types\/page"}],"author":[{"embeddable":true,"href":"https:\/\/automovelclube.org.br\/2017\/index.php\/wp-json\/wp\/v2\/users\/1"}],"replies":[{"embeddable":true,"href":"https:\/\/automovelclube.org.br\/2017\/index.php\/wp-json\/wp\/v2\/comments?post=171"}],"version-history":[{"count":5,"href":"https:\/\/automovelclube.org.br\/2017\/index.php\/wp-json\/wp\/v2\/pages\/171\/revisions"}],"predecessor-version":[{"id":539,"href":"https:\/\/automovelclube.org.br\/2017\/index.php\/wp-json\/wp\/v2\/pages\/171\/revisions\/539"}],"wp:attachment":[{"href":"https:\/\/automovelclube.org.br\/2017\/index.php\/wp-json\/wp\/v2\/media?parent=171"}],"curies":[{"name":"wp","href":"https:\/\/api.w.org\/{rel}","templated":true}]}}