{"id":164,"date":"2016-12-09T14:05:31","date_gmt":"2016-12-09T14:05:31","guid":{"rendered":"http:\/\/automovelclube.org.br\/2017\/?page_id=164"},"modified":"2020-10-26T20:32:54","modified_gmt":"2020-10-26T20:32:54","slug":"auri-med-diagnostica","status":"publish","type":"page","link":"https:\/\/automovelclube.org.br\/2017\/index.php\/auri-med-diagnostica\/","title":{"rendered":"AURI Med Diagn\u00f3stica"},"content":{"rendered":"<p><img data-recalc-dims=\"1\" loading=\"lazy\" decoding=\"async\" class=\"alignleft wp-image-165 size-full\" src=\"https:\/\/i0.wp.com\/automovelclube.org.br\/2017\/wp-content\/uploads\/2016\/12\/auri-medicina-diagnostica.jpg?resize=150%2C112\" alt=\"auri-medicina-diagnostica\" width=\"150\" height=\"112\" \/><\/p>\n<p><strong>AURI MEDICINA DIAGN\u00d3STICA<\/strong><\/p>\n<p>Exames de an\u00e1lises cl\u00ednicas , conforme tabela AMB\/92<\/p>\n<p>Unidade Santana<\/p>\n<p>F: 4517-4907 ou 4517-4900<\/p>\n<p><span style=\"color: #ff0000;\">Tomografia e Resson\u00e2ncia desconto de at\u00e9 40%<\/span><\/p>\n<p><a href=\"http:\/\/www.aurimedicina.com.br\/\">WWW.AURIMEDICINA.COM.BR<\/a><\/p>\n","protected":false},"excerpt":{"rendered":"<p>AURI MEDICINA DIAGN\u00d3STICA Exames de an\u00e1lises cl\u00ednicas , conforme tabela AMB\/92 Unidade Santana F: 4517-4907 ou 4517-4900 Tomografia e Resson\u00e2ncia desconto de at\u00e9 40% WWW.AURIMEDICINA.COM.BR<\/p>\n","protected":false},"author":1,"featured_media":0,"parent":0,"menu_order":0,"comment_status":"closed","ping_status":"closed","template":"","meta":{"nf_dc_page":"","om_disable_all_campaigns":false,"footnotes":""},"class_list":["post-164","page","type-page","status-publish","hentry"],"jetpack_sharing_enabled":true,"_links":{"self":[{"href":"https:\/\/automovelclube.org.br\/2017\/index.php\/wp-json\/wp\/v2\/pages\/164","targetHints":{"allow":["GET"]}}],"collection":[{"href":"https:\/\/automovelclube.org.br\/2017\/index.php\/wp-json\/wp\/v2\/pages"}],"about":[{"href":"https:\/\/automovelclube.org.br\/2017\/index.php\/wp-json\/wp\/v2\/types\/page"}],"author":[{"embeddable":true,"href":"https:\/\/automovelclube.org.br\/2017\/index.php\/wp-json\/wp\/v2\/users\/1"}],"replies":[{"embeddable":true,"href":"https:\/\/automovelclube.org.br\/2017\/index.php\/wp-json\/wp\/v2\/comments?post=164"}],"version-history":[{"count":5,"href":"https:\/\/automovelclube.org.br\/2017\/index.php\/wp-json\/wp\/v2\/pages\/164\/revisions"}],"predecessor-version":[{"id":585,"href":"https:\/\/automovelclube.org.br\/2017\/index.php\/wp-json\/wp\/v2\/pages\/164\/revisions\/585"}],"wp:attachment":[{"href":"https:\/\/automovelclube.org.br\/2017\/index.php\/wp-json\/wp\/v2\/media?parent=164"}],"curies":[{"name":"wp","href":"https:\/\/api.w.org\/{rel}","templated":true}]}}