{"id":158,"date":"2016-12-09T13:59:06","date_gmt":"2016-12-09T13:59:06","guid":{"rendered":"http:\/\/automovelclube.org.br\/2017\/?page_id=158"},"modified":"2017-08-07T19:20:01","modified_gmt":"2017-08-07T19:20:01","slug":"outros-2","status":"publish","type":"page","link":"https:\/\/automovelclube.org.br\/2017\/index.php\/outros-2\/","title":{"rendered":"OUTROS"},"content":{"rendered":"<p><a href=\"http:\/\/automovelclube.org.br\/2017\/index.php\/assistencia-eletronica\/\">Assist\u00eancia Eletr\u00f4nica<\/a><\/p>\n<p><a href=\"http:\/\/automovelclube.org.br\/2017\/index.php\/classificados\/\">Classificados<\/a><\/p>\n<p><a href=\"http:\/\/automovelclube.org.br\/2017\/index.php\/clube-de-beneficios\/\">Clube de Benef\u00edcios<\/a><\/p>\n<p><a href=\"http:\/\/automovelclube.org.br\/2017\/index.php\/comunicacao-visual\/\">Comunica\u00e7\u00e3o Visual<\/a><\/p>\n<p><a href=\"http:\/\/automovelclube.org.br\/2017\/index.php\/contabilidade\/\">Contabilidade<\/a><\/p>\n<p><a href=\"http:\/\/automovelclube.org.br\/2017\/index.php\/corretoras\/\">Corretoras<\/a><\/p>\n<p><a href=\"http:\/\/automovelclube.org.br\/2017\/index.php\/informatica-manutencao\/\">Inform\u00e1tica Manuten\u00e7\u00e3o<\/a><\/p>\n<p><a href=\"http:\/\/automovelclube.org.br\/2017\/index.php\/lava-rapido\/\">Lava R\u00e1pido<\/a><\/p>\n<p><a href=\"http:\/\/automovelclube.org.br\/2017\/index.php\/materiais-de-contrucao\/\">Materiais de Constru\u00e7\u00e3o<\/a><\/p>\n<p><a href=\"http:\/\/automovelclube.org.br\/2017\/index.php\/mercado-artistico\/\">Mercado Art\u00edstico<\/a><\/p>\n<p><a href=\"http:\/\/automovelclube.org.br\/2017\/index.php\/portoes-automaticos\/\">Port\u00f5es Autom\u00e1ticos<\/a><\/p>\n<p><a href=\"http:\/\/automovelclube.org.br\/2017\/index.php\/taxi\/\">Taxi<\/a><\/p>\n<p><a href=\"http:\/\/automovelclube.org.br\/2017\/index.php\/vidracaria\/\">Vidra\u00e7aria<\/a><\/p>\n<p><a href=\"http:\/\/automovelclube.org.br\/2017\/index.php\/detetizacao\/\">Detetiza\u00e7\u00e3o<\/a><\/p>\n<p>&nbsp;<\/p>\n<p>&nbsp;<\/p>\n<p>&nbsp;<\/p>\n","protected":false},"excerpt":{"rendered":"<p>Assist\u00eancia Eletr\u00f4nica Classificados Clube de Benef\u00edcios Comunica\u00e7\u00e3o Visual Contabilidade Corretoras Inform\u00e1tica Manuten\u00e7\u00e3o Lava R\u00e1pido Materiais de Constru\u00e7\u00e3o Mercado Art\u00edstico Port\u00f5es Autom\u00e1ticos Taxi Vidra\u00e7aria Detetiza\u00e7\u00e3o &nbsp; &nbsp; &nbsp;<\/p>\n","protected":false},"author":1,"featured_media":0,"parent":0,"menu_order":0,"comment_status":"closed","ping_status":"closed","template":"","meta":{"nf_dc_page":"","om_disable_all_campaigns":false,"footnotes":""},"class_list":["post-158","page","type-page","status-publish","hentry"],"jetpack_sharing_enabled":true,"_links":{"self":[{"href":"https:\/\/automovelclube.org.br\/2017\/index.php\/wp-json\/wp\/v2\/pages\/158","targetHints":{"allow":["GET"]}}],"collection":[{"href":"https:\/\/automovelclube.org.br\/2017\/index.php\/wp-json\/wp\/v2\/pages"}],"about":[{"href":"https:\/\/automovelclube.org.br\/2017\/index.php\/wp-json\/wp\/v2\/types\/page"}],"author":[{"embeddable":true,"href":"https:\/\/automovelclube.org.br\/2017\/index.php\/wp-json\/wp\/v2\/users\/1"}],"replies":[{"embeddable":true,"href":"https:\/\/automovelclube.org.br\/2017\/index.php\/wp-json\/wp\/v2\/comments?post=158"}],"version-history":[{"count":7,"href":"https:\/\/automovelclube.org.br\/2017\/index.php\/wp-json\/wp\/v2\/pages\/158\/revisions"}],"predecessor-version":[{"id":400,"href":"https:\/\/automovelclube.org.br\/2017\/index.php\/wp-json\/wp\/v2\/pages\/158\/revisions\/400"}],"wp:attachment":[{"href":"https:\/\/automovelclube.org.br\/2017\/index.php\/wp-json\/wp\/v2\/media?parent=158"}],"curies":[{"name":"wp","href":"https:\/\/api.w.org\/{rel}","templated":true}]}}