{"id":136,"date":"2016-12-09T12:48:26","date_gmt":"2016-12-09T12:48:26","guid":{"rendered":"http:\/\/automovelclube.org.br\/2017\/?page_id=136"},"modified":"2021-07-23T14:49:24","modified_gmt":"2021-07-23T14:49:24","slug":"chaveiros","status":"publish","type":"page","link":"https:\/\/automovelclube.org.br\/2017\/index.php\/chaveiros\/","title":{"rendered":"CHAVEIROS"},"content":{"rendered":"<p><strong>Chaveiro WILIIAM<\/strong><br \/>Av S\u00e3o Miguel, 9006 &#8211; Loja 1 &#8211; Penha \u00a0&#8211; S.Paulo-SP<\/p>\n<p>Fone: 2297-4214 \/ 2925-0096 \/ 7729-0096 \/ 7729-4297<\/p>\n<p><span style=\"color: #ff0000;\">Desconto de 10% &#8211; em servi\u00e7os e pe\u00e7as<\/span><\/p>\n<hr \/>\n<p><strong>Chaveiro \u00c0 JATO<\/strong><br \/>Av Amador Bueno da Veiga, 2550 &#8211; Penha &#8211; S\u00e3o Paulo- SP<\/p>\n<p>Tel: 3533-2578 \/ 9-9332-8767<\/p>\n<p><span style=\"color: #ff0000;\">Desconto de 20%<\/span><\/p>\n<hr \/>\n<p><strong>Chaveiro Brogot\u00e1 &#8211; Especialista em chaves codificadas e\u00a0<\/strong><b>resid\u00eancias<\/b><br \/>Rua S\u00e3o Leopoldo, 395 &#8211; Bel\u00e9m &#8211; S\u00e3o Paulo- SP<\/p>\n<p>Tel: 2693-3987<\/p>\n<p><span style=\"color: #ff0000;\">Desconto de 25% &#8211; para conserto de m\u00e1quinas de vidro, fechaduras e cilindros de porta<\/span><\/p>\n<hr \/>\n<p style=\"text-align: left;\"><strong>Auto Vidros e Chaveiro Leones<\/strong><br \/>Rua Cad\u00eancia, 127 &#8211; S\u00e3o mateus &#8211; S\u00e3o Paulo-SP<\/p>\n<p>Tel: 2962-5469<br \/><span style=\"color: #ff0000;\">Desconto de 10%<\/span><\/p>\n<hr \/>\n<p><img data-recalc-dims=\"1\" loading=\"lazy\" decoding=\"async\" class=\"wp-image-467 alignleft\" src=\"https:\/\/i0.wp.com\/automovelclube.org.br\/2017\/wp-content\/uploads\/2018\/10\/IMG-20181019-WA0001.jpg?resize=412%2C412\" alt=\"\" width=\"412\" height=\"412\" srcset=\"https:\/\/i0.wp.com\/automovelclube.org.br\/2017\/wp-content\/uploads\/2018\/10\/IMG-20181019-WA0001.jpg?w=640&amp;ssl=1 640w, https:\/\/i0.wp.com\/automovelclube.org.br\/2017\/wp-content\/uploads\/2018\/10\/IMG-20181019-WA0001.jpg?resize=150%2C150&amp;ssl=1 150w, https:\/\/i0.wp.com\/automovelclube.org.br\/2017\/wp-content\/uploads\/2018\/10\/IMG-20181019-WA0001.jpg?resize=300%2C300&amp;ssl=1 300w, https:\/\/i0.wp.com\/automovelclube.org.br\/2017\/wp-content\/uploads\/2018\/10\/IMG-20181019-WA0001.jpg?resize=50%2C50&amp;ssl=1 50w, https:\/\/i0.wp.com\/automovelclube.org.br\/2017\/wp-content\/uploads\/2018\/10\/IMG-20181019-WA0001.jpg?resize=80%2C80&amp;ssl=1 80w\" sizes=\"auto, (max-width: 412px) 100vw, 412px\" \/><\/p>\n<p>\u00a0<\/p>\n<p>\u00a0<\/p>\n<p>\u00a0<\/p>\n<p>\u00a0<\/p>\n<p>\u00a0<\/p>\n<p>\u00a0<\/p>\n<p>\u00a0<\/p>\n<p>\u00a0<\/p>\n<p>\u00a0<\/p>\n<p>\u00a0<\/p>\n<p>\u00a0<\/p>\n<p>\u00a0<\/p>\n<p style=\"text-align: left;\"><span style=\"color: #ff0000;\">Mais uma comodidade para Associados ACESP desconto de at\u00e9 10%<\/span><\/p>\n<hr \/>\n\n\n<p><\/p>\n","protected":false},"excerpt":{"rendered":"<p>Chaveiro WILIIAMAv S\u00e3o Miguel, 9006 &#8211; Loja 1 &#8211; Penha \u00a0&#8211; S.Paulo-SP Fone: 2297-4214 \/ 2925-0096 \/ 7729-0096 \/ 7729-4297 Desconto de 10% &#8211; em servi\u00e7os e pe\u00e7as Chaveiro \u00c0 JATOAv Amador Bueno da Veiga, 2550 &#8211; Penha &#8211; S\u00e3o Paulo- SP Tel: 3533-2578 \/ 9-9332-8767 Desconto de 20% Chaveiro Brogot\u00e1 &#8211; Especialista em chaves [&hellip;]<\/p>\n","protected":false},"author":1,"featured_media":0,"parent":0,"menu_order":0,"comment_status":"closed","ping_status":"closed","template":"","meta":{"nf_dc_page":"","om_disable_all_campaigns":false,"footnotes":""},"class_list":["post-136","page","type-page","status-publish","hentry"],"jetpack_sharing_enabled":true,"_links":{"self":[{"href":"https:\/\/automovelclube.org.br\/2017\/index.php\/wp-json\/wp\/v2\/pages\/136","targetHints":{"allow":["GET"]}}],"collection":[{"href":"https:\/\/automovelclube.org.br\/2017\/index.php\/wp-json\/wp\/v2\/pages"}],"about":[{"href":"https:\/\/automovelclube.org.br\/2017\/index.php\/wp-json\/wp\/v2\/types\/page"}],"author":[{"embeddable":true,"href":"https:\/\/automovelclube.org.br\/2017\/index.php\/wp-json\/wp\/v2\/users\/1"}],"replies":[{"embeddable":true,"href":"https:\/\/automovelclube.org.br\/2017\/index.php\/wp-json\/wp\/v2\/comments?post=136"}],"version-history":[{"count":11,"href":"https:\/\/automovelclube.org.br\/2017\/index.php\/wp-json\/wp\/v2\/pages\/136\/revisions"}],"predecessor-version":[{"id":626,"href":"https:\/\/automovelclube.org.br\/2017\/index.php\/wp-json\/wp\/v2\/pages\/136\/revisions\/626"}],"wp:attachment":[{"href":"https:\/\/automovelclube.org.br\/2017\/index.php\/wp-json\/wp\/v2\/media?parent=136"}],"curies":[{"name":"wp","href":"https:\/\/api.w.org\/{rel}","templated":true}]}}