{"id":130,"date":"2016-12-09T12:46:35","date_gmt":"2016-12-09T12:46:35","guid":{"rendered":"http:\/\/automovelclube.org.br\/2017\/?page_id=130"},"modified":"2018-10-04T13:30:21","modified_gmt":"2018-10-04T13:30:21","slug":"despachantes","status":"publish","type":"page","link":"https:\/\/automovelclube.org.br\/2017\/index.php\/despachantes\/","title":{"rendered":"DESPACHANTES"},"content":{"rendered":"<p><strong>Organiza\u00e7\u00e3o Comercial Reinaldo<\/strong><br \/>\nRua Carlos Korkshko, 151 &#8211; Vila Barros &#8211; Guarulhos-SP<\/p>\n<p>Fone: 2402-1439<\/p>\n<p><span style=\"color: #ff0000;\">Descontos Especiais<\/span><\/p>\n<hr \/>\n<p><strong>Carlos Jos\u00e9 de Souza &#8211; SDI Despachante<\/strong><br \/>\nR. Dolores Lopes Perea, 16 &#8211; Jd Maria Rosa &#8211; Tabo\u00e3o da Serra-SP<\/p>\n<p>Fone: 4786-3378<br \/>\n<span style=\"color: #ff0000;\">Desc de 10% nos honor\u00e1rios<\/span><\/p>\n<hr \/>\n<p><img data-recalc-dims=\"1\" loading=\"lazy\" decoding=\"async\" class=\"wp-image-460 alignnone\" src=\"https:\/\/i0.wp.com\/automovelclube.org.br\/2017\/wp-content\/uploads\/2018\/10\/cdiTotal.jpg?resize=367%2C192\" alt=\"\" width=\"367\" height=\"192\" srcset=\"https:\/\/i0.wp.com\/automovelclube.org.br\/2017\/wp-content\/uploads\/2018\/10\/cdiTotal.jpg?w=972&amp;ssl=1 972w, https:\/\/i0.wp.com\/automovelclube.org.br\/2017\/wp-content\/uploads\/2018\/10\/cdiTotal.jpg?resize=300%2C157&amp;ssl=1 300w, https:\/\/i0.wp.com\/automovelclube.org.br\/2017\/wp-content\/uploads\/2018\/10\/cdiTotal.jpg?resize=768%2C402&amp;ssl=1 768w\" sizes=\"auto, (max-width: 367px) 100vw, 367px\" \/><\/p>\n<p style=\"text-align: left;\"><span style=\"color: #ff0000;\">Descontos de 15% a 20 % nos honor\u00e1rios.<\/span><\/p>\n<hr \/>\n<p>&nbsp;<\/p>\n","protected":false},"excerpt":{"rendered":"<p>Organiza\u00e7\u00e3o Comercial Reinaldo Rua Carlos Korkshko, 151 &#8211; Vila Barros &#8211; Guarulhos-SP Fone: 2402-1439 Descontos Especiais Carlos Jos\u00e9 de Souza &#8211; SDI Despachante R. Dolores Lopes Perea, 16 &#8211; Jd Maria Rosa &#8211; Tabo\u00e3o da Serra-SP Fone: 4786-3378 Desc de 10% nos honor\u00e1rios Descontos de 15% a 20 % nos honor\u00e1rios. &nbsp;<\/p>\n","protected":false},"author":1,"featured_media":0,"parent":0,"menu_order":0,"comment_status":"closed","ping_status":"closed","template":"","meta":{"nf_dc_page":"","om_disable_all_campaigns":false,"footnotes":""},"class_list":["post-130","page","type-page","status-publish","hentry"],"jetpack_sharing_enabled":true,"_links":{"self":[{"href":"https:\/\/automovelclube.org.br\/2017\/index.php\/wp-json\/wp\/v2\/pages\/130","targetHints":{"allow":["GET"]}}],"collection":[{"href":"https:\/\/automovelclube.org.br\/2017\/index.php\/wp-json\/wp\/v2\/pages"}],"about":[{"href":"https:\/\/automovelclube.org.br\/2017\/index.php\/wp-json\/wp\/v2\/types\/page"}],"author":[{"embeddable":true,"href":"https:\/\/automovelclube.org.br\/2017\/index.php\/wp-json\/wp\/v2\/users\/1"}],"replies":[{"embeddable":true,"href":"https:\/\/automovelclube.org.br\/2017\/index.php\/wp-json\/wp\/v2\/comments?post=130"}],"version-history":[{"count":7,"href":"https:\/\/automovelclube.org.br\/2017\/index.php\/wp-json\/wp\/v2\/pages\/130\/revisions"}],"predecessor-version":[{"id":463,"href":"https:\/\/automovelclube.org.br\/2017\/index.php\/wp-json\/wp\/v2\/pages\/130\/revisions\/463"}],"wp:attachment":[{"href":"https:\/\/automovelclube.org.br\/2017\/index.php\/wp-json\/wp\/v2\/media?parent=130"}],"curies":[{"name":"wp","href":"https:\/\/api.w.org\/{rel}","templated":true}]}}