{"id":127,"date":"2016-12-09T12:46:09","date_gmt":"2016-12-09T12:46:09","guid":{"rendered":"http:\/\/automovelclube.org.br\/2017\/?page_id=127"},"modified":"2017-08-24T11:11:35","modified_gmt":"2017-08-24T11:11:35","slug":"lazer","status":"publish","type":"page","link":"https:\/\/automovelclube.org.br\/2017\/index.php\/lazer\/","title":{"rendered":"LAZER"},"content":{"rendered":"<p><b>Ref\u00fagio Altino &#8211; Campos do Jord\u00e3o<\/b><br \/>\nR Rodolfo A Rodrigues Alonso, 2010 &#8211; Capivari &#8211; Campos do Jord\u00e3o &#8211; SP<br \/>\n(12) 3663-1609\/ 3663-1332 \/ 3663-6552 \/ 7815-2896 ID 93*130532<\/p>\n<p><a href=\"http:\/\/www.hotelrefugioalpino.tur.br\/\">www.hotelrefugioalpino.tur.br\u00a0<\/a><\/p>\n<hr \/>\n<p><b>Pesque e Pague<\/b><br \/>\nEstrada Bragan\u00e7a &#8211; Amparo Km 8,5 &#8211; Bragan\u00e7a-SP<\/p>\n<p>Fone: 3258-0621\/ 3257-4676\/ 4033-2916<br \/>\n<span style=\"color: #ff0000;\">Desconto de 20%<\/span><\/p>\n<hr \/>\n<p><b>Clube de F\u00e9rias<\/b><br \/>\nDiversos hot\u00e9is e pousadas ao todo Brasil com descontos especiais para s\u00f3cios do ACESP, consulte o site<br \/>\n<a href=\"http:\/\/www.clubdeferias.com\/\" target=\"_blank\" rel=\"noopener\">www.clubdeferias.com<\/a><\/p>\n<hr \/>\n<p><img data-recalc-dims=\"1\" loading=\"lazy\" decoding=\"async\" class=\"alignnone wp-image-317 size-full\" src=\"https:\/\/i0.wp.com\/automovelclube.org.br\/2017\/wp-content\/uploads\/2016\/12\/terrazza-hotel-Refugio-alpino.jpg?resize=502%2C87\" width=\"502\" height=\"87\" srcset=\"https:\/\/i0.wp.com\/automovelclube.org.br\/2017\/wp-content\/uploads\/2016\/12\/terrazza-hotel-Refugio-alpino.jpg?w=502&amp;ssl=1 502w, https:\/\/i0.wp.com\/automovelclube.org.br\/2017\/wp-content\/uploads\/2016\/12\/terrazza-hotel-Refugio-alpino.jpg?resize=300%2C52&amp;ssl=1 300w\" sizes=\"auto, (max-width: 502px) 100vw, 502px\" \/><\/p>\n<p><strong>Hotel Ref\u00fagio Alpino e Hotel Terrazza<\/strong><\/p>\n<p>R. Rodolfo Augusto Rodrigues Alonso, 2010 &#8211; J Alpestre &#8211; Refugio Alpino<\/p>\n<p>Av. Sen. Roberto Simonsen, 1665 &#8211; Capivari, Campos do Jord\u00e3o &#8211; SP &#8211; Hotel Terrazza<\/p>\n<p>(12) 99790-3880<\/p>\n<p>www.hotelrefugioalpino.com.br<\/p>\n<p>www.terrazza.com.br<\/p>\n<p><span style=\"color: #ff0000;\">De Abril a Agosto 10% de desconto em nossas tarifas<\/span><\/p>\n<p><span style=\"color: #ff0000;\">De Setembro a Mar\u00e7o 20% de desconto\u00a0<\/span><\/p>\n<hr \/>\n<p><img data-recalc-dims=\"1\" loading=\"lazy\" decoding=\"async\" class=\"wp-image-339  alignnone\" src=\"https:\/\/i0.wp.com\/automovelclube.org.br\/2017\/wp-content\/uploads\/2016\/12\/alc_0001.jpg?resize=268%2C402\" width=\"268\" height=\"402\" srcset=\"https:\/\/i0.wp.com\/automovelclube.org.br\/2017\/wp-content\/uploads\/2016\/12\/alc_0001.jpg?w=584&amp;ssl=1 584w, https:\/\/i0.wp.com\/automovelclube.org.br\/2017\/wp-content\/uploads\/2016\/12\/alc_0001.jpg?resize=200%2C300&amp;ssl=1 200w\" sizes=\"auto, (max-width: 268px) 100vw, 268px\" \/><\/p>\n<p style=\"text-align: left;\"><span style=\"color: #ff0000;\">Desconto 05% associados ACESP c\/ carteirinha.<\/span><\/p>\n<hr \/>\n<p>MAURO TOLEDO PRODU\u00c7\u00d5ES<\/p>\n<p>Rua Major Basilio, 441 &#8211; Conj. 32 &#8211; Mooca &#8211; S\u00e3o Paulo<\/p>\n<p>Fone: (11) 2925-2111 ou (11) 97402-7255<\/p>\n<p><span style=\"color: #ff0000;\">Descontos especiais para Associados ACESP c\/ carteirinha<\/span><\/p>\n<p><img data-recalc-dims=\"1\" loading=\"lazy\" decoding=\"async\" class=\"wp-image-411 alignleft\" src=\"https:\/\/i0.wp.com\/automovelclube.org.br\/2017\/wp-content\/uploads\/2016\/12\/mtp1.jpg?resize=499%2C374\" alt=\"\" width=\"499\" height=\"374\" srcset=\"https:\/\/i0.wp.com\/automovelclube.org.br\/2017\/wp-content\/uploads\/2016\/12\/mtp1.jpg?w=960&amp;ssl=1 960w, https:\/\/i0.wp.com\/automovelclube.org.br\/2017\/wp-content\/uploads\/2016\/12\/mtp1.jpg?resize=300%2C225&amp;ssl=1 300w, https:\/\/i0.wp.com\/automovelclube.org.br\/2017\/wp-content\/uploads\/2016\/12\/mtp1.jpg?resize=768%2C576&amp;ssl=1 768w\" sizes=\"auto, (max-width: 499px) 100vw, 499px\" \/><\/p>\n<p>&nbsp;<\/p>\n<p>&nbsp;<\/p>\n<p>&nbsp;<\/p>\n<p>&nbsp;<\/p>\n<p>&nbsp;<\/p>\n<p>&nbsp;<\/p>\n<p>&nbsp;<\/p>\n<p>&nbsp;<\/p>\n<p>&nbsp;<\/p>\n<hr \/>\n<p>&nbsp;<\/p>\n","protected":false},"excerpt":{"rendered":"<p>Ref\u00fagio Altino &#8211; Campos do Jord\u00e3o R Rodolfo A Rodrigues Alonso, 2010 &#8211; Capivari &#8211; Campos do Jord\u00e3o &#8211; SP (12) 3663-1609\/ 3663-1332 \/ 3663-6552 \/ 7815-2896 ID 93*130532 www.hotelrefugioalpino.tur.br\u00a0 Pesque e Pague Estrada Bragan\u00e7a &#8211; Amparo Km 8,5 &#8211; Bragan\u00e7a-SP Fone: 3258-0621\/ 3257-4676\/ 4033-2916 Desconto de 20% Clube de F\u00e9rias Diversos hot\u00e9is e pousadas [&hellip;]<\/p>\n","protected":false},"author":1,"featured_media":0,"parent":0,"menu_order":0,"comment_status":"closed","ping_status":"closed","template":"","meta":{"nf_dc_page":"","om_disable_all_campaigns":false,"footnotes":""},"class_list":["post-127","page","type-page","status-publish","hentry"],"jetpack_sharing_enabled":true,"_links":{"self":[{"href":"https:\/\/automovelclube.org.br\/2017\/index.php\/wp-json\/wp\/v2\/pages\/127","targetHints":{"allow":["GET"]}}],"collection":[{"href":"https:\/\/automovelclube.org.br\/2017\/index.php\/wp-json\/wp\/v2\/pages"}],"about":[{"href":"https:\/\/automovelclube.org.br\/2017\/index.php\/wp-json\/wp\/v2\/types\/page"}],"author":[{"embeddable":true,"href":"https:\/\/automovelclube.org.br\/2017\/index.php\/wp-json\/wp\/v2\/users\/1"}],"replies":[{"embeddable":true,"href":"https:\/\/automovelclube.org.br\/2017\/index.php\/wp-json\/wp\/v2\/comments?post=127"}],"version-history":[{"count":8,"href":"https:\/\/automovelclube.org.br\/2017\/index.php\/wp-json\/wp\/v2\/pages\/127\/revisions"}],"predecessor-version":[{"id":412,"href":"https:\/\/automovelclube.org.br\/2017\/index.php\/wp-json\/wp\/v2\/pages\/127\/revisions\/412"}],"wp:attachment":[{"href":"https:\/\/automovelclube.org.br\/2017\/index.php\/wp-json\/wp\/v2\/media?parent=127"}],"curies":[{"name":"wp","href":"https:\/\/api.w.org\/{rel}","templated":true}]}}