{"id":121,"date":"2016-12-09T12:45:27","date_gmt":"2016-12-09T12:45:27","guid":{"rendered":"http:\/\/automovelclube.org.br\/2017\/?page_id=121"},"modified":"2017-08-24T11:28:31","modified_gmt":"2017-08-24T11:28:31","slug":"postos-de-gasolina","status":"publish","type":"page","link":"https:\/\/automovelclube.org.br\/2017\/index.php\/postos-de-gasolina\/","title":{"rendered":"POSTOS DE GASOLINA"},"content":{"rendered":"<p><strong>Posto BR<\/strong><br \/>\nMarginal Pinheiros &#8211; Esq. c\/ a Ponte Eus\u00e9bio Matoso ( sentido Interlagos )<br \/>\n<span style=\"color: #ff0000;\">Troca de \u00f3leo e lavagem &#8211; Cheque pr\u00e9 60 dias<\/span><\/p>\n<hr \/>\n<p>&nbsp;<\/p>\n","protected":false},"excerpt":{"rendered":"<p>Posto BR Marginal Pinheiros &#8211; Esq. c\/ a Ponte Eus\u00e9bio Matoso ( sentido Interlagos ) Troca de \u00f3leo e lavagem &#8211; Cheque pr\u00e9 60 dias &nbsp;<\/p>\n","protected":false},"author":1,"featured_media":0,"parent":0,"menu_order":0,"comment_status":"closed","ping_status":"closed","template":"","meta":{"nf_dc_page":"","om_disable_all_campaigns":false,"footnotes":""},"class_list":["post-121","page","type-page","status-publish","hentry"],"jetpack_sharing_enabled":true,"_links":{"self":[{"href":"https:\/\/automovelclube.org.br\/2017\/index.php\/wp-json\/wp\/v2\/pages\/121","targetHints":{"allow":["GET"]}}],"collection":[{"href":"https:\/\/automovelclube.org.br\/2017\/index.php\/wp-json\/wp\/v2\/pages"}],"about":[{"href":"https:\/\/automovelclube.org.br\/2017\/index.php\/wp-json\/wp\/v2\/types\/page"}],"author":[{"embeddable":true,"href":"https:\/\/automovelclube.org.br\/2017\/index.php\/wp-json\/wp\/v2\/users\/1"}],"replies":[{"embeddable":true,"href":"https:\/\/automovelclube.org.br\/2017\/index.php\/wp-json\/wp\/v2\/comments?post=121"}],"version-history":[{"count":4,"href":"https:\/\/automovelclube.org.br\/2017\/index.php\/wp-json\/wp\/v2\/pages\/121\/revisions"}],"predecessor-version":[{"id":413,"href":"https:\/\/automovelclube.org.br\/2017\/index.php\/wp-json\/wp\/v2\/pages\/121\/revisions\/413"}],"wp:attachment":[{"href":"https:\/\/automovelclube.org.br\/2017\/index.php\/wp-json\/wp\/v2\/media?parent=121"}],"curies":[{"name":"wp","href":"https:\/\/api.w.org\/{rel}","templated":true}]}}