{"id":118,"date":"2016-12-09T12:44:42","date_gmt":"2016-12-09T12:44:42","guid":{"rendered":"http:\/\/automovelclube.org.br\/2017\/?page_id=118"},"modified":"2017-02-14T12:32:48","modified_gmt":"2017-02-14T12:32:48","slug":"saude","status":"publish","type":"page","link":"https:\/\/automovelclube.org.br\/2017\/index.php\/saude\/","title":{"rendered":"Sa\u00fade"},"content":{"rendered":"<p><a href=\"http:\/\/automovelclube.org.br\/2017\/index.php\/auri-med-diagnostica\/\">AURI Med Diagn\u00f3stica<\/a><\/p>\n<p><a href=\"http:\/\/automovelclube.org.br\/2017\/index.php\/clinicas\/\">Cl\u00ednicas<\/a><\/p>\n<p><a href=\"http:\/\/automovelclube.org.br\/2017\/index.php\/corretores-de-seguro\/\">Corretora de Seguros<\/a><\/p>\n<p><a href=\"http:\/\/automovelclube.org.br\/2017\/index.php\/dimedi\/\">DIMEDI<\/a><\/p>\n<p><a href=\"http:\/\/automovelclube.org.br\/2017\/index.php\/drogarias\/\">Drogarias<\/a><\/p>\n<p><a href=\"http:\/\/automovelclube.org.br\/2017\/index.php\/odontologia\/\">Odontologia<\/a><\/p>\n<p><a href=\"http:\/\/automovelclube.org.br\/2017\/index.php\/oticas\/\">\u00d3ticas<\/a><\/p>\n","protected":false},"excerpt":{"rendered":"<p>AURI Med Diagn\u00f3stica Cl\u00ednicas Corretora de Seguros DIMEDI Drogarias Odontologia \u00d3ticas<\/p>\n","protected":false},"author":1,"featured_media":0,"parent":0,"menu_order":0,"comment_status":"closed","ping_status":"closed","template":"","meta":{"nf_dc_page":"","om_disable_all_campaigns":false,"footnotes":""},"class_list":["post-118","page","type-page","status-publish","hentry"],"jetpack_sharing_enabled":true,"_links":{"self":[{"href":"https:\/\/automovelclube.org.br\/2017\/index.php\/wp-json\/wp\/v2\/pages\/118","targetHints":{"allow":["GET"]}}],"collection":[{"href":"https:\/\/automovelclube.org.br\/2017\/index.php\/wp-json\/wp\/v2\/pages"}],"about":[{"href":"https:\/\/automovelclube.org.br\/2017\/index.php\/wp-json\/wp\/v2\/types\/page"}],"author":[{"embeddable":true,"href":"https:\/\/automovelclube.org.br\/2017\/index.php\/wp-json\/wp\/v2\/users\/1"}],"replies":[{"embeddable":true,"href":"https:\/\/automovelclube.org.br\/2017\/index.php\/wp-json\/wp\/v2\/comments?post=118"}],"version-history":[{"count":10,"href":"https:\/\/automovelclube.org.br\/2017\/index.php\/wp-json\/wp\/v2\/pages\/118\/revisions"}],"predecessor-version":[{"id":162,"href":"https:\/\/automovelclube.org.br\/2017\/index.php\/wp-json\/wp\/v2\/pages\/118\/revisions\/162"}],"wp:attachment":[{"href":"https:\/\/automovelclube.org.br\/2017\/index.php\/wp-json\/wp\/v2\/media?parent=118"}],"curies":[{"name":"wp","href":"https:\/\/api.w.org\/{rel}","templated":true}]}}