{"id":115,"date":"2016-12-09T12:44:14","date_gmt":"2016-12-09T12:44:14","guid":{"rendered":"http:\/\/automovelclube.org.br\/2017\/?page_id=115"},"modified":"2018-11-09T10:47:26","modified_gmt":"2018-11-09T10:47:26","slug":"servicos-automotivos","status":"publish","type":"page","link":"https:\/\/automovelclube.org.br\/2017\/index.php\/servicos-automotivos\/","title":{"rendered":"Servi\u00e7os Automotivos"},"content":{"rendered":"<p><a href=\"http:\/\/automovelclube.org.br\/2017\/index.php\/ar-condicionado\/\">Ar condicionado<\/a><\/p>\n<p><a href=\"http:\/\/automovelclube.org.br\/2017\/index.php\/auto-center-2\/\">Auto Center<\/a><\/p>\n<p><a href=\"http:\/\/automovelclube.org.br\/2017\/index.php\/auto-eletrico\/\">Auto El\u00e9trico<\/a><\/p>\n<p><a href=\"http:\/\/automovelclube.org.br\/2017\/index.php\/auto-pecas\/\">Auto pe\u00e7as<\/a><\/p>\n<p><a href=\"http:\/\/automovelclube.org.br\/2017\/index.php\/auto-vidros\/\">Auto Vidros<\/a><\/p>\n<p><a href=\"http:\/\/automovelclube.org.br\/2017\/index.php\/funilarias\/\">Funilarias<\/a><\/p>\n<p><a href=\"http:\/\/automovelclube.org.br\/2017\/index.php\/locacao\/\">Loca\u00e7\u00e3o<\/a><\/p>\n<p><a href=\"http:\/\/automovelclube.org.br\/2017\/index.php\/229-2\/\">Mec\u00e2nicas<\/a><\/p>\n<p><a href=\"http:\/\/automovelclube.org.br\/2017\/index.php\/pneus-e-rodas\/\">Pneus e Rodas<\/a><\/p>\n<p><a href=\"http:\/\/automovelclube.org.br\/2017\/index.php\/radiadores\/\">Radiadores<\/a><\/p>\n<p><a href=\"http:\/\/automovelclube.org.br\/2017\/index.php\/rastreadores\/\">Rastreadores<\/a><\/p>\n<p><a href=\"http:\/\/automovelclube.org.br\/2017\/index.php\/retificas\/\">Ret\u00edficas<\/a><\/p>\n<p><a href=\"http:\/\/automovelclube.org.br\/2017\/index.php\/som-e-acessorios\/\">Som e Acess\u00f3rios<\/a><\/p>\n<p><a href=\"http:\/\/automovelclube.org.br\/2017\/index.php\/troca-de-oleo\/\">Troca de \u00d3leo<\/a><\/p>\n<p><a href=\"http:\/\/automovelclube.org.br\/2017\/index.php\/vistorias-automotivas\/\">Vistorias Automotivas<\/a><\/p>\n<p>&nbsp;<\/p>\n","protected":false},"excerpt":{"rendered":"<p>Ar condicionado Auto Center Auto El\u00e9trico Auto pe\u00e7as Auto Vidros Funilarias Loca\u00e7\u00e3o Mec\u00e2nicas Pneus e Rodas Radiadores Rastreadores Ret\u00edficas Som e Acess\u00f3rios Troca de \u00d3leo Vistorias Automotivas &nbsp;<\/p>\n","protected":false},"author":1,"featured_media":0,"parent":0,"menu_order":0,"comment_status":"closed","ping_status":"closed","template":"","meta":{"nf_dc_page":"","om_disable_all_campaigns":false,"footnotes":""},"class_list":["post-115","page","type-page","status-publish","hentry"],"jetpack_sharing_enabled":true,"_links":{"self":[{"href":"https:\/\/automovelclube.org.br\/2017\/index.php\/wp-json\/wp\/v2\/pages\/115","targetHints":{"allow":["GET"]}}],"collection":[{"href":"https:\/\/automovelclube.org.br\/2017\/index.php\/wp-json\/wp\/v2\/pages"}],"about":[{"href":"https:\/\/automovelclube.org.br\/2017\/index.php\/wp-json\/wp\/v2\/types\/page"}],"author":[{"embeddable":true,"href":"https:\/\/automovelclube.org.br\/2017\/index.php\/wp-json\/wp\/v2\/users\/1"}],"replies":[{"embeddable":true,"href":"https:\/\/automovelclube.org.br\/2017\/index.php\/wp-json\/wp\/v2\/comments?post=115"}],"version-history":[{"count":8,"href":"https:\/\/automovelclube.org.br\/2017\/index.php\/wp-json\/wp\/v2\/pages\/115\/revisions"}],"predecessor-version":[{"id":477,"href":"https:\/\/automovelclube.org.br\/2017\/index.php\/wp-json\/wp\/v2\/pages\/115\/revisions\/477"}],"wp:attachment":[{"href":"https:\/\/automovelclube.org.br\/2017\/index.php\/wp-json\/wp\/v2\/media?parent=115"}],"curies":[{"name":"wp","href":"https:\/\/api.w.org\/{rel}","templated":true}]}}